{"id":1109,"date":"2023-09-12T15:38:53","date_gmt":"2023-09-12T15:38:53","guid":{"rendered":"https:\/\/wineandart-experience.com\/?page_id=1109"},"modified":"2023-10-22T15:29:48","modified_gmt":"2023-10-22T13:29:48","slug":"terminos-y-condiciones","status":"publish","type":"page","link":"https:\/\/wineandart-experience.com\/en\/terminos-y-condiciones\/","title":{"rendered":"Privacy policy"},"content":{"rendered":"<div data-elementor-type=\"wp-page\" data-elementor-id=\"1109\" class=\"elementor elementor-1109\">\n\t\t\t\t<div class=\"elementor-element elementor-element-ec5ce71 e-con-full e-flex e-con e-parent\" data-id=\"ec5ce71\" data-element_type=\"container\" data-e-type=\"container\">\n\t\t<div class=\"elementor-element elementor-element-3dcecda e-flex e-con-boxed e-con e-child\" data-id=\"3dcecda\" data-element_type=\"container\" data-e-type=\"container\">\n\t\t\t\t\t<div class=\"e-con-inner\">\n\t\t\t\t<div class=\"elementor-element elementor-element-0f73fa5 elementor-widget elementor-widget-heading\" data-id=\"0f73fa5\" data-element_type=\"widget\" data-e-type=\"widget\" data-widget_type=\"heading.default\">\n\t\t\t\t<div class=\"elementor-widget-container\">\n\t\t\t\t\t<h2 class=\"elementor-heading-title elementor-size-default\">Privacy policy<\/h2>\t\t\t\t<\/div>\n\t\t\t\t<\/div>\n\t\t\t\t<div class=\"elementor-element elementor-element-38e68ea elementor-widget elementor-widget-text-editor\" data-id=\"38e68ea\" data-element_type=\"widget\" data-e-type=\"widget\" data-widget_type=\"text-editor.default\">\n\t\t\t\t<div class=\"elementor-widget-container\">\n\t\t\t\t\t\t\t\t\t<p class=\"title\">1 \u2013 WHAT DO WE DO WITH YOUR INFORMATION?<\/p><p class=\"generic-p\">Cuando realizas una compra en Wine and Art Experience (https:\/\/wineandart-experience.com\/, en adelante, \u00abWine and Art Experience\u00bb), como parte del proceso de compra venta, recolectamos la informaci\u00f3n personal que nos das, tales como nombre, tel\u00e9fono, direcci\u00f3n y correo electr\u00f3nico. En el caso de que debamos notificaros lo haremos por los medios antes mencionados.<\/p><p class=\"generic-p\">Cuando utilizas \u00abWine and Art Experience\u00bb, tambi\u00e9n recibimos de manera autom\u00e1tica la direcci\u00f3n de protocolo de internet de tu ordenador (IP) con el fin de de obtener informaci\u00f3n que nos informe de su navegador y sistema operativo.<\/p><p class=\"generic-p\">Marketing por correo electr\u00f3nico o Email marketing (en el caso que aplique): Con vuestro permiso, podremos enviarte correos electr\u00f3nicos acerca de \u00abWine and Art Experience\u00bb, nuevas clases de pintura y otras actualizaciones de nuestras 1experiencias art\u00edsticas. Estad atentos a vuestros correos.<\/p><p class=\"title\">2 \u2013 CONSENT<\/p><p class=\"generic-p\"><strong>How do you get my consent?<\/strong><\/p><p class=\"generic-p\">Cuando nos provees tu informaci\u00f3n personal para realizar una transacci\u00f3n, verificar tu tarjeta de cr\u00e9dito, crear una compra, solicitar un env\u00edo o hacer una devoluci\u00f3n, implicamos que aceptas la recolecci\u00f3n y uso por esa raz\u00f3n espec\u00edfica solamente.<\/p><p class=\"generic-p\">Si le solicitamos tu informaci\u00f3n personal por una raz\u00f3n secundaria, como marketing, te pediremos directamente tu expreso consentimiento, o te daremos la oportunidad de negarte.<\/p><p><strong>How can I cancel my consent<\/strong><\/p><p class=\"generic-p\">Si luego de haber aceptado\u00a0 nuestro aviso legal y t\u00e9rminos y condiciones, y cambias de opini\u00f3n, puedes anular tu consentimiento para que te contactemos, por la recolecci\u00f3n, uso o divulgaci\u00f3n de tu informaci\u00f3n, en cualquier momento, contact\u00e1ndonos al siguiente email: wineandartexperience@gmail.com<\/p><p class=\"title\">3 \u2013 DISCLOSURE<\/p><p class=\"generic-p\">We may disclose your personal information if we are required to do so by law or if you violate our Terms of Service.<\/p><p class=\"title\">4 \u2013 Wine and Art<\/p><p class=\"generic-p\">Tus datos se almacenanar\u00e1n a trav\u00e9s del almacenamiento de datos de Wine and Art, bases de datos y la aplicaci\u00f3n general de Wine and Art. Tus datos se almacenan en un servidor seguro detr\u00e1s de un firewall.<\/p><p class=\"title\">Pagos conta tarjeta bancaria (Payment)<\/p><p class=\"generic-p\">Al realizar el pago para reservar tus clases de pintura,\u00a0 Wine and Art almacena datos de tu tarjeta de cr\u00e9dito que est\u00e1n cifrados a trav\u00e9s de la Seguridad Standard de Datos de la Industria de Tarjetas de Pago (PCI-DSS). Tus datos de transacci\u00f3n de compra se almacenan s\u00f3lo en la medida en que sea necesario para completar la transacci\u00f3n de compra. Despu\u00e9s de que se haya completado, se borra la informaci\u00f3n de su transacci\u00f3n de compra.<\/p><p class=\"generic-p\">All direct payment gateways adhere to the standards set by PCI-DSS as indicated by the Council of PCI Security Standards, which is a joint effort of brands like Visa, MasterCard, American Express and Discover.<\/p><p class=\"generic-p\">The requirements of PCI-DSS help ensure the secure handling of credit card information from the stores and their service providers.<\/p><p class=\"generic-p\">For more insight, you may also wish to read the Terms of service of Wine and Art here or privacy Statement here.<\/p><p class=\"title\">THIRD PARTY SERVICES<\/p><p class=\"generic-p\">Los proveedores de terceras partes utilizados por Wine and Art, solo recopilar\u00e1n, usar\u00e1n y divulgar\u00e1n tu informaci\u00f3n en la medida que sea necesaria para que les permita desempe\u00f1ar los servicios que nos proveen.<\/p><p class=\"generic-p\">However, certain third-party service providers, such as payment gateways and other payment transaction processors, have their own privacy policies in respect to the information we are required to provide to the transactions related to purchases.<\/p><p class=\"generic-p\">Para estos proveedores, os recomendamos que le\u00e1is las pol\u00edticas de privacidad para que pod\u00e1is entender la manera en que vuestra informaci\u00f3n personal ser\u00e1 manejada.<\/p><p class=\"generic-p\">En particular, recuerda que algunos proveedores pueden estar ubicados o contar con instalaciones que se encuentran en una jurisdicci\u00f3n diferente a ti o nosotros. Asi que si deseas proceder con una transacci\u00f3n que involucra los servicios de un proveedor a terceros, tu informaci\u00f3n puede estar sujeta a las leyes de la jurisdicci\u00f3n (jurisdicciones) en que se encuentra el proveedor de servicios o sus instalaciones.<\/p><p class=\"generic-p\">By way of example, if you are located in Canada and your transaction is processed by a payment gateway based in the united States, then your personal information used to complete that transaction may be subject to disclosure under the laws of the united States, including the Patriot Act.<\/p><p class=\"generic-p\">Once you leave the website of our shop or you rediriges to a site, or third-party application, you may no longer be regulated by this Privacy Policy or the Terms of Service of our website.<\/p><p class=\"generic-p\"><strong>Links<\/strong><\/p><p class=\"generic-p\">When you click on links on our store, you may be directed away from our site. We are not responsible for the privacy practices of other sites and we recommend that you read their privacy policies.<\/p><p class=\"title\">6 \u2013 SECURITY<\/p><p class=\"generic-p\">To protect your personal information, we take reasonable precautions and follow industry best practices to make sure that there is no loss in an inappropriate manner, misuse, access, disclosure, alteration, or destruction of the same.<\/p><p class=\"generic-p\">If you provide us with the information of your credit card information, the information is encrypted using Secure Socket Layer technology (SSL) and stored with a AES-256 encryption. Although no method of transmission over the Internet or electronic storage is 100% secure, we follow all the requirements of PCI-DSS and implement additional standards accepted by the industry.<\/p><p class=\"title\">7 \u2013 AGE OF CONSENT<\/p><p class=\"generic-p\">By using this site, you represent that you are at least the age of majority in your state or province of residence, or that you are the age of majority in your state or province of residence and you have given us your consent to allow any of your minor dependents to use this site.<\/p><p class=\"title\">CHANGES TO THIS PRIVACY POLICY<\/p><p class=\"generic-p\">We reserve the right to modify this privacy policy at any time, so please review it frequently. Changes and clarifications will take effect immediately upon their posting on the website. If we make material changes to this policy, we will notify you here that it has been updated, so that you are aware of what information we collect, how and under what circumstances, if any, we use and\/or disclose it.<\/p><p class=\"generic-p\">If our store is acquired or merged with another company, your information may be transferred to the new owners so that we may continue will eventually sell out products.<\/p><p class=\"title\">QUESTIONS AND CONTACT INFORMATION<\/p><p class=\"generic-p\">Si quieres: acceder, corregir, enmendar o borrar cualquier informaci\u00f3n personal que poseamos sobre ti, registrar una queja, o simplemente quieres m\u00e1s informaci\u00f3n contacta a nuestro Oficial de Cumplimiento de Privacidad winandartexperience@gmail.com.<\/p><p class=\"generic-p\">Calle de <span style=\"font-weight: 400;\">Pau Claris 168, 08037, Barcelona<\/span>, Espa\u00f1a<\/p>\t\t\t\t\t\t\t\t<\/div>\n\t\t\t\t<\/div>\n\t\t\t\t\t<\/div>\n\t\t\t\t<\/div>\n\t\t\t\t<\/div>\n\t\t\t\t<\/div>","protected":false},"excerpt":{"rendered":"<p>Pol\u00edtica de Privacidad 1 \u2013 \u00bfQU\u00c9 HACEMOS CON TU INFORMACI\u00d3N? Cuando realizas una compra en Wine and Art Experience (https:\/\/wineandart-experience.com\/, en adelante, \u00abWine and Art Experience\u00bb), como parte del proceso de compra venta, recolectamos la informaci\u00f3n personal que nos das, tales como nombre, tel\u00e9fono, direcci\u00f3n y correo electr\u00f3nico. En el caso de que debamos notificaros [&hellip;]<\/p>\n","protected":false},"author":1,"featured_media":0,"parent":0,"menu_order":0,"comment_status":"closed","ping_status":"closed","template":"","meta":{"_acf_changed":false,"footnotes":""},"class_list":["post-1109","page","type-page","status-publish","hentry"],"acf":[],"yoast_head":"<!-- This site is optimized with the Yoast SEO plugin v27.2 - https:\/\/yoast.com\/product\/yoast-seo-wordpress\/ -->\n<title>Pol\u00edtica de Privacidad - Taller de pintura fl\u00faor \u00a1Ven a pintar sin\u00a0experiencia!<\/title>\n<meta name=\"robots\" content=\"noindex, nofollow\" \/>\n<meta property=\"og:locale\" content=\"en_GB\" \/>\n<meta property=\"og:type\" content=\"article\" \/>\n<meta property=\"og:title\" content=\"Pol\u00edtica de Privacidad - Taller de pintura fl\u00faor \u00a1Ven a pintar sin\u00a0experiencia!\" \/>\n<meta property=\"og:description\" content=\"Pol\u00edtica de Privacidad 1 \u2013 \u00bfQU\u00c9 HACEMOS CON TU INFORMACI\u00d3N? Cuando realizas una compra en Wine and Art Experience (https:\/\/wineandart-experience.com\/, en adelante, \u00abWine and Art Experience\u00bb), como parte del proceso de compra venta, recolectamos la informaci\u00f3n personal que nos das, tales como nombre, tel\u00e9fono, direcci\u00f3n y correo electr\u00f3nico. En el caso de que debamos notificaros [&hellip;]\" \/>\n<meta property=\"og:url\" content=\"https:\/\/wineandart-experience.com\/en\/terminos-y-condiciones\/\" \/>\n<meta property=\"og:site_name\" content=\"Taller de pintura fl\u00faor \u00a1Ven a pintar sin\u00a0experiencia!\" \/>\n<meta property=\"article:modified_time\" content=\"2023-10-22T13:29:48+00:00\" \/>\n<meta name=\"twitter:card\" content=\"summary_large_image\" \/>\n<meta name=\"twitter:label1\" content=\"Estimated reading time\" \/>\n\t<meta name=\"twitter:data1\" content=\"5 minutes\" \/>\n<script type=\"application\/ld+json\" class=\"yoast-schema-graph\">{\"@context\":\"https:\/\/schema.org\",\"@graph\":[{\"@type\":\"WebPage\",\"@id\":\"https:\/\/wineandart-experience.com\/terminos-y-condiciones\/\",\"url\":\"https:\/\/wineandart-experience.com\/terminos-y-condiciones\/\",\"name\":\"Pol\u00edtica de Privacidad - Taller de pintura fl\u00faor \u00a1Ven a pintar sin\u00a0experiencia!\",\"isPartOf\":{\"@id\":\"https:\/\/wineandart-experience.com\/#website\"},\"datePublished\":\"2023-09-12T15:38:53+00:00\",\"dateModified\":\"2023-10-22T13:29:48+00:00\",\"breadcrumb\":{\"@id\":\"https:\/\/wineandart-experience.com\/terminos-y-condiciones\/#breadcrumb\"},\"inLanguage\":\"en-GB\",\"potentialAction\":[{\"@type\":\"ReadAction\",\"target\":[\"https:\/\/wineandart-experience.com\/terminos-y-condiciones\/\"]}]},{\"@type\":\"BreadcrumbList\",\"@id\":\"https:\/\/wineandart-experience.com\/terminos-y-condiciones\/#breadcrumb\",\"itemListElement\":[{\"@type\":\"ListItem\",\"position\":1,\"name\":\"Portada\",\"item\":\"https:\/\/wineandart-experience.com\/\"},{\"@type\":\"ListItem\",\"position\":2,\"name\":\"Pol\u00edtica de Privacidad\"}]},{\"@type\":\"WebSite\",\"@id\":\"https:\/\/wineandart-experience.com\/#website\",\"url\":\"https:\/\/wineandart-experience.com\/\",\"name\":\"Taller de pintura fl\u00faor \u00a1Ven a pintar sin\u00a0experiencia!\",\"description\":\"Taller de pintura fl\u00faor Barcelona\",\"publisher\":{\"@id\":\"https:\/\/wineandart-experience.com\/#organization\"},\"potentialAction\":[{\"@type\":\"SearchAction\",\"target\":{\"@type\":\"EntryPoint\",\"urlTemplate\":\"https:\/\/wineandart-experience.com\/?s={search_term_string}\"},\"query-input\":{\"@type\":\"PropertyValueSpecification\",\"valueRequired\":true,\"valueName\":\"search_term_string\"}}],\"inLanguage\":\"en-GB\"},{\"@type\":\"Organization\",\"@id\":\"https:\/\/wineandart-experience.com\/#organization\",\"name\":\"Taller de pintura fl\u00faor \u00a1Ven a pintar sin\u00a0experiencia!\",\"url\":\"https:\/\/wineandart-experience.com\/\",\"logo\":{\"@type\":\"ImageObject\",\"inLanguage\":\"en-GB\",\"@id\":\"https:\/\/wineandart-experience.com\/#\/schema\/logo\/image\/\",\"url\":\"https:\/\/wineandart-experience.com\/wp-content\/uploads\/2023\/07\/cropped-WhatsApp-Image-2023-07-28-at-2.34.26-PM.jpeg\",\"contentUrl\":\"https:\/\/wineandart-experience.com\/wp-content\/uploads\/2023\/07\/cropped-WhatsApp-Image-2023-07-28-at-2.34.26-PM.jpeg\",\"width\":499,\"height\":495,\"caption\":\"Taller de pintura fl\u00faor \u00a1Ven a pintar sin\u00a0experiencia!\"},\"image\":{\"@id\":\"https:\/\/wineandart-experience.com\/#\/schema\/logo\/image\/\"}}]}<\/script>\n<!-- \/ Yoast SEO plugin. -->","yoast_head_json":{"title":"Pol\u00edtica de Privacidad - Taller de pintura fl\u00faor \u00a1Ven a pintar sin\u00a0experiencia!","robots":{"index":"noindex","follow":"nofollow"},"og_locale":"en_GB","og_type":"article","og_title":"Pol\u00edtica de Privacidad - Taller de pintura fl\u00faor \u00a1Ven a pintar sin\u00a0experiencia!","og_description":"Pol\u00edtica de Privacidad 1 \u2013 \u00bfQU\u00c9 HACEMOS CON TU INFORMACI\u00d3N? Cuando realizas una compra en Wine and Art Experience (https:\/\/wineandart-experience.com\/, en adelante, \u00abWine and Art Experience\u00bb), como parte del proceso de compra venta, recolectamos la informaci\u00f3n personal que nos das, tales como nombre, tel\u00e9fono, direcci\u00f3n y correo electr\u00f3nico. En el caso de que debamos notificaros [&hellip;]","og_url":"https:\/\/wineandart-experience.com\/en\/terminos-y-condiciones\/","og_site_name":"Taller de pintura fl\u00faor \u00a1Ven a pintar sin\u00a0experiencia!","article_modified_time":"2023-10-22T13:29:48+00:00","twitter_card":"summary_large_image","twitter_misc":{"Estimated reading time":"5 minutes"},"schema":{"@context":"https:\/\/schema.org","@graph":[{"@type":"WebPage","@id":"https:\/\/wineandart-experience.com\/terminos-y-condiciones\/","url":"https:\/\/wineandart-experience.com\/terminos-y-condiciones\/","name":"Pol\u00edtica de Privacidad - Taller de pintura fl\u00faor \u00a1Ven a pintar sin\u00a0experiencia!","isPartOf":{"@id":"https:\/\/wineandart-experience.com\/#website"},"datePublished":"2023-09-12T15:38:53+00:00","dateModified":"2023-10-22T13:29:48+00:00","breadcrumb":{"@id":"https:\/\/wineandart-experience.com\/terminos-y-condiciones\/#breadcrumb"},"inLanguage":"en-GB","potentialAction":[{"@type":"ReadAction","target":["https:\/\/wineandart-experience.com\/terminos-y-condiciones\/"]}]},{"@type":"BreadcrumbList","@id":"https:\/\/wineandart-experience.com\/terminos-y-condiciones\/#breadcrumb","itemListElement":[{"@type":"ListItem","position":1,"name":"Portada","item":"https:\/\/wineandart-experience.com\/"},{"@type":"ListItem","position":2,"name":"Pol\u00edtica de Privacidad"}]},{"@type":"WebSite","@id":"https:\/\/wineandart-experience.com\/#website","url":"https:\/\/wineandart-experience.com\/","name":"Taller de pintura fl\u00faor \u00a1Ven a pintar sin\u00a0experiencia!","description":"Taller de pintura fl\u00faor Barcelona","publisher":{"@id":"https:\/\/wineandart-experience.com\/#organization"},"potentialAction":[{"@type":"SearchAction","target":{"@type":"EntryPoint","urlTemplate":"https:\/\/wineandart-experience.com\/?s={search_term_string}"},"query-input":{"@type":"PropertyValueSpecification","valueRequired":true,"valueName":"search_term_string"}}],"inLanguage":"en-GB"},{"@type":"Organization","@id":"https:\/\/wineandart-experience.com\/#organization","name":"Taller de pintura fl\u00faor \u00a1Ven a pintar sin\u00a0experiencia!","url":"https:\/\/wineandart-experience.com\/","logo":{"@type":"ImageObject","inLanguage":"en-GB","@id":"https:\/\/wineandart-experience.com\/#\/schema\/logo\/image\/","url":"https:\/\/wineandart-experience.com\/wp-content\/uploads\/2023\/07\/cropped-WhatsApp-Image-2023-07-28-at-2.34.26-PM.jpeg","contentUrl":"https:\/\/wineandart-experience.com\/wp-content\/uploads\/2023\/07\/cropped-WhatsApp-Image-2023-07-28-at-2.34.26-PM.jpeg","width":499,"height":495,"caption":"Taller de pintura fl\u00faor \u00a1Ven a pintar sin\u00a0experiencia!"},"image":{"@id":"https:\/\/wineandart-experience.com\/#\/schema\/logo\/image\/"}}]}},"_links":{"self":[{"href":"https:\/\/wineandart-experience.com\/en\/wp-json\/wp\/v2\/pages\/1109","targetHints":{"allow":["GET"]}}],"collection":[{"href":"https:\/\/wineandart-experience.com\/en\/wp-json\/wp\/v2\/pages"}],"about":[{"href":"https:\/\/wineandart-experience.com\/en\/wp-json\/wp\/v2\/types\/page"}],"author":[{"embeddable":true,"href":"https:\/\/wineandart-experience.com\/en\/wp-json\/wp\/v2\/users\/1"}],"replies":[{"embeddable":true,"href":"https:\/\/wineandart-experience.com\/en\/wp-json\/wp\/v2\/comments?post=1109"}],"version-history":[{"count":0,"href":"https:\/\/wineandart-experience.com\/en\/wp-json\/wp\/v2\/pages\/1109\/revisions"}],"wp:attachment":[{"href":"https:\/\/wineandart-experience.com\/en\/wp-json\/wp\/v2\/media?parent=1109"}],"curies":[{"name":"wp","href":"https:\/\/api.w.org\/{rel}","templated":true}]}}