{"id":1277,"date":"2023-09-15T05:32:23","date_gmt":"2023-09-15T03:32:23","guid":{"rendered":"https:\/\/wineandart-experience.com\/?page_id=1277"},"modified":"2025-04-03T18:11:08","modified_gmt":"2025-04-03T16:11:08","slug":"reserva-recibido","status":"publish","type":"page","link":"https:\/\/wineandart-experience.com\/en\/reserva-recibido\/","title":{"rendered":"Booking received"},"content":{"rendered":"<div data-elementor-type=\"wp-page\" data-elementor-id=\"1277\" class=\"elementor elementor-1277\">\n\t\t\t\t\t\t<section class=\"elementor-section elementor-top-section elementor-element elementor-element-5ef1b083 elementor-section-height-min-height elementor-section-boxed elementor-section-height-default elementor-section-items-middle\" data-id=\"5ef1b083\" data-element_type=\"section\" data-e-type=\"section\" data-settings=\"{&quot;background_background&quot;:&quot;classic&quot;}\">\n\t\t\t\t\t\t\t<div class=\"elementor-background-overlay\"><\/div>\n\t\t\t\t\t\t\t<div class=\"elementor-container elementor-column-gap-default\">\n\t\t\t\t\t<div class=\"elementor-column elementor-col-100 elementor-top-column elementor-element elementor-element-2fa8cf00\" data-id=\"2fa8cf00\" data-element_type=\"column\" data-e-type=\"column\">\n\t\t\t<div class=\"elementor-widget-wrap elementor-element-populated\">\n\t\t\t\t\t\t<div class=\"elementor-element elementor-element-35f3a444 elementor-widget elementor-widget-woocommerce-breadcrumb\" data-id=\"35f3a444\" data-element_type=\"widget\" data-e-type=\"widget\" data-widget_type=\"woocommerce-breadcrumb.default\">\n\t\t\t\t<div class=\"elementor-widget-container\">\n\t\t\t\t\t<nav class=\"woocommerce-breadcrumb\" aria-label=\"Breadcrumb\"><span data-no-translation=\"\" data-trp-gettext=\"\">Home<\/span><\/nav>\t\t\t\t<\/div>\n\t\t\t\t<\/div>\n\t\t\t\t<div class=\"elementor-element elementor-element-5b3ec8c7 elementor-widget elementor-widget-theme-post-title elementor-page-title elementor-widget-heading\" data-id=\"5b3ec8c7\" data-element_type=\"widget\" data-e-type=\"widget\" data-widget_type=\"theme-post-title.default\">\n\t\t\t\t<div class=\"elementor-widget-container\">\n\t\t\t\t\t<h1 class=\"elementor-heading-title elementor-size-default\">Booking received<\/h1>\t\t\t\t<\/div>\n\t\t\t\t<\/div>\n\t\t\t\t\t<\/div>\n\t\t<\/div>\n\t\t\t\t\t<\/div>\n\t\t<\/section>\n\t\t<div class=\"elementor-element elementor-element-f1002bc e-flex e-con-boxed e-con e-parent\" data-id=\"f1002bc\" data-element_type=\"container\" data-e-type=\"container\">\n\t\t\t\t\t<div class=\"e-con-inner\">\n\t\t\t\t<div class=\"elementor-element elementor-element-b774733 elementor-widget elementor-widget-heading\" data-id=\"b774733\" data-element_type=\"widget\" data-e-type=\"widget\" data-widget_type=\"heading.default\">\n\t\t\t\t<div class=\"elementor-widget-container\">\n\t\t\t\t\t<p class=\"elementor-heading-title elementor-size-default\"><b>Thank you for completing your Reservation!  \n<\/b><\/p>\t\t\t\t<\/div>\n\t\t\t\t<\/div>\n\t\t\t\t<div class=\"elementor-element elementor-element-3a4c4cb elementor-widget elementor-widget-heading\" data-id=\"3a4c4cb\" data-element_type=\"widget\" data-e-type=\"widget\" data-widget_type=\"heading.default\">\n\t\t\t\t<div class=\"elementor-widget-container\">\n\t\t\t\t\t<h4 class=\"elementor-heading-title elementor-size-default\">RESERVA COMPLETADA<\/h4>\t\t\t\t<\/div>\n\t\t\t\t<\/div>\n\t\t\t\t<div class=\"elementor-element elementor-element-55e5342 elementor-widget elementor-widget-text-editor\" data-id=\"55e5342\" data-element_type=\"widget\" data-e-type=\"widget\" data-widget_type=\"text-editor.default\">\n\t\t\t\t<div class=\"elementor-widget-container\">\n\t\t\t\t\t\t\t\t\t<p>Importante: Tienes que ense\u00f1ar el Email de la Reserva para realizar la actividad (Revisa el Spam o el Correo No Deseado).<\/p>\t\t\t\t\t\t\t\t<\/div>\n\t\t\t\t<\/div>\n\t\t\t\t<div class=\"elementor-element elementor-element-c082b22 elementor-widget elementor-widget-heading\" data-id=\"c082b22\" data-element_type=\"widget\" data-e-type=\"widget\" data-widget_type=\"heading.default\">\n\t\t\t\t<div class=\"elementor-widget-container\">\n\t\t\t\t\t<h4 class=\"elementor-heading-title elementor-size-default\">TARJETA REGALO<\/h4>\t\t\t\t<\/div>\n\t\t\t\t<\/div>\n\t\t\t\t<div class=\"elementor-element elementor-element-279964b elementor-widget elementor-widget-text-editor\" data-id=\"279964b\" data-element_type=\"widget\" data-e-type=\"widget\" data-widget_type=\"text-editor.default\">\n\t\t\t\t<div class=\"elementor-widget-container\">\n\t\t\t\t\t\t\t\t\t<p>Importante: El destinatario recibir\u00e1 en el Correo la tarjeta regalo (Revisar el Spam o el Correo No Deseado). Con el C\u00f3digo podr\u00e1 canjear el valor de la tarjeta regalo.<\/p>\t\t\t\t\t\t\t\t<\/div>\n\t\t\t\t<\/div>\n\t\t\t\t\t<\/div>\n\t\t\t\t<\/div>\n\t\t<div class=\"elementor-element elementor-element-f34d10f e-flex e-con-boxed e-con e-parent\" data-id=\"f34d10f\" data-element_type=\"container\" data-e-type=\"container\">\n\t\t\t\t\t<div class=\"e-con-inner\">\n\t\t\t\t<div class=\"elementor-element elementor-element-f16ff4e elementor-align-center elementor-widget elementor-widget-button\" data-id=\"f16ff4e\" data-element_type=\"widget\" data-e-type=\"widget\" data-widget_type=\"button.default\">\n\t\t\t\t<div class=\"elementor-widget-container\">\n\t\t\t\t\t\t\t\t\t<div class=\"elementor-button-wrapper\">\n\t\t\t\t\t<a class=\"elementor-button elementor-button-link elementor-size-sm elementor-animation-float\" href=\"https:\/\/wineandart-experience.com\/en\/product-category\/barcelona\/\">\n\t\t\t\t\t\t<span class=\"elementor-button-content-wrapper\">\n\t\t\t\t\t\t\t\t\t<span class=\"elementor-button-text\">BOOK ANOTHER EXPERIENCE<\/span>\n\t\t\t\t\t<\/span>\n\t\t\t\t\t<\/a>\n\t\t\t\t<\/div>\n\t\t\t\t\t\t\t\t<\/div>\n\t\t\t\t<\/div>\n\t\t\t\t\t<\/div>\n\t\t\t\t<\/div>\n\t\t<div class=\"elementor-element elementor-element-a9aeef6 e-flex e-con-boxed e-con e-parent\" data-id=\"a9aeef6\" data-element_type=\"container\" data-e-type=\"container\">\n\t\t\t\t\t<div class=\"e-con-inner\">\n\t\t\t\t\t<\/div>\n\t\t\t\t<\/div>\n\t\t\t\t<\/div>","protected":false},"excerpt":{"rendered":"<p>\u00a1Gracias por haber completado tu Reserva! RESERVA COMPLETADA Importante: Tienes que ense\u00f1ar el Email de la Reserva para realizar la actividad (Revisa el Spam o el Correo No Deseado). TARJETA REGALO Importante: El destinatario recibir\u00e1 en el Correo la tarjeta regalo (Revisar el Spam o el Correo No Deseado). Con el C\u00f3digo podr\u00e1 canjear el [&hellip;]<\/p>\n","protected":false},"author":1,"featured_media":0,"parent":0,"menu_order":0,"comment_status":"closed","ping_status":"closed","template":"elementor_header_footer","meta":{"_acf_changed":false,"footnotes":""},"class_list":["post-1277","page","type-page","status-publish","hentry"],"acf":[],"yoast_head":"<!-- This site is optimized with the Yoast SEO plugin v27.2 - https:\/\/yoast.com\/product\/yoast-seo-wordpress\/ -->\n<title>Reserva recibido - Taller de pintura fl\u00faor \u00a1Ven a pintar sin\u00a0experiencia!<\/title>\n<meta name=\"robots\" content=\"noindex, nofollow\" \/>\n<meta property=\"og:locale\" content=\"en_GB\" \/>\n<meta property=\"og:type\" content=\"article\" \/>\n<meta property=\"og:title\" content=\"Reserva recibido - Taller de pintura fl\u00faor \u00a1Ven a pintar sin\u00a0experiencia!\" \/>\n<meta property=\"og:description\" content=\"\u00a1Gracias por haber completado tu Reserva! RESERVA COMPLETADA Importante: Tienes que ense\u00f1ar el Email de la Reserva para realizar la actividad (Revisa el Spam o el Correo No Deseado). TARJETA REGALO Importante: El destinatario recibir\u00e1 en el Correo la tarjeta regalo (Revisar el Spam o el Correo No Deseado). Con el C\u00f3digo podr\u00e1 canjear el [&hellip;]\" \/>\n<meta property=\"og:url\" content=\"https:\/\/wineandart-experience.com\/en\/reserva-recibido\/\" \/>\n<meta property=\"og:site_name\" content=\"Taller de pintura fl\u00faor \u00a1Ven a pintar sin\u00a0experiencia!\" \/>\n<meta property=\"article:modified_time\" content=\"2025-04-03T16:11:08+00:00\" \/>\n<meta name=\"twitter:card\" content=\"summary_large_image\" \/>\n<meta name=\"twitter:label1\" content=\"Estimated reading time\" \/>\n\t<meta name=\"twitter:data1\" content=\"1 minute\" \/>\n<script type=\"application\/ld+json\" class=\"yoast-schema-graph\">{\"@context\":\"https:\/\/schema.org\",\"@graph\":[{\"@type\":\"WebPage\",\"@id\":\"https:\/\/wineandart-experience.com\/reserva-recibido\/\",\"url\":\"https:\/\/wineandart-experience.com\/reserva-recibido\/\",\"name\":\"Reserva recibido - Taller de pintura fl\u00faor \u00a1Ven a pintar sin\u00a0experiencia!\",\"isPartOf\":{\"@id\":\"https:\/\/wineandart-experience.com\/#website\"},\"datePublished\":\"2023-09-15T03:32:23+00:00\",\"dateModified\":\"2025-04-03T16:11:08+00:00\",\"breadcrumb\":{\"@id\":\"https:\/\/wineandart-experience.com\/reserva-recibido\/#breadcrumb\"},\"inLanguage\":\"en-GB\",\"potentialAction\":[{\"@type\":\"ReadAction\",\"target\":[\"https:\/\/wineandart-experience.com\/reserva-recibido\/\"]}]},{\"@type\":\"BreadcrumbList\",\"@id\":\"https:\/\/wineandart-experience.com\/reserva-recibido\/#breadcrumb\",\"itemListElement\":[{\"@type\":\"ListItem\",\"position\":1,\"name\":\"Portada\",\"item\":\"https:\/\/wineandart-experience.com\/\"},{\"@type\":\"ListItem\",\"position\":2,\"name\":\"Reserva recibido\"}]},{\"@type\":\"WebSite\",\"@id\":\"https:\/\/wineandart-experience.com\/#website\",\"url\":\"https:\/\/wineandart-experience.com\/\",\"name\":\"Taller de pintura fl\u00faor \u00a1Ven a pintar sin\u00a0experiencia!\",\"description\":\"Taller de pintura fl\u00faor Barcelona\",\"publisher\":{\"@id\":\"https:\/\/wineandart-experience.com\/#organization\"},\"potentialAction\":[{\"@type\":\"SearchAction\",\"target\":{\"@type\":\"EntryPoint\",\"urlTemplate\":\"https:\/\/wineandart-experience.com\/?s={search_term_string}\"},\"query-input\":{\"@type\":\"PropertyValueSpecification\",\"valueRequired\":true,\"valueName\":\"search_term_string\"}}],\"inLanguage\":\"en-GB\"},{\"@type\":\"Organization\",\"@id\":\"https:\/\/wineandart-experience.com\/#organization\",\"name\":\"Taller de pintura fl\u00faor \u00a1Ven a pintar sin\u00a0experiencia!\",\"url\":\"https:\/\/wineandart-experience.com\/\",\"logo\":{\"@type\":\"ImageObject\",\"inLanguage\":\"en-GB\",\"@id\":\"https:\/\/wineandart-experience.com\/#\/schema\/logo\/image\/\",\"url\":\"https:\/\/wineandart-experience.com\/wp-content\/uploads\/2023\/07\/cropped-WhatsApp-Image-2023-07-28-at-2.34.26-PM.jpeg\",\"contentUrl\":\"https:\/\/wineandart-experience.com\/wp-content\/uploads\/2023\/07\/cropped-WhatsApp-Image-2023-07-28-at-2.34.26-PM.jpeg\",\"width\":499,\"height\":495,\"caption\":\"Taller de pintura fl\u00faor \u00a1Ven a pintar sin\u00a0experiencia!\"},\"image\":{\"@id\":\"https:\/\/wineandart-experience.com\/#\/schema\/logo\/image\/\"}}]}<\/script>\n<!-- \/ Yoast SEO plugin. -->","yoast_head_json":{"title":"Reserva recibido - Taller de pintura fl\u00faor \u00a1Ven a pintar sin\u00a0experiencia!","robots":{"index":"noindex","follow":"nofollow"},"og_locale":"en_GB","og_type":"article","og_title":"Reserva recibido - Taller de pintura fl\u00faor \u00a1Ven a pintar sin\u00a0experiencia!","og_description":"\u00a1Gracias por haber completado tu Reserva! RESERVA COMPLETADA Importante: Tienes que ense\u00f1ar el Email de la Reserva para realizar la actividad (Revisa el Spam o el Correo No Deseado). TARJETA REGALO Importante: El destinatario recibir\u00e1 en el Correo la tarjeta regalo (Revisar el Spam o el Correo No Deseado). Con el C\u00f3digo podr\u00e1 canjear el [&hellip;]","og_url":"https:\/\/wineandart-experience.com\/en\/reserva-recibido\/","og_site_name":"Taller de pintura fl\u00faor \u00a1Ven a pintar sin\u00a0experiencia!","article_modified_time":"2025-04-03T16:11:08+00:00","twitter_card":"summary_large_image","twitter_misc":{"Estimated reading time":"1 minute"},"schema":{"@context":"https:\/\/schema.org","@graph":[{"@type":"WebPage","@id":"https:\/\/wineandart-experience.com\/reserva-recibido\/","url":"https:\/\/wineandart-experience.com\/reserva-recibido\/","name":"Reserva recibido - Taller de pintura fl\u00faor \u00a1Ven a pintar sin\u00a0experiencia!","isPartOf":{"@id":"https:\/\/wineandart-experience.com\/#website"},"datePublished":"2023-09-15T03:32:23+00:00","dateModified":"2025-04-03T16:11:08+00:00","breadcrumb":{"@id":"https:\/\/wineandart-experience.com\/reserva-recibido\/#breadcrumb"},"inLanguage":"en-GB","potentialAction":[{"@type":"ReadAction","target":["https:\/\/wineandart-experience.com\/reserva-recibido\/"]}]},{"@type":"BreadcrumbList","@id":"https:\/\/wineandart-experience.com\/reserva-recibido\/#breadcrumb","itemListElement":[{"@type":"ListItem","position":1,"name":"Portada","item":"https:\/\/wineandart-experience.com\/"},{"@type":"ListItem","position":2,"name":"Reserva recibido"}]},{"@type":"WebSite","@id":"https:\/\/wineandart-experience.com\/#website","url":"https:\/\/wineandart-experience.com\/","name":"Taller de pintura fl\u00faor \u00a1Ven a pintar sin\u00a0experiencia!","description":"Taller de pintura fl\u00faor Barcelona","publisher":{"@id":"https:\/\/wineandart-experience.com\/#organization"},"potentialAction":[{"@type":"SearchAction","target":{"@type":"EntryPoint","urlTemplate":"https:\/\/wineandart-experience.com\/?s={search_term_string}"},"query-input":{"@type":"PropertyValueSpecification","valueRequired":true,"valueName":"search_term_string"}}],"inLanguage":"en-GB"},{"@type":"Organization","@id":"https:\/\/wineandart-experience.com\/#organization","name":"Taller de pintura fl\u00faor \u00a1Ven a pintar sin\u00a0experiencia!","url":"https:\/\/wineandart-experience.com\/","logo":{"@type":"ImageObject","inLanguage":"en-GB","@id":"https:\/\/wineandart-experience.com\/#\/schema\/logo\/image\/","url":"https:\/\/wineandart-experience.com\/wp-content\/uploads\/2023\/07\/cropped-WhatsApp-Image-2023-07-28-at-2.34.26-PM.jpeg","contentUrl":"https:\/\/wineandart-experience.com\/wp-content\/uploads\/2023\/07\/cropped-WhatsApp-Image-2023-07-28-at-2.34.26-PM.jpeg","width":499,"height":495,"caption":"Taller de pintura fl\u00faor \u00a1Ven a pintar sin\u00a0experiencia!"},"image":{"@id":"https:\/\/wineandart-experience.com\/#\/schema\/logo\/image\/"}}]}},"_links":{"self":[{"href":"https:\/\/wineandart-experience.com\/en\/wp-json\/wp\/v2\/pages\/1277","targetHints":{"allow":["GET"]}}],"collection":[{"href":"https:\/\/wineandart-experience.com\/en\/wp-json\/wp\/v2\/pages"}],"about":[{"href":"https:\/\/wineandart-experience.com\/en\/wp-json\/wp\/v2\/types\/page"}],"author":[{"embeddable":true,"href":"https:\/\/wineandart-experience.com\/en\/wp-json\/wp\/v2\/users\/1"}],"replies":[{"embeddable":true,"href":"https:\/\/wineandart-experience.com\/en\/wp-json\/wp\/v2\/comments?post=1277"}],"version-history":[{"count":0,"href":"https:\/\/wineandart-experience.com\/en\/wp-json\/wp\/v2\/pages\/1277\/revisions"}],"wp:attachment":[{"href":"https:\/\/wineandart-experience.com\/en\/wp-json\/wp\/v2\/media?parent=1277"}],"curies":[{"name":"wp","href":"https:\/\/api.w.org\/{rel}","templated":true}]}}