{"id":1846,"date":"2023-09-26T19:23:29","date_gmt":"2023-09-26T17:23:29","guid":{"rendered":"https:\/\/wineandart-experience.com\/?page_id=1846"},"modified":"2025-12-27T14:23:16","modified_gmt":"2025-12-27T12:23:16","slug":"aviso-legal","status":"publish","type":"page","link":"https:\/\/wineandart-experience.com\/en\/aviso-legal\/","title":{"rendered":"Legal notice"},"content":{"rendered":"<div data-elementor-type=\"wp-page\" data-elementor-id=\"1846\" class=\"elementor elementor-1846\">\n\t\t\t\t\t\t<section class=\"elementor-section elementor-top-section elementor-element elementor-element-57ea9597 elementor-section-height-min-height elementor-section-boxed elementor-section-height-default elementor-section-items-middle\" data-id=\"57ea9597\" data-element_type=\"section\" data-e-type=\"section\" data-settings=\"{&quot;background_background&quot;:&quot;classic&quot;}\">\n\t\t\t\t\t\t\t<div class=\"elementor-background-overlay\"><\/div>\n\t\t\t\t\t\t\t<div class=\"elementor-container elementor-column-gap-default\">\n\t\t\t\t\t<div class=\"elementor-column elementor-col-100 elementor-top-column elementor-element elementor-element-7510d3ad\" data-id=\"7510d3ad\" data-element_type=\"column\" data-e-type=\"column\">\n\t\t\t<div class=\"elementor-widget-wrap elementor-element-populated\">\n\t\t\t\t\t\t<div class=\"elementor-element elementor-element-1746436b elementor-widget elementor-widget-woocommerce-breadcrumb\" data-id=\"1746436b\" data-element_type=\"widget\" data-e-type=\"widget\" data-widget_type=\"woocommerce-breadcrumb.default\">\n\t\t\t\t<div class=\"elementor-widget-container\">\n\t\t\t\t\t<nav class=\"woocommerce-breadcrumb\" aria-label=\"Breadcrumb\"><span data-no-translation=\"\" data-trp-gettext=\"\">Home<\/span><\/nav>\t\t\t\t<\/div>\n\t\t\t\t<\/div>\n\t\t\t\t<div class=\"elementor-element elementor-element-3a0c9541 elementor-widget elementor-widget-theme-post-title elementor-page-title elementor-widget-heading\" data-id=\"3a0c9541\" data-element_type=\"widget\" data-e-type=\"widget\" data-widget_type=\"theme-post-title.default\">\n\t\t\t\t<div class=\"elementor-widget-container\">\n\t\t\t\t\t<h1 class=\"elementor-heading-title elementor-size-default\">Legal notice<\/h1>\t\t\t\t<\/div>\n\t\t\t\t<\/div>\n\t\t\t\t\t<\/div>\n\t\t<\/div>\n\t\t\t\t\t<\/div>\n\t\t<\/section>\n\t\t<div class=\"elementor-element elementor-element-1b9da9c e-con-full e-flex e-con e-parent\" data-id=\"1b9da9c\" data-element_type=\"container\" data-e-type=\"container\">\n\t\t\t\t<div class=\"elementor-element elementor-element-de68e04 elementor-widget elementor-widget-text-editor\" data-id=\"de68e04\" data-element_type=\"widget\" data-e-type=\"widget\" data-widget_type=\"text-editor.default\">\n\t\t\t\t<div class=\"elementor-widget-container\">\n\t\t\t\t\t\t\t\t\t<p class=\"title\">1. IDENTIFYING DATA:<\/p>\n<p class=\"generic-p\">En cumplimiento del deber de informaci\u00f3n legal recogido en art\u00edculo 10 de la Ley 34\/2002, de 11 de julio, de Servicios de la Sociedad de la Informaci\u00f3n y del Comercio Electr\u00f3nico, ponemos en su conocimiento que la empresa titular de wineandartexpereince.com (el \u201cSite\u201d) es Francisco Maqueira, con domicilio social en Calle Pau Claris 168, 08037, Barcelona (el \u201cTitular del Site\u201d).<\/p>\n<p class=\"title\">2. USERS:<\/p>\n<p class=\"generic-p\">El acceso y\/o el uso de la p\u00e1gina web o tienda online: \u00abwineandartexperience.com\u00bb,&nbsp;le atribuye a Ud. la condici\u00f3n de USUARIO, y comporta su plena aceptaci\u00f3n, desde el momento de su primer acceso y\/o uso, las Condiciones Generales de Uso del Site que aqu\u00ed le detallamos. Estas Condiciones Generales de Uso del Site se aplican a la navegaci\u00f3n que Ud. realice en el Site. Si, adem\u00e1s, Ud. realiza alg\u00fan acto de suscripci\u00f3n o contrataci\u00f3n on line de los bienes y servicios ofertados en el Site, tales actos y contratos se regir\u00e1n por las Condiciones de Contrataci\u00f3n que le indicaremos en cada caso.<\/p>\n<p class=\"title\">3. USE OF SITE:<\/p>\n<p class=\"generic-p\">The Site provides you, the User, access to a multitude of information, services, tools, programs or data (\u201cContent\u201d). The Content, are the property of the Owner of the Site or licensors, and suppliers.<\/p>\n<p class=\"generic-p\">The User access to the Site under his personal responsibility, undertaking, in particular, to respect the Content, to comply with the instructions in his case prompted the Owner of the Site and, at all times, and in particular during the registration process, to facilitate truthful and lawful information. If, as part of the registration process, you are provided with a password, the User will be responsible to keep it private and use it by itself, without communicating it to, or permit its use by, third parties.<\/p>\n<p class=\"title\">4. USER<\/p>\n<p class=\"generic-p\">Se compromete a hacer un uso adecuado del Site, as\u00ed como de los contenidos y servicios que se ofrecen en \u00e9l y, en particular, de los servicios de chat, foros de discusi\u00f3n o grupos de noticias. En particular, el Usuario se obliga a no emplear ni el Site ni los&nbsp;servicios&nbsp;antes expresados para (i) incurrir en actividades il\u00edcitas, ilegales o contrarias a la buena fe y al orden p\u00fablico; (ii) difundir contenidos o propaganda de car\u00e1cter racista, xen\u00f3fobo, pornogr\u00e1fico-ilegal, de apolog\u00eda del terrorismo o atentatorio contra los derechos humanos; (iii) provocar da\u00f1os en los sistemas f\u00edsicos y l\u00f3gicos del Titular del Site o de terceros, o introducir, propagar o difundir en la red virus inform\u00e1ticos o cualesquiera otros sistemas f\u00edsicos o l\u00f3gicos que sean susceptibles de provocar los da\u00f1os anteriormente mencionados; (iv) intentar acceder y, en su caso, utilizar las cuentas de usuario, correo electr\u00f3nico, o perfiles en redes sociales, de otros usuarios o terceros, y\/o modificar o manipular sus mensajes.<\/p>\n<p class=\"generic-p\">El Titular del Site se reserva el derecho de retirar, sin previo aviso, todos aquellos contenidos generados por el Usuario -en particular, comentarios y aportaciones en chats, foros de discusi\u00f3n o grupos de noticias- que, a criterio del Titular del Site, puedan considerarse vulneradores del respeto a la dignidad de la persona, discriminatorios, xen\u00f3fobos, racistas, pornogr\u00e1ficos, que atenten contra la juventud o la infancia, el orden o la seguridad p\u00fablica o que, a su juicio, no resultaran adecuados para su publicaci\u00f3n. En cualquier caso, el Titular del Site no ser\u00e1 responsable de las opiniones vertidas por los usuarios a trav\u00e9s de los foros, chats, u otras herramientas de participaci\u00f3n.<\/p>\n<p class=\"title\">5. DATA PROTECTION:<\/p>\n<p class=\"generic-p\">The Owner of the Site complies with european and national legislation in force in each moment, and sailing to ensure a correct use and treatment of personal data of the User. Therefore, always seek the User&#039;s consent to treat personal data, it will be pre-and in detail informed of the data that is going to be the object of processing, legal basis and purposes, the identity and contact details of the responsible, time during which the data is to be treated or criteria which depend on the duration of the treatment, rights that assist the User owner of the data, and a way of building them, as well as the other matters required in each case by the applicable Law, forwarding always to the Policy of Privacy and Protection of Personal Data of the Holder of the Site. The consent to the processing of the data will always be made by check boxes are not checked by default (opt-in).<\/p>\n<p class=\"generic-p\">In addition, in compliance with what is ordered in the Law 34\/2002, of 11 July, on Services of the Information Society and Electronic Commerce, you are prompted in the same way, the consent of the User for any electronic submission of commercial information or advertising.<\/p>\n<p class=\"title\">6. INTELLECTUAL AND INDUSTRIAL PROPERTY:<\/p>\n<p class=\"generic-p\">The Owner of the Site, either by itself or as licensee or an assignee, is the holder of all the rights of industrial and intellectual property on the Contents and any other items included in the Site (including but not limited to, images, sound, audio, video, software or texts; trademarks or logos, combinations of colors, structure and design, selection of used materials, computer programs necessary for its operation, access and use, etc).<\/p>\n<p class=\"generic-p\">All the rights on the Contents and any other items included in the Site are expressly reserved in favour of the Holder of the Site and their respective licensors or licensees.<\/p>\n<p class=\"generic-p\">The content generated by the Users are the property of each one of these. The inclusion of any link on the Site, your stay in and removing it, are the exclusive prerogatives of the Owner of the Site. For the simple fact you post on the Site the content generated by the User, it does not acquire any rights to such content is published, maintained, or removed from the Site.<\/p>\n<p class=\"generic-p\">The User grants the Owner of the Site, by the mere fact of publication of User-generated content, a royalty-free, non-exclusive, freely transferable to third parties that will happen in the ownership of the Site, and territorial world, to publish and maintain or withdraw the Website once or several times, as he pleases to the Owner of the Site, the content generated by the User, as in scope or not, such content, the degree of originality required to be protected by the current legislation in the field of Intellectual Property, both in spain and internationally.<\/p>\n<p class=\"generic-p\">The use of the Site does not confer any right to the User subjective, faculty, right potestativo, expectation or legal position on the Site, the Content or any other elements included in that, other than the mere and simple to navigate through it.<\/p>\n<p class=\"generic-p\">Under the provisions of articles 8 and 32.1, second paragraph, of the Law on Intellectual Property are expressly prohibited the reproduction, distribution and public communication, including making available, of all or part of the Contents of the Site, for commercial purposes, in any support and by any technical means, without the prior, express and written consent of the Owner of the Site.<\/p>\n<p class=\"generic-p\">The User undertakes to respect the rights of Intellectual and Industrial Property of the Owner of the Site and the other holders of such rights in the Content of the Site. The Holder will be able to visualize the elements of the Website and even print, copy and store them on the hard drive of your computer or in any other physical support provided that it is solely and exclusively for your personal and private use.<\/p>\n<p class=\"generic-p\">The User must refrain from deleting, altering, evading or manipulating any protection device, security system or electronic measurement for the management of rights, existing in the Site.<\/p>\n<p class=\"title\">7. EXCLUSION OF GUARANTEES AND RESPONSIBILITY:<\/p>\n<p class=\"generic-p\">The Owner of the Site is not responsible, in any case, for damages of any nature that may result from browsing the Site and, in particular, and without prejudice to any other errors or omissions in the Contents, lack of availability of the Site, or the transmission virus or malicious or harmful programs in the contents, despite having adopted the necessary technological measures to avoid it.<\/p>\n<p class=\"title\">8. MODIFICATIONS:<\/p>\n<p class=\"generic-p\">The Owner of the Site reserves the right to make unannounced changes it deems appropriate in its Website, may change, delete or add both the Contents and services provided through the same as the way in which these appear presented or located on the Site, or, even, leaving himself a completely empty of any content.<\/p>\n<p class=\"title\">9. USE OF COOKIES:<\/p>\n<p class=\"generic-p\">The Owner of the Site uses cookies to personalize and facilitate navigation on the Site., and improve the User experience of the same. The cookies are only associated with a User, their computer and\/or browser used by the User to access the Site.<\/p>\n<p class=\"generic-p\">In any case, the cookies used on the Site to identify the User. The User can configure their browser to notify and reject the installation of cookies and you are advised to do so.<\/p>\n<p class=\"generic-p\">El detalle de las cookies utilizadas en el Site se contiene en la&nbsp;Pol\u00edtica de Cookies&nbsp;del Titular del Site.<\/p>\n<p class=\"title\">10. LINKS:<\/p>\n<p class=\"generic-p\">In the case that the Site there are links or hyperlinks to other Internet sites, the User is informed that the Ttitular the Site has no control over such sites and content, except for those that are in the ownership of the Holder of the Site.<\/p>\n<p class=\"generic-p\">In any case, the Holder of the Site assume responsibility for the availability of, or accessibility to, the contents of any link belonging to another website, nor guarantee the technical availability, quality, reliability, accuracy, amplitude, veracity, validity and constitutionality of any material or information contained in any such hyperlinks or other Internet sites.<\/p>\n<p class=\"generic-p\">Similarly, the inclusion of these external connections will not imply any type of association, merger or participation with the connected entities.<\/p>\n<p class=\"title\">11. RIGHT OF EXCLUSION:<\/p>\n<p class=\"generic-p\">The Owner of the Site reserves the right to deny or withdraw access to the Site and\/or services offered without prior notice, at its own request or of a third party, to those users who breach these General Conditions of Use.<\/p>\n<p class=\"title\">12. OVERVIEW:<\/p>\n<p class=\"generic-p\">The Holder of the Site will pursue the breach of these conditions and any misuse of its Website, exercising all civil and criminal actions that may correspond to it in law.<\/p>\n<p class=\"title\">13. MODIFICATION OF THE PRESENT CONDITIONS AND DURATION:<\/p>\n<p class=\"generic-p\">The Owner of the Site may at any time modify the conditions here certain, being duly published as here they appear. The validity of these conditions shall be according to their exposure and are valid until they are modified by other duly published.<\/p>\n<p class=\"title\">14. APPLICABLE LEGISLATION AND JURISDICTION:<\/p>\n<p class=\"generic-p\">The relationship between the Holder of the Site and the User are governed by Spanish Law, common, including the European Union Law and established in International Treaties and Conventions to which Spain is a party.<\/p>\n<p class=\"generic-p\">Any dispute that may arise between the Owner of the Site, and the User is subject, to the extent permitted by the Law in force in each moment, to the Courts and Tribunals of the city of Madrid.<\/p>\n<p>15. <strong>T\u00c9RMINOS Y CONDICIONES DE COMPRA<\/strong> DE LA EXPERIENCIA EN WINE AND ART EXPERIENCE:<\/p>\n<div>\n<h5>\u2013 Cancelaci\u00f3n permitida hasta 15 d\u00edas antes de la actividad.&nbsp;El seguro de cancelaci\u00f3n es un servicio independiente y no reembolsable. En caso de cancelaci\u00f3n dentro del plazo permitido, se devolver\u00e1 \u00fanicamente el importe de la experiencia, excluyendo el coste del seguro.<\/h5>\n<div>\u2013 Modification Allowed 15 days before the date of the activity. If you want to modify in less than 15 days notice will lose 60% of the amount while keeping the remaining 40% to be able to book another day.<br>\u2013 Cancellations made the same day of the experience are non-refundable.<br>\u2013 The activity requires a minimum number of people, if you do not reach this minimum, you can change date or will the return of the payment.<br>\u2013 By making this purchase you agree that the Wine and Art Experience can request the image rights that have been taken in their facilities.<br>\u2013 Private events you will have to make a down payment of 60% in 48 hours to book the day and the remaining 40% must be paid 7 days before the activity.<br>\u2013 Private events may change from day 15 days before the activity. If it warns you in less than that time period, you will lose 65% of the amount, but the remaining 35% will be left as credit for the following bookings. Not offer refunds.<\/div>\n<div>\u2013 Age: Allowed entry to children from 3 years, always accompanied by an adult. All participants must have a ticket to be able to be in the activity, except for infant (0-1 year)<\/div>\n<div>\u2013 Las tarjetas regalo no son reembolsables. Cada tarjeta regalo (unidad) tiene su precio (valor monetario) y su c\u00f3digo a canjear por el valor monetario de la tarjeta (no por la actividad). El c\u00f3digo caduca en 6 meses.<\/div>\n<\/div>\n<div>&nbsp;<\/div>\n<div>&#8211;<strong><strong>Seguro de cancelaci\u00f3n:<\/strong><\/strong> con el seguro de cancelaci\u00f3n puedes modificar tu reserva 24 horas antes de la hora de la actividad reservada, y una cancelaci\u00f3n gratuita de 4 d\u00edas antes de la fecha de la actividad.<\/div>\n<div>\n<div>No se aceptan cancelaciones de reserva en las \u00faltimas 24 horas a la fecha de la actividad, ya que las plazas han sido reservadas para dicha reserva.<\/div>\n<div>El seguro de cancelaci\u00f3n es un servicio independiente y no reembolsable. En caso de cancelaci\u00f3n dentro del plazo permitido, se devolver\u00e1 \u00fanicamente el importe de la experiencia, excluyendo el coste del seguro.<\/div>\n<\/div>\t\t\t\t\t\t\t\t<\/div>\n\t\t\t\t<\/div>\n\t\t\t\t<\/div>\n\t\t\t\t<\/div>","protected":false},"excerpt":{"rendered":"<p>1. DATOS IDENTIFICATIVOS: En cumplimiento del deber de informaci\u00f3n legal recogido en art\u00edculo 10 de la Ley 34\/2002, de 11 de julio, de Servicios de la Sociedad de la Informaci\u00f3n y del Comercio Electr\u00f3nico, ponemos en su conocimiento que la empresa titular de wineandartexpereince.com (el \u201cSite\u201d) es Francisco Maqueira, con domicilio social en Calle Pau [&hellip;]<\/p>\n","protected":false},"author":1,"featured_media":0,"parent":0,"menu_order":0,"comment_status":"closed","ping_status":"closed","template":"","meta":{"_acf_changed":false,"footnotes":""},"class_list":["post-1846","page","type-page","status-publish","hentry"],"acf":[],"yoast_head":"<!-- This site is optimized with the Yoast SEO plugin v27.2 - https:\/\/yoast.com\/product\/yoast-seo-wordpress\/ -->\n<title>Aviso legal - Taller de pintura fl\u00faor \u00a1Ven a pintar sin\u00a0experiencia!<\/title>\n<meta name=\"robots\" content=\"noindex, nofollow\" \/>\n<meta property=\"og:locale\" content=\"en_GB\" \/>\n<meta property=\"og:type\" content=\"article\" \/>\n<meta property=\"og:title\" content=\"Aviso legal - Taller de pintura fl\u00faor \u00a1Ven a pintar sin\u00a0experiencia!\" \/>\n<meta property=\"og:description\" content=\"1. DATOS IDENTIFICATIVOS: En cumplimiento del deber de informaci\u00f3n legal recogido en art\u00edculo 10 de la Ley 34\/2002, de 11 de julio, de Servicios de la Sociedad de la Informaci\u00f3n y del Comercio Electr\u00f3nico, ponemos en su conocimiento que la empresa titular de wineandartexpereince.com (el \u201cSite\u201d) es Francisco Maqueira, con domicilio social en Calle Pau [&hellip;]\" \/>\n<meta property=\"og:url\" content=\"https:\/\/wineandart-experience.com\/en\/aviso-legal\/\" \/>\n<meta property=\"og:site_name\" content=\"Taller de pintura fl\u00faor \u00a1Ven a pintar sin\u00a0experiencia!\" \/>\n<meta property=\"article:modified_time\" content=\"2025-12-27T12:23:16+00:00\" \/>\n<meta name=\"twitter:card\" content=\"summary_large_image\" \/>\n<meta name=\"twitter:label1\" content=\"Estimated reading time\" \/>\n\t<meta name=\"twitter:data1\" content=\"11 minutes\" \/>\n<script type=\"application\/ld+json\" class=\"yoast-schema-graph\">{\"@context\":\"https:\/\/schema.org\",\"@graph\":[{\"@type\":\"WebPage\",\"@id\":\"https:\/\/wineandart-experience.com\/aviso-legal\/\",\"url\":\"https:\/\/wineandart-experience.com\/aviso-legal\/\",\"name\":\"Aviso legal - Taller de pintura fl\u00faor \u00a1Ven a pintar sin\u00a0experiencia!\",\"isPartOf\":{\"@id\":\"https:\/\/wineandart-experience.com\/#website\"},\"datePublished\":\"2023-09-26T17:23:29+00:00\",\"dateModified\":\"2025-12-27T12:23:16+00:00\",\"breadcrumb\":{\"@id\":\"https:\/\/wineandart-experience.com\/aviso-legal\/#breadcrumb\"},\"inLanguage\":\"en-GB\",\"potentialAction\":[{\"@type\":\"ReadAction\",\"target\":[\"https:\/\/wineandart-experience.com\/aviso-legal\/\"]}]},{\"@type\":\"BreadcrumbList\",\"@id\":\"https:\/\/wineandart-experience.com\/aviso-legal\/#breadcrumb\",\"itemListElement\":[{\"@type\":\"ListItem\",\"position\":1,\"name\":\"Portada\",\"item\":\"https:\/\/wineandart-experience.com\/\"},{\"@type\":\"ListItem\",\"position\":2,\"name\":\"Aviso legal\"}]},{\"@type\":\"WebSite\",\"@id\":\"https:\/\/wineandart-experience.com\/#website\",\"url\":\"https:\/\/wineandart-experience.com\/\",\"name\":\"Taller de pintura fl\u00faor \u00a1Ven a pintar sin\u00a0experiencia!\",\"description\":\"Taller de pintura fl\u00faor Barcelona\",\"publisher\":{\"@id\":\"https:\/\/wineandart-experience.com\/#organization\"},\"potentialAction\":[{\"@type\":\"SearchAction\",\"target\":{\"@type\":\"EntryPoint\",\"urlTemplate\":\"https:\/\/wineandart-experience.com\/?s={search_term_string}\"},\"query-input\":{\"@type\":\"PropertyValueSpecification\",\"valueRequired\":true,\"valueName\":\"search_term_string\"}}],\"inLanguage\":\"en-GB\"},{\"@type\":\"Organization\",\"@id\":\"https:\/\/wineandart-experience.com\/#organization\",\"name\":\"Taller de pintura fl\u00faor \u00a1Ven a pintar sin\u00a0experiencia!\",\"url\":\"https:\/\/wineandart-experience.com\/\",\"logo\":{\"@type\":\"ImageObject\",\"inLanguage\":\"en-GB\",\"@id\":\"https:\/\/wineandart-experience.com\/#\/schema\/logo\/image\/\",\"url\":\"https:\/\/wineandart-experience.com\/wp-content\/uploads\/2023\/07\/cropped-WhatsApp-Image-2023-07-28-at-2.34.26-PM.jpeg\",\"contentUrl\":\"https:\/\/wineandart-experience.com\/wp-content\/uploads\/2023\/07\/cropped-WhatsApp-Image-2023-07-28-at-2.34.26-PM.jpeg\",\"width\":499,\"height\":495,\"caption\":\"Taller de pintura fl\u00faor \u00a1Ven a pintar sin\u00a0experiencia!\"},\"image\":{\"@id\":\"https:\/\/wineandart-experience.com\/#\/schema\/logo\/image\/\"}}]}<\/script>\n<!-- \/ Yoast SEO plugin. -->","yoast_head_json":{"title":"Aviso legal - Taller de pintura fl\u00faor \u00a1Ven a pintar sin\u00a0experiencia!","robots":{"index":"noindex","follow":"nofollow"},"og_locale":"en_GB","og_type":"article","og_title":"Aviso legal - Taller de pintura fl\u00faor \u00a1Ven a pintar sin\u00a0experiencia!","og_description":"1. DATOS IDENTIFICATIVOS: En cumplimiento del deber de informaci\u00f3n legal recogido en art\u00edculo 10 de la Ley 34\/2002, de 11 de julio, de Servicios de la Sociedad de la Informaci\u00f3n y del Comercio Electr\u00f3nico, ponemos en su conocimiento que la empresa titular de wineandartexpereince.com (el \u201cSite\u201d) es Francisco Maqueira, con domicilio social en Calle Pau [&hellip;]","og_url":"https:\/\/wineandart-experience.com\/en\/aviso-legal\/","og_site_name":"Taller de pintura fl\u00faor \u00a1Ven a pintar sin\u00a0experiencia!","article_modified_time":"2025-12-27T12:23:16+00:00","twitter_card":"summary_large_image","twitter_misc":{"Estimated reading time":"11 minutes"},"schema":{"@context":"https:\/\/schema.org","@graph":[{"@type":"WebPage","@id":"https:\/\/wineandart-experience.com\/aviso-legal\/","url":"https:\/\/wineandart-experience.com\/aviso-legal\/","name":"Aviso legal - Taller de pintura fl\u00faor \u00a1Ven a pintar sin\u00a0experiencia!","isPartOf":{"@id":"https:\/\/wineandart-experience.com\/#website"},"datePublished":"2023-09-26T17:23:29+00:00","dateModified":"2025-12-27T12:23:16+00:00","breadcrumb":{"@id":"https:\/\/wineandart-experience.com\/aviso-legal\/#breadcrumb"},"inLanguage":"en-GB","potentialAction":[{"@type":"ReadAction","target":["https:\/\/wineandart-experience.com\/aviso-legal\/"]}]},{"@type":"BreadcrumbList","@id":"https:\/\/wineandart-experience.com\/aviso-legal\/#breadcrumb","itemListElement":[{"@type":"ListItem","position":1,"name":"Portada","item":"https:\/\/wineandart-experience.com\/"},{"@type":"ListItem","position":2,"name":"Aviso legal"}]},{"@type":"WebSite","@id":"https:\/\/wineandart-experience.com\/#website","url":"https:\/\/wineandart-experience.com\/","name":"Taller de pintura fl\u00faor \u00a1Ven a pintar sin\u00a0experiencia!","description":"Taller de pintura fl\u00faor Barcelona","publisher":{"@id":"https:\/\/wineandart-experience.com\/#organization"},"potentialAction":[{"@type":"SearchAction","target":{"@type":"EntryPoint","urlTemplate":"https:\/\/wineandart-experience.com\/?s={search_term_string}"},"query-input":{"@type":"PropertyValueSpecification","valueRequired":true,"valueName":"search_term_string"}}],"inLanguage":"en-GB"},{"@type":"Organization","@id":"https:\/\/wineandart-experience.com\/#organization","name":"Taller de pintura fl\u00faor \u00a1Ven a pintar sin\u00a0experiencia!","url":"https:\/\/wineandart-experience.com\/","logo":{"@type":"ImageObject","inLanguage":"en-GB","@id":"https:\/\/wineandart-experience.com\/#\/schema\/logo\/image\/","url":"https:\/\/wineandart-experience.com\/wp-content\/uploads\/2023\/07\/cropped-WhatsApp-Image-2023-07-28-at-2.34.26-PM.jpeg","contentUrl":"https:\/\/wineandart-experience.com\/wp-content\/uploads\/2023\/07\/cropped-WhatsApp-Image-2023-07-28-at-2.34.26-PM.jpeg","width":499,"height":495,"caption":"Taller de pintura fl\u00faor \u00a1Ven a pintar sin\u00a0experiencia!"},"image":{"@id":"https:\/\/wineandart-experience.com\/#\/schema\/logo\/image\/"}}]}},"_links":{"self":[{"href":"https:\/\/wineandart-experience.com\/en\/wp-json\/wp\/v2\/pages\/1846","targetHints":{"allow":["GET"]}}],"collection":[{"href":"https:\/\/wineandart-experience.com\/en\/wp-json\/wp\/v2\/pages"}],"about":[{"href":"https:\/\/wineandart-experience.com\/en\/wp-json\/wp\/v2\/types\/page"}],"author":[{"embeddable":true,"href":"https:\/\/wineandart-experience.com\/en\/wp-json\/wp\/v2\/users\/1"}],"replies":[{"embeddable":true,"href":"https:\/\/wineandart-experience.com\/en\/wp-json\/wp\/v2\/comments?post=1846"}],"version-history":[{"count":0,"href":"https:\/\/wineandart-experience.com\/en\/wp-json\/wp\/v2\/pages\/1846\/revisions"}],"wp:attachment":[{"href":"https:\/\/wineandart-experience.com\/en\/wp-json\/wp\/v2\/media?parent=1846"}],"curies":[{"name":"wp","href":"https:\/\/api.w.org\/{rel}","templated":true}]}}