{"id":106,"date":"2023-07-25T13:23:19","date_gmt":"2023-07-25T13:23:19","guid":{"rendered":"https:\/\/wineandart-experience.com\/producto\/tarjeta-regalo"},"modified":"2025-08-23T16:28:49","modified_gmt":"2025-08-23T14:28:49","slug":"tarjeta-regalo","status":"publish","type":"product","link":"https:\/\/wineandart-experience.com\/en\/product\/tarjeta-regalo\/","title":{"rendered":"Tarjeta Regalo: \u00bfA qui\u00e9n sorprender\u00e1s?"},"content":{"rendered":"<p><strong>Gift Card <em>Wine and Art<\/em><\/strong><\/p>\n<p>The purchase value of the Gift Card, it is the equivalent in euros to make a booking later. With the Code you received in your email to be able to make the booking.<\/p>\n<p>If you want to carry out an activity with a higher amount, you will have to pay the difference.<\/p>\n<p>The recipient will receive the gift card in the Mail (Check Spam or Junk Mail).<\/p>","protected":false},"excerpt":{"rendered":"<p><strong>Gift Card <em>Wine and Art<\/em><\/strong><\/p>\n<p>The purchase value of the Gift Card, it is the equivalent in euros to make a booking later. With the Code you received in your email to be able to make the booking.<\/p>\n<p>If you want to carry out an activity with a higher amount, you will have to pay the difference.<\/p>\n<p>The recipient will receive the gift card in the Mail (Check Spam or Junk Mail).<\/p>","protected":false},"featured_media":2650,"template":"","meta":{"_acf_changed":false},"product_cat":[20],"product_tag":[31],"class_list":{"0":"post-106","1":"product","2":"type-product","3":"status-publish","4":"has-post-thumbnail","6":"product_cat-barcelona","7":"product_tag-tarjeta","9":"first","10":"instock","11":"purchasable","12":"product-type-pw-gift-card"},"acf":{"producto_hora":"","producto_lugar":"Carrer del Torrent de l'Olla, 66, 08012","product_date":null,"hora_inicio":"","hora_fin":""},"yoast_head":"<!-- This site is optimized with the Yoast SEO plugin v27.2 - https:\/\/yoast.com\/product\/yoast-seo-wordpress\/ -->\n<title>Tarjeta Regalo: \u00bfA qui\u00e9n sorprender\u00e1s? - Taller de pintura fl\u00faor \u00a1Ven a pintar sin\u00a0experiencia!<\/title>\n<meta name=\"description\" content=\"Regala la &quot;Tarjeta Regalo&quot; de Wine and Art. Regala Experiencias, no cosas. Taller de Pintura y Vino Barcelona. Regala Felicidad con un clic Aqu\u00ed\" \/>\n<meta name=\"robots\" content=\"index, follow, max-snippet:-1, max-image-preview:large, max-video-preview:-1\" \/>\n<link rel=\"canonical\" href=\"https:\/\/wineandart-experience.com\/en\/product\/tarjeta-regalo\/\" \/>\n<meta property=\"og:locale\" content=\"en_GB\" \/>\n<meta property=\"og:type\" content=\"article\" \/>\n<meta property=\"og:title\" content=\"Tarjeta Regalo: \u00bfA qui\u00e9n sorprender\u00e1s? - Taller de pintura fl\u00faor \u00a1Ven a pintar sin\u00a0experiencia!\" \/>\n<meta property=\"og:description\" content=\"Regala la &quot;Tarjeta Regalo&quot; de Wine and Art. Regala Experiencias, no cosas. Taller de Pintura y Vino Barcelona. Regala Felicidad con un clic Aqu\u00ed\" \/>\n<meta property=\"og:url\" content=\"https:\/\/wineandart-experience.com\/en\/product\/tarjeta-regalo\/\" \/>\n<meta property=\"og:site_name\" content=\"Taller de pintura fl\u00faor \u00a1Ven a pintar sin\u00a0experiencia!\" \/>\n<meta property=\"article:modified_time\" content=\"2025-08-23T14:28:49+00:00\" \/>\n<meta property=\"og:image\" content=\"https:\/\/wineandart-experience.com\/wp-content\/uploads\/2023\/07\/TARJETA-REGALO-WINEANDART.png\" \/>\n\t<meta property=\"og:image:width\" content=\"1080\" \/>\n\t<meta property=\"og:image:height\" content=\"1080\" \/>\n\t<meta property=\"og:image:type\" content=\"image\/png\" \/>\n<meta name=\"twitter:card\" content=\"summary_large_image\" \/>\n<meta name=\"twitter:label1\" content=\"Estimated reading time\" \/>\n\t<meta name=\"twitter:data1\" content=\"1 minute\" \/>\n<script type=\"application\/ld+json\" class=\"yoast-schema-graph\">{\"@context\":\"https:\/\/schema.org\",\"@graph\":[{\"@type\":\"WebPage\",\"@id\":\"https:\/\/wineandart-experience.com\/producto\/tarjeta-regalo\/\",\"url\":\"https:\/\/wineandart-experience.com\/producto\/tarjeta-regalo\/\",\"name\":\"Tarjeta Regalo: \u00bfA qui\u00e9n sorprender\u00e1s? - Taller de pintura fl\u00faor \u00a1Ven a pintar sin\u00a0experiencia!\",\"isPartOf\":{\"@id\":\"https:\/\/wineandart-experience.com\/#website\"},\"primaryImageOfPage\":{\"@id\":\"https:\/\/wineandart-experience.com\/producto\/tarjeta-regalo\/#primaryimage\"},\"image\":{\"@id\":\"https:\/\/wineandart-experience.com\/producto\/tarjeta-regalo\/#primaryimage\"},\"thumbnailUrl\":\"https:\/\/wineandart-experience.com\/wp-content\/uploads\/2023\/07\/TARJETA-REGALO-WINEANDART.png\",\"datePublished\":\"2023-07-25T13:23:19+00:00\",\"dateModified\":\"2025-08-23T14:28:49+00:00\",\"description\":\"Regala la \\\"Tarjeta Regalo\\\" de Wine and Art. Regala Experiencias, no cosas. Taller de Pintura y Vino Barcelona. Regala Felicidad con un clic Aqu\u00ed\",\"breadcrumb\":{\"@id\":\"https:\/\/wineandart-experience.com\/producto\/tarjeta-regalo\/#breadcrumb\"},\"inLanguage\":\"en-GB\",\"potentialAction\":[{\"@type\":\"ReadAction\",\"target\":[\"https:\/\/wineandart-experience.com\/producto\/tarjeta-regalo\/\"]}]},{\"@type\":\"ImageObject\",\"inLanguage\":\"en-GB\",\"@id\":\"https:\/\/wineandart-experience.com\/producto\/tarjeta-regalo\/#primaryimage\",\"url\":\"https:\/\/wineandart-experience.com\/wp-content\/uploads\/2023\/07\/TARJETA-REGALO-WINEANDART.png\",\"contentUrl\":\"https:\/\/wineandart-experience.com\/wp-content\/uploads\/2023\/07\/TARJETA-REGALO-WINEANDART.png\",\"width\":1080,\"height\":1080,\"caption\":\"Tarjeta regalo para disfrutar de los talleres de pintura fl\u00faor en Barcelona\"},{\"@type\":\"BreadcrumbList\",\"@id\":\"https:\/\/wineandart-experience.com\/producto\/tarjeta-regalo\/#breadcrumb\",\"itemListElement\":[{\"@type\":\"ListItem\",\"position\":1,\"name\":\"Portada\",\"item\":\"https:\/\/wineandart-experience.com\/\"},{\"@type\":\"ListItem\",\"position\":2,\"name\":\"Productos\",\"item\":\"https:\/\/wineandart-experience.com\/shop\/\"},{\"@type\":\"ListItem\",\"position\":3,\"name\":\"Tarjeta Regalo: \u00bfA qui\u00e9n sorprender\u00e1s?\"}]},{\"@type\":\"WebSite\",\"@id\":\"https:\/\/wineandart-experience.com\/#website\",\"url\":\"https:\/\/wineandart-experience.com\/\",\"name\":\"Taller de pintura fl\u00faor \u00a1Ven a pintar sin\u00a0experiencia!\",\"description\":\"Taller de pintura fl\u00faor Barcelona\",\"publisher\":{\"@id\":\"https:\/\/wineandart-experience.com\/#organization\"},\"potentialAction\":[{\"@type\":\"SearchAction\",\"target\":{\"@type\":\"EntryPoint\",\"urlTemplate\":\"https:\/\/wineandart-experience.com\/?s={search_term_string}\"},\"query-input\":{\"@type\":\"PropertyValueSpecification\",\"valueRequired\":true,\"valueName\":\"search_term_string\"}}],\"inLanguage\":\"en-GB\"},{\"@type\":\"Organization\",\"@id\":\"https:\/\/wineandart-experience.com\/#organization\",\"name\":\"Taller de pintura fl\u00faor \u00a1Ven a pintar sin\u00a0experiencia!\",\"url\":\"https:\/\/wineandart-experience.com\/\",\"logo\":{\"@type\":\"ImageObject\",\"inLanguage\":\"en-GB\",\"@id\":\"https:\/\/wineandart-experience.com\/#\/schema\/logo\/image\/\",\"url\":\"https:\/\/wineandart-experience.com\/wp-content\/uploads\/2023\/07\/cropped-WhatsApp-Image-2023-07-28-at-2.34.26-PM.jpeg\",\"contentUrl\":\"https:\/\/wineandart-experience.com\/wp-content\/uploads\/2023\/07\/cropped-WhatsApp-Image-2023-07-28-at-2.34.26-PM.jpeg\",\"width\":499,\"height\":495,\"caption\":\"Taller de pintura fl\u00faor \u00a1Ven a pintar sin\u00a0experiencia!\"},\"image\":{\"@id\":\"https:\/\/wineandart-experience.com\/#\/schema\/logo\/image\/\"}}]}<\/script>\n<!-- \/ Yoast SEO plugin. -->","yoast_head_json":{"title":"Tarjeta Regalo: \u00bfA qui\u00e9n sorprender\u00e1s? - Taller de pintura fl\u00faor \u00a1Ven a pintar sin\u00a0experiencia!","description":"Regala la \"Tarjeta Regalo\" de Wine and Art. Regala Experiencias, no cosas. Taller de Pintura y Vino Barcelona. Regala Felicidad con un clic Aqu\u00ed","robots":{"index":"index","follow":"follow","max-snippet":"max-snippet:-1","max-image-preview":"max-image-preview:large","max-video-preview":"max-video-preview:-1"},"canonical":"https:\/\/wineandart-experience.com\/en\/product\/tarjeta-regalo\/","og_locale":"en_GB","og_type":"article","og_title":"Tarjeta Regalo: \u00bfA qui\u00e9n sorprender\u00e1s? - Taller de pintura fl\u00faor \u00a1Ven a pintar sin\u00a0experiencia!","og_description":"Regala la \"Tarjeta Regalo\" de Wine and Art. Regala Experiencias, no cosas. Taller de Pintura y Vino Barcelona. Regala Felicidad con un clic Aqu\u00ed","og_url":"https:\/\/wineandart-experience.com\/en\/product\/tarjeta-regalo\/","og_site_name":"Taller de pintura fl\u00faor \u00a1Ven a pintar sin\u00a0experiencia!","article_modified_time":"2025-08-23T14:28:49+00:00","og_image":[{"width":1080,"height":1080,"url":"https:\/\/wineandart-experience.com\/wp-content\/uploads\/2023\/07\/TARJETA-REGALO-WINEANDART.png","type":"image\/png"}],"twitter_card":"summary_large_image","twitter_misc":{"Estimated reading time":"1 minute"},"schema":{"@context":"https:\/\/schema.org","@graph":[{"@type":"WebPage","@id":"https:\/\/wineandart-experience.com\/producto\/tarjeta-regalo\/","url":"https:\/\/wineandart-experience.com\/producto\/tarjeta-regalo\/","name":"Tarjeta Regalo: \u00bfA qui\u00e9n sorprender\u00e1s? - Taller de pintura fl\u00faor \u00a1Ven a pintar sin\u00a0experiencia!","isPartOf":{"@id":"https:\/\/wineandart-experience.com\/#website"},"primaryImageOfPage":{"@id":"https:\/\/wineandart-experience.com\/producto\/tarjeta-regalo\/#primaryimage"},"image":{"@id":"https:\/\/wineandart-experience.com\/producto\/tarjeta-regalo\/#primaryimage"},"thumbnailUrl":"https:\/\/wineandart-experience.com\/wp-content\/uploads\/2023\/07\/TARJETA-REGALO-WINEANDART.png","datePublished":"2023-07-25T13:23:19+00:00","dateModified":"2025-08-23T14:28:49+00:00","description":"Regala la \"Tarjeta Regalo\" de Wine and Art. Regala Experiencias, no cosas. Taller de Pintura y Vino Barcelona. Regala Felicidad con un clic Aqu\u00ed","breadcrumb":{"@id":"https:\/\/wineandart-experience.com\/producto\/tarjeta-regalo\/#breadcrumb"},"inLanguage":"en-GB","potentialAction":[{"@type":"ReadAction","target":["https:\/\/wineandart-experience.com\/producto\/tarjeta-regalo\/"]}]},{"@type":"ImageObject","inLanguage":"en-GB","@id":"https:\/\/wineandart-experience.com\/producto\/tarjeta-regalo\/#primaryimage","url":"https:\/\/wineandart-experience.com\/wp-content\/uploads\/2023\/07\/TARJETA-REGALO-WINEANDART.png","contentUrl":"https:\/\/wineandart-experience.com\/wp-content\/uploads\/2023\/07\/TARJETA-REGALO-WINEANDART.png","width":1080,"height":1080,"caption":"Tarjeta regalo para disfrutar de los talleres de pintura fl\u00faor en Barcelona"},{"@type":"BreadcrumbList","@id":"https:\/\/wineandart-experience.com\/producto\/tarjeta-regalo\/#breadcrumb","itemListElement":[{"@type":"ListItem","position":1,"name":"Portada","item":"https:\/\/wineandart-experience.com\/"},{"@type":"ListItem","position":2,"name":"Productos","item":"https:\/\/wineandart-experience.com\/shop\/"},{"@type":"ListItem","position":3,"name":"Tarjeta Regalo: \u00bfA qui\u00e9n sorprender\u00e1s?"}]},{"@type":"WebSite","@id":"https:\/\/wineandart-experience.com\/#website","url":"https:\/\/wineandart-experience.com\/","name":"Taller de pintura fl\u00faor \u00a1Ven a pintar sin\u00a0experiencia!","description":"Taller de pintura fl\u00faor Barcelona","publisher":{"@id":"https:\/\/wineandart-experience.com\/#organization"},"potentialAction":[{"@type":"SearchAction","target":{"@type":"EntryPoint","urlTemplate":"https:\/\/wineandart-experience.com\/?s={search_term_string}"},"query-input":{"@type":"PropertyValueSpecification","valueRequired":true,"valueName":"search_term_string"}}],"inLanguage":"en-GB"},{"@type":"Organization","@id":"https:\/\/wineandart-experience.com\/#organization","name":"Taller de pintura fl\u00faor \u00a1Ven a pintar sin\u00a0experiencia!","url":"https:\/\/wineandart-experience.com\/","logo":{"@type":"ImageObject","inLanguage":"en-GB","@id":"https:\/\/wineandart-experience.com\/#\/schema\/logo\/image\/","url":"https:\/\/wineandart-experience.com\/wp-content\/uploads\/2023\/07\/cropped-WhatsApp-Image-2023-07-28-at-2.34.26-PM.jpeg","contentUrl":"https:\/\/wineandart-experience.com\/wp-content\/uploads\/2023\/07\/cropped-WhatsApp-Image-2023-07-28-at-2.34.26-PM.jpeg","width":499,"height":495,"caption":"Taller de pintura fl\u00faor \u00a1Ven a pintar sin\u00a0experiencia!"},"image":{"@id":"https:\/\/wineandart-experience.com\/#\/schema\/logo\/image\/"}}]}},"_links":{"self":[{"href":"https:\/\/wineandart-experience.com\/en\/wp-json\/wp\/v2\/product\/106","targetHints":{"allow":["GET"]}}],"collection":[{"href":"https:\/\/wineandart-experience.com\/en\/wp-json\/wp\/v2\/product"}],"about":[{"href":"https:\/\/wineandart-experience.com\/en\/wp-json\/wp\/v2\/types\/product"}],"version-history":[{"count":0,"href":"https:\/\/wineandart-experience.com\/en\/wp-json\/wp\/v2\/product\/106\/revisions"}],"wp:featuredmedia":[{"embeddable":true,"href":"https:\/\/wineandart-experience.com\/en\/wp-json\/wp\/v2\/media\/2650"}],"wp:attachment":[{"href":"https:\/\/wineandart-experience.com\/en\/wp-json\/wp\/v2\/media?parent=106"}],"wp:term":[{"taxonomy":"product_cat","embeddable":true,"href":"https:\/\/wineandart-experience.com\/en\/wp-json\/wp\/v2\/product_cat?post=106"},{"taxonomy":"product_tag","embeddable":true,"href":"https:\/\/wineandart-experience.com\/en\/wp-json\/wp\/v2\/product_tag?post=106"}],"curies":[{"name":"wp","href":"https:\/\/api.w.org\/{rel}","templated":true}]}}