{"id":18044,"date":"2026-03-11T12:15:49","date_gmt":"2026-03-11T10:15:49","guid":{"rendered":"https:\/\/wineandart-experience.com\/?post_type=product&#038;p=18044"},"modified":"2026-05-06T14:05:05","modified_gmt":"2026-05-06T12:05:05","slug":"wine-and-art-tarot-pintura-y-vino-5","status":"publish","type":"product","link":"https:\/\/wineandart-experience.com\/en\/product\/wine-and-art-tarot-pintura-y-vino-5\/","title":{"rendered":"Wine and Art: Tarot, Pintura y vino"},"content":{"rendered":"<div class=\"group\/conversation-turn relative flex w-full min-w-0 flex-col agent-turn\">\n<div class=\"flex-col gap-1 md:gap-3\">\n<div class=\"flex max-w-full flex-col flex-grow\">\n<div class=\"min-h-8 text-message flex w-full flex-col items-end gap-2 whitespace-normal break-words [.text-message+&amp;]:mt-5\" dir=\"auto\" data-message-author-role=\"assistant\" data-message-id=\"dd07e162-bdda-4873-b109-2b9ff64cb8dc\">\n<div class=\"flex w-full flex-col gap-1 empty:hidden first:pt-[3px]\">\n<div class=\"group\/conversation-turn relative flex w-full min-w-0 flex-col agent-turn\">\n<div class=\"flex-col gap-1 md:gap-3\">\n<div class=\"flex max-w-full flex-col flex-grow\">\n<div class=\"min-h-8 text-message flex w-full flex-col items-end gap-2 whitespace-normal break-words [.text-message+&amp;]:mt-5\" dir=\"auto\" data-message-author-role=\"assistant\" data-message-id=\"dd07e162-bdda-4873-b109-2b9ff64cb8dc\">\n<div class=\"flex w-full flex-col gap-1 empty:hidden first:pt-[3px]\">\n<div class=\"flex w-full flex-col gap-1 empty:hidden first:pt-[3px]\">\n<h1 data-start=\"383\" data-end=\"447\"><strong data-start=\"383\" data-end=\"447\">Experiencia Tarot, Pintura y Vino en Barcelona | Wine and Art Experience<\/strong><\/h1>\n<p data-start=\"509\" data-end=\"876\">Vive una experiencia creativa y sensorial en el coraz\u00f3n de Barcelona, donde el arte, el vino y el simbolismo del tarot se unen en un entorno art\u00edstico y acogedor.<\/p>\n<p data-start=\"509\" data-end=\"876\"><br data-start=\"643\" data-end=\"646\" \/>En <a href=\"https:\/\/wineandart-experience.com\/\"><strong data-start=\"649\" data-end=\"676\">Wine and Art Experience<\/strong><\/a>, , te invitamos a una noche especial de <strong data-start=\"524\" data-end=\"560\">Tarot Pintura y Vino en Barcelona (39,50 \u20ac)<\/strong>, dise\u00f1ada para estimular la creatividad, disfrutar del momento presente y explorar el tarot como fuente de inspiraci\u00f3n art\u00edstica.<\/p>\n<p data-start=\"509\" data-end=\"876\">*Experiencia art\u00edstica y cultural. Interpretaci\u00f3n simb\u00f3lica del tarot.<\/p>\n<\/div>\n<h3 data-start=\"697\" data-end=\"736\">\u2728 Una experiencia \u00fanica paso a paso<\/h3>\n<p data-start=\"738\" data-end=\"1031\">La velada comienza en un ambiente c\u00e1lido y cuidadosamente ambientado, con velas, elementos decorativos y obras de arte que invitan a la calma y la inspiraci\u00f3n. Con una copa de vino en mano, te sumergir\u00e1s en una atm\u00f3sfera relajada, ideal para dejar fluir la creatividad y la expresi\u00f3n personal.<\/p>\n<div class=\"flex w-full flex-col gap-1 empty:hidden first:pt-[3px]\">\n<h2 data-start=\"878\" data-end=\"1177\">\ud83c\udf77<strong>\u00bfQu\u00e9 Incluye el taller de Tarot Pintura y Vino en Barcelona?<\/strong><\/h2>\n<ul data-start=\"1918\" data-end=\"2129\">\n<li data-start=\"1918\" data-end=\"1949\">\n<p data-start=\"1920\" data-end=\"1949\">Experiencia individual de interpretaci\u00f3n creativa del tarot<\/p>\n<\/li>\n<li data-start=\"1950\" data-end=\"1990\">\n<p data-start=\"1952\" data-end=\"1990\">Sesi\u00f3n guiada de pintura paso a paso<\/p>\n<\/li>\n<li data-start=\"1991\" data-end=\"2030\">\n<p data-start=\"1993\" data-end=\"2030\">Todo el material art\u00edstico incluido<\/p>\n<\/li>\n<li data-start=\"2031\" data-end=\"2070\">\n<p data-start=\"2033\" data-end=\"2070\">Vino Blanco o tinto (ilimitado) o refresco como Coca cola Zero, Fanta de Naranja o Agua.<\/p>\n<\/li>\n<li data-start=\"2071\" data-end=\"2100\">\n<p data-start=\"2073\" data-end=\"2100\">Duraci\u00f3n total: 2,5 horas<\/p>\n<\/li>\n<\/ul>\n<h3 data-start=\"1179\" data-end=\"1550\">\ud83d\udd2eExperiencia individual de interpretaci\u00f3n creativa del tarot<\/h3>\n<p data-start=\"1179\" data-end=\"1550\"><br data-start=\"1216\" data-end=\"1219\" \/>Cada participante vive una experiencia individual de interpretaci\u00f3n simb\u00f3lica del tarot desde un enfoque creativo, art\u00edstico y cultural. Las cartas se utilizan como est\u00edmulo visual y narrativo para la reflexi\u00f3n personal y la inspiraci\u00f3n creativa, sirviendo como punto de partida para el proceso art\u00edstico posterior.<\/p>\n<h3 data-start=\"1786\" data-end=\"1816\">\ud83c\udfa8 Pintura guiada con vino<\/h3>\n<p data-start=\"1818\" data-end=\"2075\">Tras la interpretaci\u00f3n creativa del tarot, llega el momento de trasladar sensaciones, ideas y s\u00edmbolos al lienzo. Nuestros artistas te acompa\u00f1an paso a paso en la creaci\u00f3n de tu propia obra, inspirada en los colores, formas y elementos simb\u00f3licos del tarot.<\/p>\n<p data-start=\"2077\" data-end=\"2210\">No es necesaria experiencia previa: solo ganas de disfrutar, pintar y compartir una copa de vino en un entorno creativo y distendido.<\/p>\n<hr data-start=\"2212\" data-end=\"2215\" \/>\n<p data-start=\"2217\" data-end=\"2280\">\ud83d\udccd <strong data-start=\"2220\" data-end=\"2229\">Lugar<\/strong>: Carrer Torrent de l\u2019Olla 66, Gr\u00e0cia \u2013 Barcelona<\/p>\n<hr data-start=\"2282\" data-end=\"2285\" \/>\n<p data-start=\"2287\" data-end=\"2423\">\ud83c\udf9f\ufe0f <strong data-start=\"2291\" data-end=\"2312\">Plazas limitadas.<\/strong> Reserva tu experiencia y disfruta de una velada art\u00edstica donde el tarot se convierte en inspiraci\u00f3n creativa<\/p>\n<\/div>\n<h3 data-start=\"259\" data-end=\"284\">\ud83d\udee1\ufe0f Nota importante<\/h3>\n<p data-start=\"285\" data-end=\"485\"><em data-start=\"285\" data-end=\"485\">La interpretaci\u00f3n del tarot se realiza desde un enfoque simb\u00f3lico, creativo y cultural. Esta experiencia tiene un car\u00e1cter art\u00edstico y l\u00fadico y no sustituye ning\u00fan tipo de asesoramiento profesional.<\/em><\/p>\n<\/div>\n<\/div>\n<\/div>\n<\/div>\n<\/div>\n<\/div>\n<\/div>\n<\/div>\n<\/div>\n<\/div>\n","protected":false},"excerpt":{"rendered":"<p>Disfruta de una experiencia creativa de <strong data-start=\"227\" data-end=\"265\">Tarot, Pintura y Vino en Barcelona<\/strong>, donde el simbolismo del tarot se convierte en inspiraci\u00f3n art\u00edstica. Vive una sesi\u00f3n guiada de pintura paso a paso, con interpretaci\u00f3n creativa del tarot, todos los materiales incluidos y vino o refresco ilimitado, en un ambiente art\u00edstico y acogedor. No se requiere experiencia previa.<\/p>","protected":false},"featured_media":15361,"template":"","meta":{"_acf_changed":false},"product_cat":[20],"product_tag":[],"class_list":{"0":"post-18044","1":"product","2":"type-product","3":"status-publish","4":"has-post-thumbnail","6":"product_cat-barcelona","8":"first","9":"outofstock","10":"sale","11":"shipping-taxable","12":"purchasable","13":"product-type-simple"},"acf":{"producto_hora":"11-13:30 h","producto_lugar":"Carrer del Torrent de l'Olla, 66, 08012","product_date":"20260509","hora_inicio":"","hora_fin":""},"yoast_head":"<!-- This site is optimized with the Yoast SEO plugin v27.2 - https:\/\/yoast.com\/product\/yoast-seo-wordpress\/ -->\n<title>Wine and Art: Tarot, Pintura y vino - Taller de pintura fl\u00faor \u00a1Ven a pintar sin\u00a0experiencia!<\/title>\n<meta name=\"description\" content=\"Tarot, pintura y vino en Barcelona. Una experiencia art\u00edstica y creativa donde el simbolismo del tarot inspira tu obra mientras pintas y disfrutas del vino.\" \/>\n<meta name=\"robots\" content=\"index, follow, max-snippet:-1, max-image-preview:large, max-video-preview:-1\" \/>\n<link rel=\"canonical\" href=\"https:\/\/wineandart-experience.com\/en\/product\/wine-and-art-tarot-pintura-y-vino-5\/\" \/>\n<meta property=\"og:locale\" content=\"en_GB\" \/>\n<meta property=\"og:type\" content=\"article\" \/>\n<meta property=\"og:title\" content=\"Wine and Art: Tarot, Pintura y vino - Taller de pintura fl\u00faor \u00a1Ven a pintar sin\u00a0experiencia!\" \/>\n<meta property=\"og:description\" content=\"Tarot, pintura y vino en Barcelona. Una experiencia art\u00edstica y creativa donde el simbolismo del tarot inspira tu obra mientras pintas y disfrutas del vino.\" \/>\n<meta property=\"og:url\" content=\"https:\/\/wineandart-experience.com\/en\/product\/wine-and-art-tarot-pintura-y-vino-5\/\" \/>\n<meta property=\"og:site_name\" content=\"Taller de pintura fl\u00faor \u00a1Ven a pintar sin\u00a0experiencia!\" \/>\n<meta property=\"article:modified_time\" content=\"2026-05-06T12:05:05+00:00\" \/>\n<meta property=\"og:image\" content=\"https:\/\/wineandart-experience.com\/wp-content\/uploads\/2025\/09\/tarotpinturayvino-wineart.jpg\" \/>\n\t<meta property=\"og:image:width\" content=\"1080\" \/>\n\t<meta property=\"og:image:height\" content=\"1080\" \/>\n\t<meta property=\"og:image:type\" content=\"image\/jpeg\" \/>\n<meta name=\"twitter:card\" content=\"summary_large_image\" \/>\n<meta name=\"twitter:label1\" content=\"Estimated reading time\" \/>\n\t<meta name=\"twitter:data1\" content=\"2 minutes\" \/>\n<script type=\"application\/ld+json\" class=\"yoast-schema-graph\">{\"@context\":\"https:\/\/schema.org\",\"@graph\":[{\"@type\":\"WebPage\",\"@id\":\"https:\/\/wineandart-experience.com\/producto\/wine-and-art-tarot-pintura-y-vino-5\/\",\"url\":\"https:\/\/wineandart-experience.com\/producto\/wine-and-art-tarot-pintura-y-vino-5\/\",\"name\":\"Wine and Art: Tarot, Pintura y vino - Taller de pintura fl\u00faor \u00a1Ven a pintar sin\u00a0experiencia!\",\"isPartOf\":{\"@id\":\"https:\/\/wineandart-experience.com\/#website\"},\"primaryImageOfPage\":{\"@id\":\"https:\/\/wineandart-experience.com\/producto\/wine-and-art-tarot-pintura-y-vino-5\/#primaryimage\"},\"image\":{\"@id\":\"https:\/\/wineandart-experience.com\/producto\/wine-and-art-tarot-pintura-y-vino-5\/#primaryimage\"},\"thumbnailUrl\":\"https:\/\/wineandart-experience.com\/wp-content\/uploads\/2025\/09\/tarotpinturayvino-wineart.jpg\",\"datePublished\":\"2026-03-11T10:15:49+00:00\",\"dateModified\":\"2026-05-06T12:05:05+00:00\",\"description\":\"Tarot, pintura y vino en Barcelona. Una experiencia art\u00edstica y creativa donde el simbolismo del tarot inspira tu obra mientras pintas y disfrutas del vino.\",\"breadcrumb\":{\"@id\":\"https:\/\/wineandart-experience.com\/producto\/wine-and-art-tarot-pintura-y-vino-5\/#breadcrumb\"},\"inLanguage\":\"en-GB\",\"potentialAction\":[{\"@type\":\"ReadAction\",\"target\":[\"https:\/\/wineandart-experience.com\/producto\/wine-and-art-tarot-pintura-y-vino-5\/\"]}]},{\"@type\":\"ImageObject\",\"inLanguage\":\"en-GB\",\"@id\":\"https:\/\/wineandart-experience.com\/producto\/wine-and-art-tarot-pintura-y-vino-5\/#primaryimage\",\"url\":\"https:\/\/wineandart-experience.com\/wp-content\/uploads\/2025\/09\/tarotpinturayvino-wineart.jpg\",\"contentUrl\":\"https:\/\/wineandart-experience.com\/wp-content\/uploads\/2025\/09\/tarotpinturayvino-wineart.jpg\",\"width\":1080,\"height\":1080,\"caption\":\"Una noche creativa de tarot, pintura y vino en el coraz\u00f3n de Gr\u00e0cia.\"},{\"@type\":\"BreadcrumbList\",\"@id\":\"https:\/\/wineandart-experience.com\/producto\/wine-and-art-tarot-pintura-y-vino-5\/#breadcrumb\",\"itemListElement\":[{\"@type\":\"ListItem\",\"position\":1,\"name\":\"Portada\",\"item\":\"https:\/\/wineandart-experience.com\/\"},{\"@type\":\"ListItem\",\"position\":2,\"name\":\"Productos\",\"item\":\"https:\/\/wineandart-experience.com\/shop\/\"},{\"@type\":\"ListItem\",\"position\":3,\"name\":\"Wine and Art: Tarot, Pintura y vino\"}]},{\"@type\":\"WebSite\",\"@id\":\"https:\/\/wineandart-experience.com\/#website\",\"url\":\"https:\/\/wineandart-experience.com\/\",\"name\":\"Taller de pintura fl\u00faor \u00a1Ven a pintar sin\u00a0experiencia!\",\"description\":\"Taller de pintura fl\u00faor Barcelona\",\"publisher\":{\"@id\":\"https:\/\/wineandart-experience.com\/#organization\"},\"potentialAction\":[{\"@type\":\"SearchAction\",\"target\":{\"@type\":\"EntryPoint\",\"urlTemplate\":\"https:\/\/wineandart-experience.com\/?s={search_term_string}\"},\"query-input\":{\"@type\":\"PropertyValueSpecification\",\"valueRequired\":true,\"valueName\":\"search_term_string\"}}],\"inLanguage\":\"en-GB\"},{\"@type\":\"Organization\",\"@id\":\"https:\/\/wineandart-experience.com\/#organization\",\"name\":\"Taller de pintura fl\u00faor \u00a1Ven a pintar sin\u00a0experiencia!\",\"url\":\"https:\/\/wineandart-experience.com\/\",\"logo\":{\"@type\":\"ImageObject\",\"inLanguage\":\"en-GB\",\"@id\":\"https:\/\/wineandart-experience.com\/#\/schema\/logo\/image\/\",\"url\":\"https:\/\/wineandart-experience.com\/wp-content\/uploads\/2023\/07\/cropped-WhatsApp-Image-2023-07-28-at-2.34.26-PM.jpeg\",\"contentUrl\":\"https:\/\/wineandart-experience.com\/wp-content\/uploads\/2023\/07\/cropped-WhatsApp-Image-2023-07-28-at-2.34.26-PM.jpeg\",\"width\":499,\"height\":495,\"caption\":\"Taller de pintura fl\u00faor \u00a1Ven a pintar sin\u00a0experiencia!\"},\"image\":{\"@id\":\"https:\/\/wineandart-experience.com\/#\/schema\/logo\/image\/\"}}]}<\/script>\n<!-- \/ Yoast SEO plugin. -->","yoast_head_json":{"title":"Wine and Art: Tarot, Pintura y vino - Taller de pintura fl\u00faor \u00a1Ven a pintar sin\u00a0experiencia!","description":"Tarot, pintura y vino en Barcelona. Una experiencia art\u00edstica y creativa donde el simbolismo del tarot inspira tu obra mientras pintas y disfrutas del vino.","robots":{"index":"index","follow":"follow","max-snippet":"max-snippet:-1","max-image-preview":"max-image-preview:large","max-video-preview":"max-video-preview:-1"},"canonical":"https:\/\/wineandart-experience.com\/en\/product\/wine-and-art-tarot-pintura-y-vino-5\/","og_locale":"en_GB","og_type":"article","og_title":"Wine and Art: Tarot, Pintura y vino - Taller de pintura fl\u00faor \u00a1Ven a pintar sin\u00a0experiencia!","og_description":"Tarot, pintura y vino en Barcelona. Una experiencia art\u00edstica y creativa donde el simbolismo del tarot inspira tu obra mientras pintas y disfrutas del vino.","og_url":"https:\/\/wineandart-experience.com\/en\/product\/wine-and-art-tarot-pintura-y-vino-5\/","og_site_name":"Taller de pintura fl\u00faor \u00a1Ven a pintar sin\u00a0experiencia!","article_modified_time":"2026-05-06T12:05:05+00:00","og_image":[{"width":1080,"height":1080,"url":"https:\/\/wineandart-experience.com\/wp-content\/uploads\/2025\/09\/tarotpinturayvino-wineart.jpg","type":"image\/jpeg"}],"twitter_card":"summary_large_image","twitter_misc":{"Estimated reading time":"2 minutes"},"schema":{"@context":"https:\/\/schema.org","@graph":[{"@type":"WebPage","@id":"https:\/\/wineandart-experience.com\/producto\/wine-and-art-tarot-pintura-y-vino-5\/","url":"https:\/\/wineandart-experience.com\/producto\/wine-and-art-tarot-pintura-y-vino-5\/","name":"Wine and Art: Tarot, Pintura y vino - Taller de pintura fl\u00faor \u00a1Ven a pintar sin\u00a0experiencia!","isPartOf":{"@id":"https:\/\/wineandart-experience.com\/#website"},"primaryImageOfPage":{"@id":"https:\/\/wineandart-experience.com\/producto\/wine-and-art-tarot-pintura-y-vino-5\/#primaryimage"},"image":{"@id":"https:\/\/wineandart-experience.com\/producto\/wine-and-art-tarot-pintura-y-vino-5\/#primaryimage"},"thumbnailUrl":"https:\/\/wineandart-experience.com\/wp-content\/uploads\/2025\/09\/tarotpinturayvino-wineart.jpg","datePublished":"2026-03-11T10:15:49+00:00","dateModified":"2026-05-06T12:05:05+00:00","description":"Tarot, pintura y vino en Barcelona. Una experiencia art\u00edstica y creativa donde el simbolismo del tarot inspira tu obra mientras pintas y disfrutas del vino.","breadcrumb":{"@id":"https:\/\/wineandart-experience.com\/producto\/wine-and-art-tarot-pintura-y-vino-5\/#breadcrumb"},"inLanguage":"en-GB","potentialAction":[{"@type":"ReadAction","target":["https:\/\/wineandart-experience.com\/producto\/wine-and-art-tarot-pintura-y-vino-5\/"]}]},{"@type":"ImageObject","inLanguage":"en-GB","@id":"https:\/\/wineandart-experience.com\/producto\/wine-and-art-tarot-pintura-y-vino-5\/#primaryimage","url":"https:\/\/wineandart-experience.com\/wp-content\/uploads\/2025\/09\/tarotpinturayvino-wineart.jpg","contentUrl":"https:\/\/wineandart-experience.com\/wp-content\/uploads\/2025\/09\/tarotpinturayvino-wineart.jpg","width":1080,"height":1080,"caption":"Una noche creativa de tarot, pintura y vino en el coraz\u00f3n de Gr\u00e0cia."},{"@type":"BreadcrumbList","@id":"https:\/\/wineandart-experience.com\/producto\/wine-and-art-tarot-pintura-y-vino-5\/#breadcrumb","itemListElement":[{"@type":"ListItem","position":1,"name":"Portada","item":"https:\/\/wineandart-experience.com\/"},{"@type":"ListItem","position":2,"name":"Productos","item":"https:\/\/wineandart-experience.com\/shop\/"},{"@type":"ListItem","position":3,"name":"Wine and Art: Tarot, Pintura y vino"}]},{"@type":"WebSite","@id":"https:\/\/wineandart-experience.com\/#website","url":"https:\/\/wineandart-experience.com\/","name":"Taller de pintura fl\u00faor \u00a1Ven a pintar sin\u00a0experiencia!","description":"Taller de pintura fl\u00faor Barcelona","publisher":{"@id":"https:\/\/wineandart-experience.com\/#organization"},"potentialAction":[{"@type":"SearchAction","target":{"@type":"EntryPoint","urlTemplate":"https:\/\/wineandart-experience.com\/?s={search_term_string}"},"query-input":{"@type":"PropertyValueSpecification","valueRequired":true,"valueName":"search_term_string"}}],"inLanguage":"en-GB"},{"@type":"Organization","@id":"https:\/\/wineandart-experience.com\/#organization","name":"Taller de pintura fl\u00faor \u00a1Ven a pintar sin\u00a0experiencia!","url":"https:\/\/wineandart-experience.com\/","logo":{"@type":"ImageObject","inLanguage":"en-GB","@id":"https:\/\/wineandart-experience.com\/#\/schema\/logo\/image\/","url":"https:\/\/wineandart-experience.com\/wp-content\/uploads\/2023\/07\/cropped-WhatsApp-Image-2023-07-28-at-2.34.26-PM.jpeg","contentUrl":"https:\/\/wineandart-experience.com\/wp-content\/uploads\/2023\/07\/cropped-WhatsApp-Image-2023-07-28-at-2.34.26-PM.jpeg","width":499,"height":495,"caption":"Taller de pintura fl\u00faor \u00a1Ven a pintar sin\u00a0experiencia!"},"image":{"@id":"https:\/\/wineandart-experience.com\/#\/schema\/logo\/image\/"}}]}},"_links":{"self":[{"href":"https:\/\/wineandart-experience.com\/en\/wp-json\/wp\/v2\/product\/18044","targetHints":{"allow":["GET"]}}],"collection":[{"href":"https:\/\/wineandart-experience.com\/en\/wp-json\/wp\/v2\/product"}],"about":[{"href":"https:\/\/wineandart-experience.com\/en\/wp-json\/wp\/v2\/types\/product"}],"version-history":[{"count":1,"href":"https:\/\/wineandart-experience.com\/en\/wp-json\/wp\/v2\/product\/18044\/revisions"}],"predecessor-version":[{"id":18848,"href":"https:\/\/wineandart-experience.com\/en\/wp-json\/wp\/v2\/product\/18044\/revisions\/18848"}],"wp:featuredmedia":[{"embeddable":true,"href":"https:\/\/wineandart-experience.com\/en\/wp-json\/wp\/v2\/media\/15361"}],"wp:attachment":[{"href":"https:\/\/wineandart-experience.com\/en\/wp-json\/wp\/v2\/media?parent=18044"}],"wp:term":[{"taxonomy":"product_cat","embeddable":true,"href":"https:\/\/wineandart-experience.com\/en\/wp-json\/wp\/v2\/product_cat?post=18044"},{"taxonomy":"product_tag","embeddable":true,"href":"https:\/\/wineandart-experience.com\/en\/wp-json\/wp\/v2\/product_tag?post=18044"}],"curies":[{"name":"wp","href":"https:\/\/api.w.org\/{rel}","templated":true}]}}