{"id":18045,"date":"2026-03-11T12:16:37","date_gmt":"2026-03-11T10:16:37","guid":{"rendered":"https:\/\/wineandart-experience.com\/?post_type=product&#038;p=18045"},"modified":"2026-04-26T14:47:18","modified_gmt":"2026-04-26T12:47:18","slug":"wine-and-art-la-ola-de-kanagawa-3","status":"publish","type":"product","link":"https:\/\/wineandart-experience.com\/en\/product\/wine-and-art-la-ola-de-kanagawa-3\/","title":{"rendered":"Wine and Art: La Ola de Kanagawa"},"content":{"rendered":"<h1 data-start=\"316\" data-end=\"373\">\ud83c\udf0a\ud83c\udfa8 La Ola de Kanagawa Glow \u2013 Art and Wine Barcelona<\/h1>\n<h3 data-start=\"374\" data-end=\"410\">Pintura fl\u00faor inspirada en Jap\u00f3n<\/h3>\n<p data-start=\"412\" data-end=\"725\">Sum\u00e9rgete en una experiencia sensorial de <strong data-start=\"454\" data-end=\"480\"><a href=\"https:\/\/wineandart-experience.com\/en\/\">Wine and Art Experience<\/a>, en Barcelona,<\/strong>\u00a0pintando <em data-start=\"490\" data-end=\"510\">La Ola de Kanagawa<\/em> en versi\u00f3n fl\u00faor.<br data-start=\"528\" data-end=\"531\" \/>Inspirado en la ic\u00f3nica obra japonesa de <strong data-start=\"572\" data-end=\"613\"><span class=\"hover:entity-accent entity-underline inline cursor-pointer align-baseline\"><span class=\"whitespace-normal\">Hokusai<\/span><\/span><\/strong>, este taller combina pintura ne\u00f3n, luces especiales, m\u00fasica y vino para crear una noche creativa e inolvidable.<\/p>\n<p data-start=\"727\" data-end=\"922\">Un formato Glow donde el movimiento del mar, la fuerza de la ola y los contrastes luminosos cobran vida bajo la luz ultravioleta. No necesitas experiencia previa, solo ganas de crear y disfrutar.<\/p>\n<h2 data-start=\"929\" data-end=\"974\">\ud83c\udf0a Opci\u00f3n guiada \u2013 La Ola de Kanagawa Glow<\/h2>\n<p data-start=\"976\" data-end=\"1110\">En la opci\u00f3n guiada, nuestras artistas te acompa\u00f1ar\u00e1n <strong data-start=\"1030\" data-end=\"1045\">step-by-step<\/strong> para pintar <em data-start=\"1058\" data-end=\"1078\">La Ola de Kanagawa<\/em> en versi\u00f3n fl\u00faor. Aprender\u00e1s a:<\/p>\n<ul data-start=\"1112\" data-end=\"1302\">\n<li data-start=\"1112\" data-end=\"1161\">\n<p data-start=\"1114\" data-end=\"1161\">Construir la composici\u00f3n de la ola y el fondo<\/p>\n<\/li>\n<li data-start=\"1162\" data-end=\"1208\">\n<p data-start=\"1164\" data-end=\"1208\">Trabajar el movimiento y la espuma del mar<\/p>\n<\/li>\n<li data-start=\"1209\" data-end=\"1257\">\n<p data-start=\"1211\" data-end=\"1257\">Aplicar pintura ne\u00f3n para lograr efecto glow<\/p>\n<\/li>\n<li data-start=\"1258\" data-end=\"1302\">\n<p data-start=\"1260\" data-end=\"1302\">Crear contrastes entre profundidad y luz<\/p>\n<\/li>\n<\/ul>\n<p data-start=\"1304\" data-end=\"1447\">Esta modalidad es ideal si es tu primera experiencia <strong data-start=\"1357\" data-end=\"1383\">Art and Wine Barcelona<\/strong> o si quieres relajarte y dejarte guiar durante todo el proceso.<\/p>\n<h2 data-start=\"1454\" data-end=\"1488\">\ud83c\udfa8 Opci\u00f3n libre \u2013 Pintura fl\u00faor<\/h2>\n<p data-start=\"1490\" data-end=\"1788\">Si prefieres expresarte con mayor libertad, puedes elegir la opci\u00f3n libre.<br data-start=\"1564\" data-end=\"1567\" \/>Recibir\u00e1s nociones b\u00e1sicas de color y uso de pintura fl\u00faor.<\/p>\n<p data-start=\"1790\" data-end=\"1887\">Perfecto para quienes buscan una experiencia <strong data-start=\"1835\" data-end=\"1861\">Art and Wine Barcelona<\/strong> m\u00e1s personal y expresiva.<\/p>\n<h2 data-start=\"1894\" data-end=\"1928\">\ud83c\udf77 \u00bfQu\u00e9 incluye la experiencia?<\/h2>\n<ul data-start=\"1930\" data-end=\"2179\">\n<li data-start=\"1930\" data-end=\"1970\">\n<p data-start=\"1932\" data-end=\"1970\">Taller de pintura fl\u00faor de 2-2,5 horas<\/p>\n<\/li>\n<li data-start=\"1971\" data-end=\"2014\">\n<p data-start=\"1973\" data-end=\"2014\">Lienzo y todos los materiales incluidos<\/p>\n<\/li>\n<li data-start=\"2015\" data-end=\"2039\">\n<p data-start=\"2017\" data-end=\"2039\">Pintura ne\u00f3n \/ fl\u00faor<\/p>\n<\/li>\n<li data-start=\"2040\" data-end=\"2092\">\n<p data-start=\"2042\" data-end=\"2092\">Vino blanco y tinto ilimitado (opci\u00f3n refrescos)<\/p>\n<\/li>\n<li data-start=\"2093\" data-end=\"2138\">\n<p data-start=\"2095\" data-end=\"2138\">Asesor\u00eda art\u00edstica durante toda la sesi\u00f3n<\/p>\n<\/li>\n<li data-start=\"2139\" data-end=\"2179\">\n<p data-start=\"2141\" data-end=\"2179\">Te llevas tu cuadro terminado a casa<\/p>\n<\/li>\n<\/ul>\n<p data-start=\"2181\" data-end=\"2267\">No necesitas experiencia previa: solo ganas de disfrutar del arte, el color y el vino.<\/p>\n<h2 data-start=\"2274\" data-end=\"2322\">\u2728 \u00bfPara qui\u00e9n es este Art and Wine Barcelona?<\/h2>\n<h2 data-start=\"2302\" data-end=\"2333\"><\/h2>\n<ul data-start=\"2001\" data-end=\"2160\">\n<li data-start=\"2033\" data-end=\"2061\">\n<p data-start=\"2035\" data-end=\"2061\">Plan diferente para Amigas, parejas o grupos<\/p>\n<\/li>\n<li data-start=\"2062\" data-end=\"2092\">\n<p data-start=\"2064\" data-end=\"2092\">Cumplea\u00f1os y celebraciones<\/p>\n<\/li>\n<li data-start=\"2093\" data-end=\"2123\">\n<p data-start=\"2095\" data-end=\"2123\">Regalo creativo y original<a href=\"https:\/\/wineandart-experience.com\/en\/product\/tarjeta-regalo\/\"><strong> (Tarjeta de regalo Aqu\u00ed)<\/strong><\/a><\/p>\n<\/li>\n<li data-start=\"2124\" data-end=\"2160\">\n<p data-start=\"2126\" data-end=\"2160\">Team Building y eventos privados<\/p>\n<\/li>\n<\/ul>\n<h3>\ud83d\udc49Reserva tu plaza<\/h3>\n<p>&nbsp;<\/p>\n<p data-start=\"1983\" data-end=\"2131\">Las plazas son limitadas y se gestionan \u00fanicamente con reserva previa.<br data-start=\"2053\" data-end=\"2056\" \/>\u00a0Asegura tu lugar y vive una aut\u00e9ntica <strong data-start=\"2097\" data-end=\"2128\">experiencia de Arte y Vino en Barcelona<\/strong>.<\/p>\n<h4 class=\"elementor-heading-title elementor-size-xl\">\ud83d\udc49S\u00edguenos en: <a href=\"https:\/\/www.instagram.com\/wineandartexperience\/\">Instagram<\/a> or <a href=\"https:\/\/www.tiktok.com\/@wineandartexperience\">Tiktok<\/a><\/h4>","protected":false},"excerpt":{"rendered":"<div class=\"font-semibold select-none\">\n<div class=\"font-semibold select-none\">Vive una experiencia <strong data-start=\"275\" data-end=\"301\">Art and Wine Barcelona<\/strong> pintando <em data-start=\"311\" data-end=\"331\">La Ola de Kanagawa<\/em> en versi\u00f3n fl\u00faor.<br data-start=\"349\" data-end=\"352\" \/>Elige opci\u00f3n guiada o libre y disfruta de pintura ne\u00f3n, vino ilimitado, m\u00fasica y un ambiente creativo \u00fanico.<br data-start=\"460\" data-end=\"463\" \/>No necesitas experiencia previa.<\/div>\n<\/div>","protected":false},"featured_media":18568,"template":"","meta":{"_acf_changed":false},"product_cat":[20],"product_tag":[],"class_list":{"0":"post-18045","1":"product","2":"type-product","3":"status-publish","4":"has-post-thumbnail","6":"product_cat-barcelona","8":"first","9":"instock","10":"sale","11":"shipping-taxable","12":"purchasable","13":"product-type-simple"},"acf":{"producto_hora":"16-18","producto_lugar":"Carrer del Torrent de l'Olla, 66, 08012","product_date":"20260509","hora_inicio":"","hora_fin":""},"yoast_head":"<!-- This site is optimized with the Yoast SEO plugin v27.2 - https:\/\/yoast.com\/product\/yoast-seo-wordpress\/ -->\n<title>Wine and Art: La Ola de Kanagawa - Taller de pintura fl\u00faor \u00a1Ven a pintar sin\u00a0experiencia!<\/title>\n<meta name=\"description\" content=\"Disfruta una experiencia Art and Wine Barcelona pintando La Ola de Kanagawa en versi\u00f3n fl\u00faor. Taller guiado o libre con vino incluido.\" \/>\n<meta name=\"robots\" content=\"index, follow, max-snippet:-1, max-image-preview:large, max-video-preview:-1\" \/>\n<link rel=\"canonical\" href=\"https:\/\/wineandart-experience.com\/en\/product\/wine-and-art-la-ola-de-kanagawa-3\/\" \/>\n<meta property=\"og:locale\" content=\"en_GB\" \/>\n<meta property=\"og:type\" content=\"article\" \/>\n<meta property=\"og:title\" content=\"Wine and Art: La Ola de Kanagawa - Taller de pintura fl\u00faor \u00a1Ven a pintar sin\u00a0experiencia!\" \/>\n<meta property=\"og:description\" content=\"Disfruta una experiencia Art and Wine Barcelona pintando La Ola de Kanagawa en versi\u00f3n fl\u00faor. Taller guiado o libre con vino incluido.\" \/>\n<meta property=\"og:url\" content=\"https:\/\/wineandart-experience.com\/en\/product\/wine-and-art-la-ola-de-kanagawa-3\/\" \/>\n<meta property=\"og:site_name\" content=\"Taller de pintura fl\u00faor \u00a1Ven a pintar sin\u00a0experiencia!\" \/>\n<meta property=\"article:modified_time\" content=\"2026-04-26T12:47:18+00:00\" \/>\n<meta property=\"og:image\" content=\"https:\/\/wineandart-experience.com\/wp-content\/uploads\/2026\/04\/wineandartbarcelona-tallerneon-kanagawa.png\" \/>\n\t<meta property=\"og:image:width\" content=\"1078\" \/>\n\t<meta property=\"og:image:height\" content=\"1460\" \/>\n\t<meta property=\"og:image:type\" content=\"image\/png\" \/>\n<meta name=\"twitter:card\" content=\"summary_large_image\" \/>\n<meta name=\"twitter:label1\" content=\"Estimated reading time\" \/>\n\t<meta name=\"twitter:data1\" content=\"2 minutes\" \/>\n<script type=\"application\/ld+json\" class=\"yoast-schema-graph\">{\"@context\":\"https:\/\/schema.org\",\"@graph\":[{\"@type\":\"WebPage\",\"@id\":\"https:\/\/wineandart-experience.com\/producto\/wine-and-art-la-ola-de-kanagawa-3\/\",\"url\":\"https:\/\/wineandart-experience.com\/producto\/wine-and-art-la-ola-de-kanagawa-3\/\",\"name\":\"Wine and Art: La Ola de Kanagawa - Taller de pintura fl\u00faor \u00a1Ven a pintar sin\u00a0experiencia!\",\"isPartOf\":{\"@id\":\"https:\/\/wineandart-experience.com\/#website\"},\"primaryImageOfPage\":{\"@id\":\"https:\/\/wineandart-experience.com\/producto\/wine-and-art-la-ola-de-kanagawa-3\/#primaryimage\"},\"image\":{\"@id\":\"https:\/\/wineandart-experience.com\/producto\/wine-and-art-la-ola-de-kanagawa-3\/#primaryimage\"},\"thumbnailUrl\":\"https:\/\/wineandart-experience.com\/wp-content\/uploads\/2026\/04\/wineandartbarcelona-tallerneon-kanagawa.png\",\"datePublished\":\"2026-03-11T10:16:37+00:00\",\"dateModified\":\"2026-04-26T12:47:18+00:00\",\"description\":\"Disfruta una experiencia Art and Wine Barcelona pintando La Ola de Kanagawa en versi\u00f3n fl\u00faor. Taller guiado o libre con vino incluido.\",\"breadcrumb\":{\"@id\":\"https:\/\/wineandart-experience.com\/producto\/wine-and-art-la-ola-de-kanagawa-3\/#breadcrumb\"},\"inLanguage\":\"en-GB\",\"potentialAction\":[{\"@type\":\"ReadAction\",\"target\":[\"https:\/\/wineandart-experience.com\/producto\/wine-and-art-la-ola-de-kanagawa-3\/\"]}]},{\"@type\":\"ImageObject\",\"inLanguage\":\"en-GB\",\"@id\":\"https:\/\/wineandart-experience.com\/producto\/wine-and-art-la-ola-de-kanagawa-3\/#primaryimage\",\"url\":\"https:\/\/wineandart-experience.com\/wp-content\/uploads\/2026\/04\/wineandartbarcelona-tallerneon-kanagawa.png\",\"contentUrl\":\"https:\/\/wineandart-experience.com\/wp-content\/uploads\/2026\/04\/wineandartbarcelona-tallerneon-kanagawa.png\",\"width\":1078,\"height\":1460,\"caption\":\"Taller Art and Wine Barcelona pintando La Ola de Kanagawa en versi\u00f3n fl\u00faor\"},{\"@type\":\"BreadcrumbList\",\"@id\":\"https:\/\/wineandart-experience.com\/producto\/wine-and-art-la-ola-de-kanagawa-3\/#breadcrumb\",\"itemListElement\":[{\"@type\":\"ListItem\",\"position\":1,\"name\":\"Portada\",\"item\":\"https:\/\/wineandart-experience.com\/\"},{\"@type\":\"ListItem\",\"position\":2,\"name\":\"Productos\",\"item\":\"https:\/\/wineandart-experience.com\/shop\/\"},{\"@type\":\"ListItem\",\"position\":3,\"name\":\"Wine and Art: La Ola de Kanagawa\"}]},{\"@type\":\"WebSite\",\"@id\":\"https:\/\/wineandart-experience.com\/#website\",\"url\":\"https:\/\/wineandart-experience.com\/\",\"name\":\"Taller de pintura fl\u00faor \u00a1Ven a pintar sin\u00a0experiencia!\",\"description\":\"Taller de pintura fl\u00faor Barcelona\",\"publisher\":{\"@id\":\"https:\/\/wineandart-experience.com\/#organization\"},\"potentialAction\":[{\"@type\":\"SearchAction\",\"target\":{\"@type\":\"EntryPoint\",\"urlTemplate\":\"https:\/\/wineandart-experience.com\/?s={search_term_string}\"},\"query-input\":{\"@type\":\"PropertyValueSpecification\",\"valueRequired\":true,\"valueName\":\"search_term_string\"}}],\"inLanguage\":\"en-GB\"},{\"@type\":\"Organization\",\"@id\":\"https:\/\/wineandart-experience.com\/#organization\",\"name\":\"Taller de pintura fl\u00faor \u00a1Ven a pintar sin\u00a0experiencia!\",\"url\":\"https:\/\/wineandart-experience.com\/\",\"logo\":{\"@type\":\"ImageObject\",\"inLanguage\":\"en-GB\",\"@id\":\"https:\/\/wineandart-experience.com\/#\/schema\/logo\/image\/\",\"url\":\"https:\/\/wineandart-experience.com\/wp-content\/uploads\/2023\/07\/cropped-WhatsApp-Image-2023-07-28-at-2.34.26-PM.jpeg\",\"contentUrl\":\"https:\/\/wineandart-experience.com\/wp-content\/uploads\/2023\/07\/cropped-WhatsApp-Image-2023-07-28-at-2.34.26-PM.jpeg\",\"width\":499,\"height\":495,\"caption\":\"Taller de pintura fl\u00faor \u00a1Ven a pintar sin\u00a0experiencia!\"},\"image\":{\"@id\":\"https:\/\/wineandart-experience.com\/#\/schema\/logo\/image\/\"}}]}<\/script>\n<!-- \/ Yoast SEO plugin. -->","yoast_head_json":{"title":"Wine and Art: La Ola de Kanagawa - Taller de pintura fl\u00faor \u00a1Ven a pintar sin\u00a0experiencia!","description":"Disfruta una experiencia Art and Wine Barcelona pintando La Ola de Kanagawa en versi\u00f3n fl\u00faor. Taller guiado o libre con vino incluido.","robots":{"index":"index","follow":"follow","max-snippet":"max-snippet:-1","max-image-preview":"max-image-preview:large","max-video-preview":"max-video-preview:-1"},"canonical":"https:\/\/wineandart-experience.com\/en\/product\/wine-and-art-la-ola-de-kanagawa-3\/","og_locale":"en_GB","og_type":"article","og_title":"Wine and Art: La Ola de Kanagawa - Taller de pintura fl\u00faor \u00a1Ven a pintar sin\u00a0experiencia!","og_description":"Disfruta una experiencia Art and Wine Barcelona pintando La Ola de Kanagawa en versi\u00f3n fl\u00faor. Taller guiado o libre con vino incluido.","og_url":"https:\/\/wineandart-experience.com\/en\/product\/wine-and-art-la-ola-de-kanagawa-3\/","og_site_name":"Taller de pintura fl\u00faor \u00a1Ven a pintar sin\u00a0experiencia!","article_modified_time":"2026-04-26T12:47:18+00:00","og_image":[{"width":1078,"height":1460,"url":"https:\/\/wineandart-experience.com\/wp-content\/uploads\/2026\/04\/wineandartbarcelona-tallerneon-kanagawa.png","type":"image\/png"}],"twitter_card":"summary_large_image","twitter_misc":{"Estimated reading time":"2 minutes"},"schema":{"@context":"https:\/\/schema.org","@graph":[{"@type":"WebPage","@id":"https:\/\/wineandart-experience.com\/producto\/wine-and-art-la-ola-de-kanagawa-3\/","url":"https:\/\/wineandart-experience.com\/producto\/wine-and-art-la-ola-de-kanagawa-3\/","name":"Wine and Art: La Ola de Kanagawa - Taller de pintura fl\u00faor \u00a1Ven a pintar sin\u00a0experiencia!","isPartOf":{"@id":"https:\/\/wineandart-experience.com\/#website"},"primaryImageOfPage":{"@id":"https:\/\/wineandart-experience.com\/producto\/wine-and-art-la-ola-de-kanagawa-3\/#primaryimage"},"image":{"@id":"https:\/\/wineandart-experience.com\/producto\/wine-and-art-la-ola-de-kanagawa-3\/#primaryimage"},"thumbnailUrl":"https:\/\/wineandart-experience.com\/wp-content\/uploads\/2026\/04\/wineandartbarcelona-tallerneon-kanagawa.png","datePublished":"2026-03-11T10:16:37+00:00","dateModified":"2026-04-26T12:47:18+00:00","description":"Disfruta una experiencia Art and Wine Barcelona pintando La Ola de Kanagawa en versi\u00f3n fl\u00faor. Taller guiado o libre con vino incluido.","breadcrumb":{"@id":"https:\/\/wineandart-experience.com\/producto\/wine-and-art-la-ola-de-kanagawa-3\/#breadcrumb"},"inLanguage":"en-GB","potentialAction":[{"@type":"ReadAction","target":["https:\/\/wineandart-experience.com\/producto\/wine-and-art-la-ola-de-kanagawa-3\/"]}]},{"@type":"ImageObject","inLanguage":"en-GB","@id":"https:\/\/wineandart-experience.com\/producto\/wine-and-art-la-ola-de-kanagawa-3\/#primaryimage","url":"https:\/\/wineandart-experience.com\/wp-content\/uploads\/2026\/04\/wineandartbarcelona-tallerneon-kanagawa.png","contentUrl":"https:\/\/wineandart-experience.com\/wp-content\/uploads\/2026\/04\/wineandartbarcelona-tallerneon-kanagawa.png","width":1078,"height":1460,"caption":"Taller Art and Wine Barcelona pintando La Ola de Kanagawa en versi\u00f3n fl\u00faor"},{"@type":"BreadcrumbList","@id":"https:\/\/wineandart-experience.com\/producto\/wine-and-art-la-ola-de-kanagawa-3\/#breadcrumb","itemListElement":[{"@type":"ListItem","position":1,"name":"Portada","item":"https:\/\/wineandart-experience.com\/"},{"@type":"ListItem","position":2,"name":"Productos","item":"https:\/\/wineandart-experience.com\/shop\/"},{"@type":"ListItem","position":3,"name":"Wine and Art: La Ola de Kanagawa"}]},{"@type":"WebSite","@id":"https:\/\/wineandart-experience.com\/#website","url":"https:\/\/wineandart-experience.com\/","name":"Taller de pintura fl\u00faor \u00a1Ven a pintar sin\u00a0experiencia!","description":"Taller de pintura fl\u00faor Barcelona","publisher":{"@id":"https:\/\/wineandart-experience.com\/#organization"},"potentialAction":[{"@type":"SearchAction","target":{"@type":"EntryPoint","urlTemplate":"https:\/\/wineandart-experience.com\/?s={search_term_string}"},"query-input":{"@type":"PropertyValueSpecification","valueRequired":true,"valueName":"search_term_string"}}],"inLanguage":"en-GB"},{"@type":"Organization","@id":"https:\/\/wineandart-experience.com\/#organization","name":"Taller de pintura fl\u00faor \u00a1Ven a pintar sin\u00a0experiencia!","url":"https:\/\/wineandart-experience.com\/","logo":{"@type":"ImageObject","inLanguage":"en-GB","@id":"https:\/\/wineandart-experience.com\/#\/schema\/logo\/image\/","url":"https:\/\/wineandart-experience.com\/wp-content\/uploads\/2023\/07\/cropped-WhatsApp-Image-2023-07-28-at-2.34.26-PM.jpeg","contentUrl":"https:\/\/wineandart-experience.com\/wp-content\/uploads\/2023\/07\/cropped-WhatsApp-Image-2023-07-28-at-2.34.26-PM.jpeg","width":499,"height":495,"caption":"Taller de pintura fl\u00faor \u00a1Ven a pintar sin\u00a0experiencia!"},"image":{"@id":"https:\/\/wineandart-experience.com\/#\/schema\/logo\/image\/"}}]}},"_links":{"self":[{"href":"https:\/\/wineandart-experience.com\/en\/wp-json\/wp\/v2\/product\/18045","targetHints":{"allow":["GET"]}}],"collection":[{"href":"https:\/\/wineandart-experience.com\/en\/wp-json\/wp\/v2\/product"}],"about":[{"href":"https:\/\/wineandart-experience.com\/en\/wp-json\/wp\/v2\/types\/product"}],"version-history":[{"count":0,"href":"https:\/\/wineandart-experience.com\/en\/wp-json\/wp\/v2\/product\/18045\/revisions"}],"wp:featuredmedia":[{"embeddable":true,"href":"https:\/\/wineandart-experience.com\/en\/wp-json\/wp\/v2\/media\/18568"}],"wp:attachment":[{"href":"https:\/\/wineandart-experience.com\/en\/wp-json\/wp\/v2\/media?parent=18045"}],"wp:term":[{"taxonomy":"product_cat","embeddable":true,"href":"https:\/\/wineandart-experience.com\/en\/wp-json\/wp\/v2\/product_cat?post=18045"},{"taxonomy":"product_tag","embeddable":true,"href":"https:\/\/wineandart-experience.com\/en\/wp-json\/wp\/v2\/product_tag?post=18045"}],"curies":[{"name":"wp","href":"https:\/\/api.w.org\/{rel}","templated":true}]}}