{"id":18105,"date":"2026-03-11T16:03:07","date_gmt":"2026-03-11T14:03:07","guid":{"rendered":"https:\/\/wineandart-experience.com\/?post_type=product&#038;p=18105"},"modified":"2026-03-11T17:22:55","modified_gmt":"2026-03-11T15:22:55","slug":"wine-and-art-la-tortuga-copia","status":"publish","type":"product","link":"https:\/\/wineandart-experience.com\/en\/product\/wine-and-art-la-tortuga-copia\/","title":{"rendered":"Wine and Art: La Tortuga"},"content":{"rendered":"<div class=\"flex-shrink-0 flex flex-col relative items-end\">\n<div class=\"pt-0\">\n<div class=\"gizmo-bot-avatar flex h-8 w-8 items-center justify-center overflow-hidden rounded-full\">\n<div class=\"flex-shrink-0 flex flex-col relative items-end\">\n<div class=\"pt-0\">\n<h1 data-start=\"240\" data-end=\"303\">\ud83d\udc22 Pintar con pintura Neon Barcelona \u2013 Taller Tortuga Fl\u00faor<\/h1>\n<h3 data-start=\"305\" data-end=\"358\">Una experiencia luminosa para todos los niveles<\/h3>\n<p data-start=\"360\" data-end=\"745\">Descubre la magia de <strong data-start=\"381\" data-end=\"421\">pintar con pintura Neon en Barcelona<\/strong> con nuestro taller <em data-start=\"441\" data-end=\"456\">Tortuga Fl\u00faor<\/em>. A trav\u00e9s de una paleta de colores vibrantes, podr\u00e1s resaltar los intrincados detalles de las tortugas marinas y dar vida a una obra resplandeciente que brillar\u00e1 bajo la luz negra. Desde el primer trazo, sentir\u00e1s c\u00f3mo la creatividad fluye en un ambiente relajado y lleno de inspiraci\u00f3n.<\/p>\n<hr data-start=\"747\" data-end=\"750\" \/>\n<h3 data-start=\"752\" data-end=\"783\">\u00bfC\u00f3mo funciona el taller?<\/h3>\n<p data-start=\"785\" data-end=\"1046\">En la <strong data-start=\"791\" data-end=\"808\">opci\u00f3n guiada<\/strong>, nuestros artistas te ense\u00f1ar\u00e1n paso a paso c\u00f3mo dibujar la figura de la tortuga y aplicar la teor\u00eda del color para obtener efectos brillantes. Adem\u00e1s, te mostrar\u00e1n c\u00f3mo mezclar tonos fluorescentes para crear contrastes espectaculares.<\/p>\n<p data-start=\"1048\" data-end=\"1262\">En la <strong data-start=\"1054\" data-end=\"1070\">opci\u00f3n libre<\/strong>, tendr\u00e1s total autonom\u00eda para elegir tu propio dise\u00f1o. Aun as\u00ed, contar\u00e1s con la orientaci\u00f3n necesaria para aplicar t\u00e9cnicas con pintura ne\u00f3n y lograr que tu obra cobre vida en la oscuridad.<\/p>\n<hr data-start=\"1264\" data-end=\"1267\" \/>\n<h3 data-start=\"1269\" data-end=\"1301\">Una experiencia para todos<\/h3>\n<p data-start=\"1303\" data-end=\"1601\">No necesitas experiencia previa. Gracias a la gu\u00eda clara y al ambiente social del taller, disfrutar\u00e1s de una actividad \u00fanica que combina arte, creatividad y diversi\u00f3n. Puedes venir solo, con pareja, amigos o incluso en grupo para conocer gente nueva mientras creas tu obra bajo la magia del ne\u00f3n.<\/p>\n<hr data-start=\"1603\" data-end=\"1606\" \/>\n<h3 data-start=\"1608\" data-end=\"1655\">Eventos privados y actividades especiales<\/h3>\n<p data-start=\"1657\" data-end=\"1875\">El taller <em data-start=\"1667\" data-end=\"1682\">Tortuga Fl\u00faor<\/em> tambi\u00e9n est\u00e1 disponible para cumplea\u00f1os, despedidas de soltero\/a, eventos privados o din\u00e1micas de team building en Barcelona. Escr\u00edbenos y dise\u00f1aremos una experiencia a medida para tu grupo.<\/p>\n<hr data-start=\"1877\" data-end=\"1880\" \/>\n<h3 data-start=\"1882\" data-end=\"1904\">Reserva tu plaza<\/h3>\n<p data-start=\"1906\" data-end=\"2073\">Las plazas son limitadas y se gestionan \u00fanicamente con reserva previa.<br data-start=\"1976\" data-end=\"1979\" \/>\ud83d\udc49 Asegura tu lugar ahora y vive la experiencia de <strong data-start=\"2030\" data-end=\"2070\">pintar con pintura Neon en Barcelona<\/strong>.<\/p>\n<\/div>\n<\/div>\n<\/div>\n<\/div>\n<\/div>\n<div class=\"group\/conversation-turn relative flex w-full min-w-0 flex-col agent-turn\">\n<div class=\"flex-col gap-1 md:gap-3\">\n<div class=\"flex max-w-full flex-col flex-grow\">\n<div class=\"min-h-8 text-message flex w-full flex-col items-end gap-2 whitespace-normal break-words [.text-message+&amp;]:mt-5\" dir=\"auto\" data-message-author-role=\"assistant\" data-message-id=\"dd07e162-bdda-4873-b109-2b9ff64cb8dc\">\n<div class=\"flex w-full flex-col gap-1 empty:hidden first:pt-[3px]\">\n<div class=\"markdown prose w-full break-words dark:prose-invert light\">\n<p>&nbsp;<\/p>\n<\/div>\n<\/div>\n<\/div>\n<\/div>\n<\/div>\n<\/div>\n","protected":false},"excerpt":{"rendered":"<p>Descubre el taller <em data-start=\"2135\" data-end=\"2150\">Tortuga Fl\u00faor<\/em> y aprende a <strong data-start=\"2163\" data-end=\"2203\">pintar con pintura Neon en Barcelona<\/strong>. Una experiencia creativa paso a paso o libre para todos los niveles.<\/p>","protected":false},"featured_media":10209,"template":"","meta":{"_acf_changed":false},"product_cat":[20],"product_tag":[],"class_list":{"0":"post-18105","1":"product","2":"type-product","3":"status-publish","4":"has-post-thumbnail","6":"product_cat-barcelona","8":"first","9":"instock","10":"sale","11":"shipping-taxable","12":"purchasable","13":"product-type-simple"},"acf":{"producto_hora":"18:30-21 h","producto_lugar":"Carrer del Torrent de l'Olla, 66, 08012","product_date":"20260521","hora_inicio":"","hora_fin":""},"yoast_head":"<!-- This site is optimized with the Yoast SEO plugin v27.2 - https:\/\/yoast.com\/product\/yoast-seo-wordpress\/ -->\n<title>Wine and Art: La Tortuga - Taller de pintura fl\u00faor \u00a1Ven a pintar sin\u00a0experiencia!<\/title>\n<meta name=\"description\" content=\"Vive el taller Tortuga Fl\u00faor y aprende a pintar con pintura Neon en Barcelona. Disfruta de una experiencia creativa y vibrante en Gr\u00e0cia.\" \/>\n<meta name=\"robots\" content=\"index, follow, max-snippet:-1, max-image-preview:large, max-video-preview:-1\" \/>\n<link rel=\"canonical\" href=\"https:\/\/wineandart-experience.com\/en\/product\/wine-and-art-la-tortuga-copia\/\" \/>\n<meta property=\"og:locale\" content=\"en_GB\" \/>\n<meta property=\"og:type\" content=\"article\" \/>\n<meta property=\"og:title\" content=\"Wine and Art: La Tortuga - Taller de pintura fl\u00faor \u00a1Ven a pintar sin\u00a0experiencia!\" \/>\n<meta property=\"og:description\" content=\"Vive el taller Tortuga Fl\u00faor y aprende a pintar con pintura Neon en Barcelona. Disfruta de una experiencia creativa y vibrante en Gr\u00e0cia.\" \/>\n<meta property=\"og:url\" content=\"https:\/\/wineandart-experience.com\/en\/product\/wine-and-art-la-tortuga-copia\/\" \/>\n<meta property=\"og:site_name\" content=\"Taller de pintura fl\u00faor \u00a1Ven a pintar sin\u00a0experiencia!\" \/>\n<meta property=\"article:modified_time\" content=\"2026-03-11T15:22:55+00:00\" \/>\n<meta property=\"og:image\" content=\"https:\/\/wineandart-experience.com\/wp-content\/uploads\/2024\/12\/pinturayvino-barcelona-scaled.jpeg\" \/>\n\t<meta property=\"og:image:width\" content=\"1920\" \/>\n\t<meta property=\"og:image:height\" content=\"2560\" \/>\n\t<meta property=\"og:image:type\" content=\"image\/jpeg\" \/>\n<meta name=\"twitter:card\" content=\"summary_large_image\" \/>\n<meta name=\"twitter:label1\" content=\"Estimated reading time\" \/>\n\t<meta name=\"twitter:data1\" content=\"2 minutes\" \/>\n<script type=\"application\/ld+json\" class=\"yoast-schema-graph\">{\"@context\":\"https:\/\/schema.org\",\"@graph\":[{\"@type\":\"WebPage\",\"@id\":\"https:\/\/wineandart-experience.com\/producto\/wine-and-art-la-tortuga-copia\/\",\"url\":\"https:\/\/wineandart-experience.com\/producto\/wine-and-art-la-tortuga-copia\/\",\"name\":\"Wine and Art: La Tortuga - Taller de pintura fl\u00faor \u00a1Ven a pintar sin\u00a0experiencia!\",\"isPartOf\":{\"@id\":\"https:\/\/wineandart-experience.com\/#website\"},\"primaryImageOfPage\":{\"@id\":\"https:\/\/wineandart-experience.com\/producto\/wine-and-art-la-tortuga-copia\/#primaryimage\"},\"image\":{\"@id\":\"https:\/\/wineandart-experience.com\/producto\/wine-and-art-la-tortuga-copia\/#primaryimage\"},\"thumbnailUrl\":\"https:\/\/wineandart-experience.com\/wp-content\/uploads\/2024\/12\/pinturayvino-barcelona-scaled.jpeg\",\"datePublished\":\"2026-03-11T14:03:07+00:00\",\"dateModified\":\"2026-03-11T15:22:55+00:00\",\"description\":\"Vive el taller Tortuga Fl\u00faor y aprende a pintar con pintura Neon en Barcelona. Disfruta de una experiencia creativa y vibrante en Gr\u00e0cia.\",\"breadcrumb\":{\"@id\":\"https:\/\/wineandart-experience.com\/producto\/wine-and-art-la-tortuga-copia\/#breadcrumb\"},\"inLanguage\":\"en-GB\",\"potentialAction\":[{\"@type\":\"ReadAction\",\"target\":[\"https:\/\/wineandart-experience.com\/producto\/wine-and-art-la-tortuga-copia\/\"]}]},{\"@type\":\"ImageObject\",\"inLanguage\":\"en-GB\",\"@id\":\"https:\/\/wineandart-experience.com\/producto\/wine-and-art-la-tortuga-copia\/#primaryimage\",\"url\":\"https:\/\/wineandart-experience.com\/wp-content\/uploads\/2024\/12\/pinturayvino-barcelona-scaled.jpeg\",\"contentUrl\":\"https:\/\/wineandart-experience.com\/wp-content\/uploads\/2024\/12\/pinturayvino-barcelona-scaled.jpeg\",\"width\":1920,\"height\":2560,\"caption\":\"Pintura y vino Barcelona: taller de pintura, guiado paso a paso.\"},{\"@type\":\"BreadcrumbList\",\"@id\":\"https:\/\/wineandart-experience.com\/producto\/wine-and-art-la-tortuga-copia\/#breadcrumb\",\"itemListElement\":[{\"@type\":\"ListItem\",\"position\":1,\"name\":\"Portada\",\"item\":\"https:\/\/wineandart-experience.com\/\"},{\"@type\":\"ListItem\",\"position\":2,\"name\":\"Productos\",\"item\":\"https:\/\/wineandart-experience.com\/shop\/\"},{\"@type\":\"ListItem\",\"position\":3,\"name\":\"Wine and Art: La Tortuga\"}]},{\"@type\":\"WebSite\",\"@id\":\"https:\/\/wineandart-experience.com\/#website\",\"url\":\"https:\/\/wineandart-experience.com\/\",\"name\":\"Taller de pintura fl\u00faor \u00a1Ven a pintar sin\u00a0experiencia!\",\"description\":\"Taller de pintura fl\u00faor Barcelona\",\"publisher\":{\"@id\":\"https:\/\/wineandart-experience.com\/#organization\"},\"potentialAction\":[{\"@type\":\"SearchAction\",\"target\":{\"@type\":\"EntryPoint\",\"urlTemplate\":\"https:\/\/wineandart-experience.com\/?s={search_term_string}\"},\"query-input\":{\"@type\":\"PropertyValueSpecification\",\"valueRequired\":true,\"valueName\":\"search_term_string\"}}],\"inLanguage\":\"en-GB\"},{\"@type\":\"Organization\",\"@id\":\"https:\/\/wineandart-experience.com\/#organization\",\"name\":\"Taller de pintura fl\u00faor \u00a1Ven a pintar sin\u00a0experiencia!\",\"url\":\"https:\/\/wineandart-experience.com\/\",\"logo\":{\"@type\":\"ImageObject\",\"inLanguage\":\"en-GB\",\"@id\":\"https:\/\/wineandart-experience.com\/#\/schema\/logo\/image\/\",\"url\":\"https:\/\/wineandart-experience.com\/wp-content\/uploads\/2023\/07\/cropped-WhatsApp-Image-2023-07-28-at-2.34.26-PM.jpeg\",\"contentUrl\":\"https:\/\/wineandart-experience.com\/wp-content\/uploads\/2023\/07\/cropped-WhatsApp-Image-2023-07-28-at-2.34.26-PM.jpeg\",\"width\":499,\"height\":495,\"caption\":\"Taller de pintura fl\u00faor \u00a1Ven a pintar sin\u00a0experiencia!\"},\"image\":{\"@id\":\"https:\/\/wineandart-experience.com\/#\/schema\/logo\/image\/\"}}]}<\/script>\n<!-- \/ Yoast SEO plugin. -->","yoast_head_json":{"title":"Wine and Art: La Tortuga - Taller de pintura fl\u00faor \u00a1Ven a pintar sin\u00a0experiencia!","description":"Vive el taller Tortuga Fl\u00faor y aprende a pintar con pintura Neon en Barcelona. Disfruta de una experiencia creativa y vibrante en Gr\u00e0cia.","robots":{"index":"index","follow":"follow","max-snippet":"max-snippet:-1","max-image-preview":"max-image-preview:large","max-video-preview":"max-video-preview:-1"},"canonical":"https:\/\/wineandart-experience.com\/en\/product\/wine-and-art-la-tortuga-copia\/","og_locale":"en_GB","og_type":"article","og_title":"Wine and Art: La Tortuga - Taller de pintura fl\u00faor \u00a1Ven a pintar sin\u00a0experiencia!","og_description":"Vive el taller Tortuga Fl\u00faor y aprende a pintar con pintura Neon en Barcelona. Disfruta de una experiencia creativa y vibrante en Gr\u00e0cia.","og_url":"https:\/\/wineandart-experience.com\/en\/product\/wine-and-art-la-tortuga-copia\/","og_site_name":"Taller de pintura fl\u00faor \u00a1Ven a pintar sin\u00a0experiencia!","article_modified_time":"2026-03-11T15:22:55+00:00","og_image":[{"width":1920,"height":2560,"url":"https:\/\/wineandart-experience.com\/wp-content\/uploads\/2024\/12\/pinturayvino-barcelona-scaled.jpeg","type":"image\/jpeg"}],"twitter_card":"summary_large_image","twitter_misc":{"Estimated reading time":"2 minutes"},"schema":{"@context":"https:\/\/schema.org","@graph":[{"@type":"WebPage","@id":"https:\/\/wineandart-experience.com\/producto\/wine-and-art-la-tortuga-copia\/","url":"https:\/\/wineandart-experience.com\/producto\/wine-and-art-la-tortuga-copia\/","name":"Wine and Art: La Tortuga - Taller de pintura fl\u00faor \u00a1Ven a pintar sin\u00a0experiencia!","isPartOf":{"@id":"https:\/\/wineandart-experience.com\/#website"},"primaryImageOfPage":{"@id":"https:\/\/wineandart-experience.com\/producto\/wine-and-art-la-tortuga-copia\/#primaryimage"},"image":{"@id":"https:\/\/wineandart-experience.com\/producto\/wine-and-art-la-tortuga-copia\/#primaryimage"},"thumbnailUrl":"https:\/\/wineandart-experience.com\/wp-content\/uploads\/2024\/12\/pinturayvino-barcelona-scaled.jpeg","datePublished":"2026-03-11T14:03:07+00:00","dateModified":"2026-03-11T15:22:55+00:00","description":"Vive el taller Tortuga Fl\u00faor y aprende a pintar con pintura Neon en Barcelona. Disfruta de una experiencia creativa y vibrante en Gr\u00e0cia.","breadcrumb":{"@id":"https:\/\/wineandart-experience.com\/producto\/wine-and-art-la-tortuga-copia\/#breadcrumb"},"inLanguage":"en-GB","potentialAction":[{"@type":"ReadAction","target":["https:\/\/wineandart-experience.com\/producto\/wine-and-art-la-tortuga-copia\/"]}]},{"@type":"ImageObject","inLanguage":"en-GB","@id":"https:\/\/wineandart-experience.com\/producto\/wine-and-art-la-tortuga-copia\/#primaryimage","url":"https:\/\/wineandart-experience.com\/wp-content\/uploads\/2024\/12\/pinturayvino-barcelona-scaled.jpeg","contentUrl":"https:\/\/wineandart-experience.com\/wp-content\/uploads\/2024\/12\/pinturayvino-barcelona-scaled.jpeg","width":1920,"height":2560,"caption":"Pintura y vino Barcelona: taller de pintura, guiado paso a paso."},{"@type":"BreadcrumbList","@id":"https:\/\/wineandart-experience.com\/producto\/wine-and-art-la-tortuga-copia\/#breadcrumb","itemListElement":[{"@type":"ListItem","position":1,"name":"Portada","item":"https:\/\/wineandart-experience.com\/"},{"@type":"ListItem","position":2,"name":"Productos","item":"https:\/\/wineandart-experience.com\/shop\/"},{"@type":"ListItem","position":3,"name":"Wine and Art: La Tortuga"}]},{"@type":"WebSite","@id":"https:\/\/wineandart-experience.com\/#website","url":"https:\/\/wineandart-experience.com\/","name":"Taller de pintura fl\u00faor \u00a1Ven a pintar sin\u00a0experiencia!","description":"Taller de pintura fl\u00faor Barcelona","publisher":{"@id":"https:\/\/wineandart-experience.com\/#organization"},"potentialAction":[{"@type":"SearchAction","target":{"@type":"EntryPoint","urlTemplate":"https:\/\/wineandart-experience.com\/?s={search_term_string}"},"query-input":{"@type":"PropertyValueSpecification","valueRequired":true,"valueName":"search_term_string"}}],"inLanguage":"en-GB"},{"@type":"Organization","@id":"https:\/\/wineandart-experience.com\/#organization","name":"Taller de pintura fl\u00faor \u00a1Ven a pintar sin\u00a0experiencia!","url":"https:\/\/wineandart-experience.com\/","logo":{"@type":"ImageObject","inLanguage":"en-GB","@id":"https:\/\/wineandart-experience.com\/#\/schema\/logo\/image\/","url":"https:\/\/wineandart-experience.com\/wp-content\/uploads\/2023\/07\/cropped-WhatsApp-Image-2023-07-28-at-2.34.26-PM.jpeg","contentUrl":"https:\/\/wineandart-experience.com\/wp-content\/uploads\/2023\/07\/cropped-WhatsApp-Image-2023-07-28-at-2.34.26-PM.jpeg","width":499,"height":495,"caption":"Taller de pintura fl\u00faor \u00a1Ven a pintar sin\u00a0experiencia!"},"image":{"@id":"https:\/\/wineandart-experience.com\/#\/schema\/logo\/image\/"}}]}},"_links":{"self":[{"href":"https:\/\/wineandart-experience.com\/en\/wp-json\/wp\/v2\/product\/18105","targetHints":{"allow":["GET"]}}],"collection":[{"href":"https:\/\/wineandart-experience.com\/en\/wp-json\/wp\/v2\/product"}],"about":[{"href":"https:\/\/wineandart-experience.com\/en\/wp-json\/wp\/v2\/types\/product"}],"version-history":[{"count":0,"href":"https:\/\/wineandart-experience.com\/en\/wp-json\/wp\/v2\/product\/18105\/revisions"}],"wp:featuredmedia":[{"embeddable":true,"href":"https:\/\/wineandart-experience.com\/en\/wp-json\/wp\/v2\/media\/10209"}],"wp:attachment":[{"href":"https:\/\/wineandart-experience.com\/en\/wp-json\/wp\/v2\/media?parent=18105"}],"wp:term":[{"taxonomy":"product_cat","embeddable":true,"href":"https:\/\/wineandart-experience.com\/en\/wp-json\/wp\/v2\/product_cat?post=18105"},{"taxonomy":"product_tag","embeddable":true,"href":"https:\/\/wineandart-experience.com\/en\/wp-json\/wp\/v2\/product_tag?post=18105"}],"curies":[{"name":"wp","href":"https:\/\/api.w.org\/{rel}","templated":true}]}}