{"id":18158,"date":"2026-03-11T18:13:00","date_gmt":"2026-03-11T16:13:00","guid":{"rendered":"https:\/\/wineandart-experience.com\/?post_type=product&#038;p=18158"},"modified":"2026-03-11T18:14:58","modified_gmt":"2026-03-11T16:14:58","slug":"wine-and-art-pintar-un-oso%f0%9f%a7%b8-43","status":"publish","type":"product","link":"https:\/\/wineandart-experience.com\/en\/product\/wine-and-art-pintar-un-oso%f0%9f%a7%b8-43\/","title":{"rendered":"Wine and Art: Pintar un Oso\ud83e\uddf8"},"content":{"rendered":"<h1 data-start=\"216\" data-end=\"269\">Pintar un Oso Barcelona \ud83e\uddf8 \u2013 Bearbrick Painting<\/h1>\n<p data-start=\"270\" data-end=\"641\">Si buscas una actividad creativa y diferente, nuestro taller para <strong data-start=\"336\" data-end=\"366\">Pintar un Oso en Barcelona<\/strong> es perfecto para ti. En esta experiencia, personalizar\u00e1s un Bearbrick de 18 cm con pintura acr\u00edlica fluorescente, logrando un dise\u00f1o \u00fanico que refleje tu estilo. Gracias a nuestras indicaciones paso a paso, podr\u00e1s disfrutar del proceso sin necesidad de experiencia previa.<\/p>\n<h2 data-start=\"643\" data-end=\"701\">\u00bfQu\u00e9 incluye el taller para Pintar un Oso Barcelona?<\/h2>\n<p data-start=\"702\" data-end=\"734\">Durante la actividad, tendr\u00e1s:<\/p>\n<ul data-start=\"735\" data-end=\"992\">\n<li data-start=\"735\" data-end=\"795\">\n<p data-start=\"737\" data-end=\"795\">Un oso Bearbrick blanco listo para personalizar (18 cm).<\/p>\n<\/li>\n<li data-start=\"796\" data-end=\"852\">\n<p data-start=\"798\" data-end=\"852\">Pintura acr\u00edlica fluorescente y pinceles de calidad.<\/p>\n<\/li>\n<li data-start=\"853\" data-end=\"930\">\n<p data-start=\"855\" data-end=\"930\">Orientaci\u00f3n personalizada de nuestras artistas en cada etapa del proceso.<\/p>\n<\/li>\n<li data-start=\"931\" data-end=\"992\">\n<p data-start=\"933\" data-end=\"992\">Una caja individual para llevar tu obra a casa protegida.<\/p>\n<\/li>\n<\/ul>\n<h3 data-start=\"994\" data-end=\"1033\">Una experiencia creativa y social<\/h3>\n<p data-start=\"1034\" data-end=\"1293\">A lo largo del taller, disfrutar\u00e1s de un ambiente relajado, con m\u00fasica y buena energ\u00eda, ideal para venir con amigos, pareja o incluso para conocer gente nueva. Adem\u00e1s, la din\u00e1mica est\u00e1 pensada para que explores t\u00e9cnicas, colores y acabados sin limitaciones.<\/p>\n<h3 data-start=\"1295\" data-end=\"1323\">C\u00f3mo reservar tu plaza<\/h3>\n<p data-start=\"1324\" data-end=\"1471\">Las reservas se realizan online y las plazas son limitadas. Recibir\u00e1s la confirmaci\u00f3n por correo electr\u00f3nico (revisa tambi\u00e9n la carpeta de spam).<\/p>\n<h3 data-start=\"1473\" data-end=\"1511\">Talleres para eventos y empresas<\/h3>\n<p data-start=\"1512\" data-end=\"1743\">Si buscas celebrar un cumplea\u00f1os, una despedida o una actividad de team building, podemos organizar un taller privado a medida para tu grupo. <a href=\"https:\/\/wineandart-experience.com\/en\/team-building-en-barcelona\/?_gl=1*11wh61s*_up*MQ..*_ga*NDA1MzgwMjguMTc1NTI2OTQ2OA..*_ga_MGY7HKVKNT*czE3NTUyNjk0NjckbzEkZzEkdDE3NTUyNzAzNDYkajYwJGwwJGgw\"><strong>Escr\u00edbenos aqu\u00ed<\/strong><\/a> y crearemos una propuesta personalizada.<\/p>\n<p data-start=\"1745\" data-end=\"1969\">Tambi\u00e9n podr\u00e1s explorar otras experiencias creativas como <strong data-start=\"1803\" data-end=\"1836\">pintar un cuadro fluorescente<\/strong> inspirado en <em data-start=\"1850\" data-end=\"1865\">Los Girasoles<\/em> de Van Gogh, el <em data-start=\"1882\" data-end=\"1897\">Elephant Glow<\/em>, el <em data-start=\"1902\" data-end=\"1913\">Lion Glow<\/em>, la <em data-start=\"1918\" data-end=\"1931\">Medusa Glow<\/em>, la <em data-start=\"1936\" data-end=\"1945\">Tortuga<\/em> o el <em data-start=\"1951\" data-end=\"1966\">Perro Caganer<\/em>.<\/p>\n<p data-start=\"1971\" data-end=\"2089\">\ud83d\udccd Te esperamos en Barcelona para que vivas una experiencia diferente y te lleves a casa tu Bearbrick personalizado.<\/p>","protected":false},"excerpt":{"rendered":"<p>Descubre la experiencia de <strong data-start=\"2146\" data-end=\"2176\">Pintar un Oso en Barcelona<\/strong> personalizando un Bearbrick con pintura acr\u00edlica fluorescente. Ideal para disfrutar en un ambiente creativo y social, sin necesidad de experiencia previa.<\/p>","protected":false},"featured_media":13942,"template":"","meta":{"_acf_changed":false},"product_cat":[20],"product_tag":[],"class_list":{"0":"post-18158","1":"product","2":"type-product","3":"status-publish","4":"has-post-thumbnail","6":"product_cat-barcelona","8":"first","9":"instock","10":"sale","11":"shipping-taxable","12":"purchasable","13":"product-type-simple"},"acf":{"producto_hora":"16:45-18 h","producto_lugar":"Carrer del Torrent de l'Olla, 66, 08012","product_date":"20260530","hora_inicio":"","hora_fin":""},"yoast_head":"<!-- This site is optimized with the Yoast SEO plugin v27.2 - https:\/\/yoast.com\/product\/yoast-seo-wordpress\/ -->\n<title>Wine and Art: Pintar un Oso\ud83e\uddf8 - Taller de pintura fl\u00faor \u00a1Ven a pintar sin\u00a0experiencia!<\/title>\n<meta name=\"description\" content=\"Vive la experiencia de pintar un oso en Barcelona con pintura acr\u00edlica fluorescente. Actividad creativa, social y sin necesidad de experiencia previa.\" \/>\n<meta name=\"robots\" content=\"index, follow, max-snippet:-1, max-image-preview:large, max-video-preview:-1\" \/>\n<link rel=\"canonical\" href=\"https:\/\/wineandart-experience.com\/en\/product\/wine-and-art-pintar-un-oso\ud83e\uddf8-43\/\" \/>\n<meta property=\"og:locale\" content=\"en_GB\" \/>\n<meta property=\"og:type\" content=\"article\" \/>\n<meta property=\"og:title\" content=\"Wine and Art: Pintar un Oso\ud83e\uddf8 - Taller de pintura fl\u00faor \u00a1Ven a pintar sin\u00a0experiencia!\" \/>\n<meta property=\"og:description\" content=\"Vive la experiencia de pintar un oso en Barcelona con pintura acr\u00edlica fluorescente. Actividad creativa, social y sin necesidad de experiencia previa.\" \/>\n<meta property=\"og:url\" content=\"https:\/\/wineandart-experience.com\/en\/product\/wine-and-art-pintar-un-oso\ud83e\uddf8-43\/\" \/>\n<meta property=\"og:site_name\" content=\"Taller de pintura fl\u00faor \u00a1Ven a pintar sin\u00a0experiencia!\" \/>\n<meta property=\"article:modified_time\" content=\"2026-03-11T16:14:58+00:00\" \/>\n<meta property=\"og:image\" content=\"https:\/\/wineandart-experience.com\/wp-content\/uploads\/2025\/08\/pintarunoso-barcelona.jpg\" \/>\n\t<meta property=\"og:image:width\" content=\"1080\" \/>\n\t<meta property=\"og:image:height\" content=\"1080\" \/>\n\t<meta property=\"og:image:type\" content=\"image\/jpeg\" \/>\n<meta name=\"twitter:card\" content=\"summary_large_image\" \/>\n<meta name=\"twitter:label1\" content=\"Estimated reading time\" \/>\n\t<meta name=\"twitter:data1\" content=\"2 minutes\" \/>\n<script type=\"application\/ld+json\" class=\"yoast-schema-graph\">{\"@context\":\"https:\/\/schema.org\",\"@graph\":[{\"@type\":\"WebPage\",\"@id\":\"https:\/\/wineandart-experience.com\/producto\/wine-and-art-pintar-un-oso%f0%9f%a7%b8-43\/\",\"url\":\"https:\/\/wineandart-experience.com\/producto\/wine-and-art-pintar-un-oso%f0%9f%a7%b8-43\/\",\"name\":\"Wine and Art: Pintar un Oso\ud83e\uddf8 - Taller de pintura fl\u00faor \u00a1Ven a pintar sin\u00a0experiencia!\",\"isPartOf\":{\"@id\":\"https:\/\/wineandart-experience.com\/#website\"},\"primaryImageOfPage\":{\"@id\":\"https:\/\/wineandart-experience.com\/producto\/wine-and-art-pintar-un-oso%f0%9f%a7%b8-43\/#primaryimage\"},\"image\":{\"@id\":\"https:\/\/wineandart-experience.com\/producto\/wine-and-art-pintar-un-oso%f0%9f%a7%b8-43\/#primaryimage\"},\"thumbnailUrl\":\"https:\/\/wineandart-experience.com\/wp-content\/uploads\/2025\/08\/pintarunoso-barcelona.jpg\",\"datePublished\":\"2026-03-11T16:13:00+00:00\",\"dateModified\":\"2026-03-11T16:14:58+00:00\",\"description\":\"Vive la experiencia de pintar un oso en Barcelona con pintura acr\u00edlica fluorescente. Actividad creativa, social y sin necesidad de experiencia previa.\",\"breadcrumb\":{\"@id\":\"https:\/\/wineandart-experience.com\/producto\/wine-and-art-pintar-un-oso%f0%9f%a7%b8-43\/#breadcrumb\"},\"inLanguage\":\"en-GB\",\"potentialAction\":[{\"@type\":\"ReadAction\",\"target\":[\"https:\/\/wineandart-experience.com\/producto\/wine-and-art-pintar-un-oso%f0%9f%a7%b8-43\/\"]}]},{\"@type\":\"ImageObject\",\"inLanguage\":\"en-GB\",\"@id\":\"https:\/\/wineandart-experience.com\/producto\/wine-and-art-pintar-un-oso%f0%9f%a7%b8-43\/#primaryimage\",\"url\":\"https:\/\/wineandart-experience.com\/wp-content\/uploads\/2025\/08\/pintarunoso-barcelona.jpg\",\"contentUrl\":\"https:\/\/wineandart-experience.com\/wp-content\/uploads\/2025\/08\/pintarunoso-barcelona.jpg\",\"width\":1080,\"height\":1080,\"caption\":\"Pintar un oso Barcelona: Taller para pintar un oso fl\u00faor\"},{\"@type\":\"BreadcrumbList\",\"@id\":\"https:\/\/wineandart-experience.com\/producto\/wine-and-art-pintar-un-oso%f0%9f%a7%b8-43\/#breadcrumb\",\"itemListElement\":[{\"@type\":\"ListItem\",\"position\":1,\"name\":\"Portada\",\"item\":\"https:\/\/wineandart-experience.com\/\"},{\"@type\":\"ListItem\",\"position\":2,\"name\":\"Productos\",\"item\":\"https:\/\/wineandart-experience.com\/shop\/\"},{\"@type\":\"ListItem\",\"position\":3,\"name\":\"Wine and Art: Pintar un Oso\ud83e\uddf8\"}]},{\"@type\":\"WebSite\",\"@id\":\"https:\/\/wineandart-experience.com\/#website\",\"url\":\"https:\/\/wineandart-experience.com\/\",\"name\":\"Taller de pintura fl\u00faor \u00a1Ven a pintar sin\u00a0experiencia!\",\"description\":\"Taller de pintura fl\u00faor Barcelona\",\"publisher\":{\"@id\":\"https:\/\/wineandart-experience.com\/#organization\"},\"potentialAction\":[{\"@type\":\"SearchAction\",\"target\":{\"@type\":\"EntryPoint\",\"urlTemplate\":\"https:\/\/wineandart-experience.com\/?s={search_term_string}\"},\"query-input\":{\"@type\":\"PropertyValueSpecification\",\"valueRequired\":true,\"valueName\":\"search_term_string\"}}],\"inLanguage\":\"en-GB\"},{\"@type\":\"Organization\",\"@id\":\"https:\/\/wineandart-experience.com\/#organization\",\"name\":\"Taller de pintura fl\u00faor \u00a1Ven a pintar sin\u00a0experiencia!\",\"url\":\"https:\/\/wineandart-experience.com\/\",\"logo\":{\"@type\":\"ImageObject\",\"inLanguage\":\"en-GB\",\"@id\":\"https:\/\/wineandart-experience.com\/#\/schema\/logo\/image\/\",\"url\":\"https:\/\/wineandart-experience.com\/wp-content\/uploads\/2023\/07\/cropped-WhatsApp-Image-2023-07-28-at-2.34.26-PM.jpeg\",\"contentUrl\":\"https:\/\/wineandart-experience.com\/wp-content\/uploads\/2023\/07\/cropped-WhatsApp-Image-2023-07-28-at-2.34.26-PM.jpeg\",\"width\":499,\"height\":495,\"caption\":\"Taller de pintura fl\u00faor \u00a1Ven a pintar sin\u00a0experiencia!\"},\"image\":{\"@id\":\"https:\/\/wineandart-experience.com\/#\/schema\/logo\/image\/\"}}]}<\/script>\n<!-- \/ Yoast SEO plugin. -->","yoast_head_json":{"title":"Wine and Art: Pintar un Oso\ud83e\uddf8 - Taller de pintura fl\u00faor \u00a1Ven a pintar sin\u00a0experiencia!","description":"Vive la experiencia de pintar un oso en Barcelona con pintura acr\u00edlica fluorescente. Actividad creativa, social y sin necesidad de experiencia previa.","robots":{"index":"index","follow":"follow","max-snippet":"max-snippet:-1","max-image-preview":"max-image-preview:large","max-video-preview":"max-video-preview:-1"},"canonical":"https:\/\/wineandart-experience.com\/en\/product\/wine-and-art-pintar-un-oso\ud83e\uddf8-43\/","og_locale":"en_GB","og_type":"article","og_title":"Wine and Art: Pintar un Oso\ud83e\uddf8 - Taller de pintura fl\u00faor \u00a1Ven a pintar sin\u00a0experiencia!","og_description":"Vive la experiencia de pintar un oso en Barcelona con pintura acr\u00edlica fluorescente. Actividad creativa, social y sin necesidad de experiencia previa.","og_url":"https:\/\/wineandart-experience.com\/en\/product\/wine-and-art-pintar-un-oso\ud83e\uddf8-43\/","og_site_name":"Taller de pintura fl\u00faor \u00a1Ven a pintar sin\u00a0experiencia!","article_modified_time":"2026-03-11T16:14:58+00:00","og_image":[{"width":1080,"height":1080,"url":"https:\/\/wineandart-experience.com\/wp-content\/uploads\/2025\/08\/pintarunoso-barcelona.jpg","type":"image\/jpeg"}],"twitter_card":"summary_large_image","twitter_misc":{"Estimated reading time":"2 minutes"},"schema":{"@context":"https:\/\/schema.org","@graph":[{"@type":"WebPage","@id":"https:\/\/wineandart-experience.com\/producto\/wine-and-art-pintar-un-oso%f0%9f%a7%b8-43\/","url":"https:\/\/wineandart-experience.com\/producto\/wine-and-art-pintar-un-oso%f0%9f%a7%b8-43\/","name":"Wine and Art: Pintar un Oso\ud83e\uddf8 - Taller de pintura fl\u00faor \u00a1Ven a pintar sin\u00a0experiencia!","isPartOf":{"@id":"https:\/\/wineandart-experience.com\/#website"},"primaryImageOfPage":{"@id":"https:\/\/wineandart-experience.com\/producto\/wine-and-art-pintar-un-oso%f0%9f%a7%b8-43\/#primaryimage"},"image":{"@id":"https:\/\/wineandart-experience.com\/producto\/wine-and-art-pintar-un-oso%f0%9f%a7%b8-43\/#primaryimage"},"thumbnailUrl":"https:\/\/wineandart-experience.com\/wp-content\/uploads\/2025\/08\/pintarunoso-barcelona.jpg","datePublished":"2026-03-11T16:13:00+00:00","dateModified":"2026-03-11T16:14:58+00:00","description":"Vive la experiencia de pintar un oso en Barcelona con pintura acr\u00edlica fluorescente. Actividad creativa, social y sin necesidad de experiencia previa.","breadcrumb":{"@id":"https:\/\/wineandart-experience.com\/producto\/wine-and-art-pintar-un-oso%f0%9f%a7%b8-43\/#breadcrumb"},"inLanguage":"en-GB","potentialAction":[{"@type":"ReadAction","target":["https:\/\/wineandart-experience.com\/producto\/wine-and-art-pintar-un-oso%f0%9f%a7%b8-43\/"]}]},{"@type":"ImageObject","inLanguage":"en-GB","@id":"https:\/\/wineandart-experience.com\/producto\/wine-and-art-pintar-un-oso%f0%9f%a7%b8-43\/#primaryimage","url":"https:\/\/wineandart-experience.com\/wp-content\/uploads\/2025\/08\/pintarunoso-barcelona.jpg","contentUrl":"https:\/\/wineandart-experience.com\/wp-content\/uploads\/2025\/08\/pintarunoso-barcelona.jpg","width":1080,"height":1080,"caption":"Pintar un oso Barcelona: Taller para pintar un oso fl\u00faor"},{"@type":"BreadcrumbList","@id":"https:\/\/wineandart-experience.com\/producto\/wine-and-art-pintar-un-oso%f0%9f%a7%b8-43\/#breadcrumb","itemListElement":[{"@type":"ListItem","position":1,"name":"Portada","item":"https:\/\/wineandart-experience.com\/"},{"@type":"ListItem","position":2,"name":"Productos","item":"https:\/\/wineandart-experience.com\/shop\/"},{"@type":"ListItem","position":3,"name":"Wine and Art: Pintar un Oso\ud83e\uddf8"}]},{"@type":"WebSite","@id":"https:\/\/wineandart-experience.com\/#website","url":"https:\/\/wineandart-experience.com\/","name":"Taller de pintura fl\u00faor \u00a1Ven a pintar sin\u00a0experiencia!","description":"Taller de pintura fl\u00faor Barcelona","publisher":{"@id":"https:\/\/wineandart-experience.com\/#organization"},"potentialAction":[{"@type":"SearchAction","target":{"@type":"EntryPoint","urlTemplate":"https:\/\/wineandart-experience.com\/?s={search_term_string}"},"query-input":{"@type":"PropertyValueSpecification","valueRequired":true,"valueName":"search_term_string"}}],"inLanguage":"en-GB"},{"@type":"Organization","@id":"https:\/\/wineandart-experience.com\/#organization","name":"Taller de pintura fl\u00faor \u00a1Ven a pintar sin\u00a0experiencia!","url":"https:\/\/wineandart-experience.com\/","logo":{"@type":"ImageObject","inLanguage":"en-GB","@id":"https:\/\/wineandart-experience.com\/#\/schema\/logo\/image\/","url":"https:\/\/wineandart-experience.com\/wp-content\/uploads\/2023\/07\/cropped-WhatsApp-Image-2023-07-28-at-2.34.26-PM.jpeg","contentUrl":"https:\/\/wineandart-experience.com\/wp-content\/uploads\/2023\/07\/cropped-WhatsApp-Image-2023-07-28-at-2.34.26-PM.jpeg","width":499,"height":495,"caption":"Taller de pintura fl\u00faor \u00a1Ven a pintar sin\u00a0experiencia!"},"image":{"@id":"https:\/\/wineandart-experience.com\/#\/schema\/logo\/image\/"}}]}},"_links":{"self":[{"href":"https:\/\/wineandart-experience.com\/en\/wp-json\/wp\/v2\/product\/18158","targetHints":{"allow":["GET"]}}],"collection":[{"href":"https:\/\/wineandart-experience.com\/en\/wp-json\/wp\/v2\/product"}],"about":[{"href":"https:\/\/wineandart-experience.com\/en\/wp-json\/wp\/v2\/types\/product"}],"version-history":[{"count":0,"href":"https:\/\/wineandart-experience.com\/en\/wp-json\/wp\/v2\/product\/18158\/revisions"}],"wp:featuredmedia":[{"embeddable":true,"href":"https:\/\/wineandart-experience.com\/en\/wp-json\/wp\/v2\/media\/13942"}],"wp:attachment":[{"href":"https:\/\/wineandart-experience.com\/en\/wp-json\/wp\/v2\/media?parent=18158"}],"wp:term":[{"taxonomy":"product_cat","embeddable":true,"href":"https:\/\/wineandart-experience.com\/en\/wp-json\/wp\/v2\/product_cat?post=18158"},{"taxonomy":"product_tag","embeddable":true,"href":"https:\/\/wineandart-experience.com\/en\/wp-json\/wp\/v2\/product_tag?post=18158"}],"curies":[{"name":"wp","href":"https:\/\/api.w.org\/{rel}","templated":true}]}}