{"id":18159,"date":"2026-03-11T18:13:10","date_gmt":"2026-03-11T16:13:10","guid":{"rendered":"https:\/\/wineandart-experience.com\/?post_type=product&#038;p=18159"},"modified":"2026-03-11T18:14:36","modified_gmt":"2026-03-11T16:14:36","slug":"wine-and-art-lion-glow-13","status":"publish","type":"product","link":"https:\/\/wineandart-experience.com\/en\/product\/wine-and-art-lion-glow-13\/","title":{"rendered":"Wine and Art: Lion Glow"},"content":{"rendered":"<h2 data-start=\"211\" data-end=\"253\">Taller de Pintura Ne\u00f3n: Lion Glow \ud83e\udd81\u2728<\/h2>\n<h3 data-start=\"255\" data-end=\"285\">Opci\u00f3n guiada: Lion Glow<\/h3>\n<p data-start=\"286\" data-end=\"823\">En este <strong data-start=\"294\" data-end=\"320\">taller de pintura ne\u00f3n<\/strong> con luz negra, el Rey de la Selva cobra vida gracias a la magia de las pinturas fluorescentes, creando un efecto visual impresionante que brilla en la oscuridad. El protagonista ser\u00e1 un majestuoso le\u00f3n, s\u00edmbolo de fuerza y valent\u00eda. Nuestros artistas te guiar\u00e1n paso a paso para que des rienda suelta a tu creatividad y te lleves a casa una obra vibrante y \u00fanica. Adem\u00e1s, la atm\u00f3sfera del taller, con m\u00fasica inspiradora y un ambiente relajado, har\u00e1 que disfrutes del proceso tanto como del resultado.<\/p>\n<h3 data-start=\"825\" data-end=\"847\">Opci\u00f3n por libre<\/h3>\n<p data-start=\"848\" data-end=\"1192\">Si prefieres improvisar, en Wine and Art Experience tambi\u00e9n puedes elegir qu\u00e9 pintar. Antes de comenzar, te explicaremos la teor\u00eda del color y c\u00f3mo mezclar tonos para que crees tu propia obra personal. As\u00ed, podr\u00e1s explorar tu estilo mientras experimentas con las pinturas fluorescentes y compartes la experiencia con otras personas creativas.<\/p>\n<h3 data-start=\"1194\" data-end=\"1244\">Una experiencia art\u00edstica \u00fanica en Barcelona<\/h3>\n<p data-start=\"1245\" data-end=\"1534\">Tanto en la opci\u00f3n guiada como en la libre, vivir\u00e1s una actividad divertida y llena de inspiraci\u00f3n. Este <strong data-start=\"1350\" data-end=\"1376\">taller de pintura ne\u00f3n<\/strong> es perfecto para venir con amigos, en pareja o incluso solo, ya que es una gran oportunidad para conocer gente nueva en un ambiente distendido y art\u00edstico.<\/p>\n<h3 data-start=\"1536\" data-end=\"1564\">Informaci\u00f3n y reservas<\/h3>\n<p data-start=\"1565\" data-end=\"1834\">\ud83d\udcc5 <strong data-start=\"1568\" data-end=\"1588\">Plazas limitadas<\/strong> \u2013 Reserva tu experiencia online con antelaci\u00f3n.<br data-start=\"1636\" data-end=\"1639\" \/>\ud83c\udf89 Tambi\u00e9n organizamos cumplea\u00f1os, eventos privados y actividades de team building adaptadas a tu grupo. <a href=\"https:\/\/wineandart-experience.com\/en\/team-building-en-barcelona\/?_gl=1*1me6t1d*_up*MQ..*_ga*NDA1MzgwMjguMTc1NTI2OTQ2OA..*_ga_MGY7HKVKNT*czE3NTUyNjk0NjckbzEkZzAkdDE3NTUyNjk0NjckajYwJGwwJGgw\">Escr\u00edbenos aqu\u00ed\u00a0<\/a>para recibir una propuesta personalizada.<\/p>\n<h3 data-start=\"1836\" data-end=\"1885\">M\u00e1s experiencias de nuestro taller fl\u00faor<\/h3>\n<p data-start=\"1886\" data-end=\"2199\">Adem\u00e1s de Lion Glow, podr\u00e1s disfrutar de otros talleres como \u201cLa Noche Estrellada\u201d y \u201cLos Girasoles\u201d de Vincent Van Gogh, \u201cElephant Glow\u201d, \u201cMedusa Glow\u201d, \u201cLa Tortuga\u201d, \u201cEl Perro Caganer\u201d o la innovadora actividad <strong data-start=\"2099\" data-end=\"2121\">Bearbrick Painting<\/strong>, en la que personalizamos osos de vinilo con distintas t\u00e9cnicas art\u00edsticas.<\/p>","protected":false},"excerpt":{"rendered":"<p>Vive la magia del <strong data-start=\"271\" data-end=\"297\">taller de pintura ne\u00f3n<\/strong> <em data-start=\"298\" data-end=\"309\">Lion Glow<\/em> en Barcelona. Pinta un majestuoso le\u00f3n con pintura fluorescente bajo luz negra, guiado por artistas profesionales en un ambiente creativo, relajado y lleno de inspiraci\u00f3n. Elige entre la opci\u00f3n guiada o por libre y crea una obra \u00fanica que brilla en la oscuridad. Plazas limitadas, \u00a1reserva ahora!<\/p>","protected":false},"featured_media":13920,"template":"","meta":{"_acf_changed":false},"product_cat":[20],"product_tag":[],"class_list":{"0":"post-18159","1":"product","2":"type-product","3":"status-publish","4":"has-post-thumbnail","6":"product_cat-barcelona","8":"first","9":"instock","10":"sale","11":"shipping-taxable","12":"purchasable","13":"product-type-simple"},"acf":{"producto_hora":"19-21 h","producto_lugar":"Carrer del Torrent de l'Olla, 66, 08012","product_date":"20260530","hora_inicio":"","hora_fin":""},"yoast_head":"<!-- This site is optimized with the Yoast SEO plugin v27.2 - https:\/\/yoast.com\/product\/yoast-seo-wordpress\/ -->\n<title>Wine and Art: Lion Glow - Taller de pintura fl\u00faor \u00a1Ven a pintar sin\u00a0experiencia!<\/title>\n<meta name=\"description\" content=\"Taller de pintura ne\u00f3n en Barcelona para crear un majestuoso le\u00f3n bajo luz negra. Vive una experiencia creativa y \u00fanica. \u00a1Reserva tu plaza!\" \/>\n<meta name=\"robots\" content=\"index, follow, max-snippet:-1, max-image-preview:large, max-video-preview:-1\" \/>\n<link rel=\"canonical\" href=\"https:\/\/wineandart-experience.com\/en\/product\/wine-and-art-lion-glow-13\/\" \/>\n<meta property=\"og:locale\" content=\"en_GB\" \/>\n<meta property=\"og:type\" content=\"article\" \/>\n<meta property=\"og:title\" content=\"Wine and Art: Lion Glow - Taller de pintura fl\u00faor \u00a1Ven a pintar sin\u00a0experiencia!\" \/>\n<meta property=\"og:description\" content=\"Taller de pintura ne\u00f3n en Barcelona para crear un majestuoso le\u00f3n bajo luz negra. Vive una experiencia creativa y \u00fanica. \u00a1Reserva tu plaza!\" \/>\n<meta property=\"og:url\" content=\"https:\/\/wineandart-experience.com\/en\/product\/wine-and-art-lion-glow-13\/\" \/>\n<meta property=\"og:site_name\" content=\"Taller de pintura fl\u00faor \u00a1Ven a pintar sin\u00a0experiencia!\" \/>\n<meta property=\"article:modified_time\" content=\"2026-03-11T16:14:36+00:00\" \/>\n<meta property=\"og:image\" content=\"https:\/\/wineandart-experience.com\/wp-content\/uploads\/2025\/08\/PINTURANEON-BARCELONA-LEON.jpeg\" \/>\n\t<meta property=\"og:image:width\" content=\"1488\" \/>\n\t<meta property=\"og:image:height\" content=\"1984\" \/>\n\t<meta property=\"og:image:type\" content=\"image\/jpeg\" \/>\n<meta name=\"twitter:card\" content=\"summary_large_image\" \/>\n<meta name=\"twitter:label1\" content=\"Estimated reading time\" \/>\n\t<meta name=\"twitter:data1\" content=\"2 minutes\" \/>\n<script type=\"application\/ld+json\" class=\"yoast-schema-graph\">{\"@context\":\"https:\/\/schema.org\",\"@graph\":[{\"@type\":\"WebPage\",\"@id\":\"https:\/\/wineandart-experience.com\/producto\/wine-and-art-lion-glow-13\/\",\"url\":\"https:\/\/wineandart-experience.com\/producto\/wine-and-art-lion-glow-13\/\",\"name\":\"Wine and Art: Lion Glow - Taller de pintura fl\u00faor \u00a1Ven a pintar sin\u00a0experiencia!\",\"isPartOf\":{\"@id\":\"https:\/\/wineandart-experience.com\/#website\"},\"primaryImageOfPage\":{\"@id\":\"https:\/\/wineandart-experience.com\/producto\/wine-and-art-lion-glow-13\/#primaryimage\"},\"image\":{\"@id\":\"https:\/\/wineandart-experience.com\/producto\/wine-and-art-lion-glow-13\/#primaryimage\"},\"thumbnailUrl\":\"https:\/\/wineandart-experience.com\/wp-content\/uploads\/2025\/08\/PINTURANEON-BARCELONA-LEON.jpeg\",\"datePublished\":\"2026-03-11T16:13:10+00:00\",\"dateModified\":\"2026-03-11T16:14:36+00:00\",\"description\":\"Taller de pintura ne\u00f3n en Barcelona para crear un majestuoso le\u00f3n bajo luz negra. Vive una experiencia creativa y \u00fanica. \u00a1Reserva tu plaza!\",\"breadcrumb\":{\"@id\":\"https:\/\/wineandart-experience.com\/producto\/wine-and-art-lion-glow-13\/#breadcrumb\"},\"inLanguage\":\"en-GB\",\"potentialAction\":[{\"@type\":\"ReadAction\",\"target\":[\"https:\/\/wineandart-experience.com\/producto\/wine-and-art-lion-glow-13\/\"]}]},{\"@type\":\"ImageObject\",\"inLanguage\":\"en-GB\",\"@id\":\"https:\/\/wineandart-experience.com\/producto\/wine-and-art-lion-glow-13\/#primaryimage\",\"url\":\"https:\/\/wineandart-experience.com\/wp-content\/uploads\/2025\/08\/PINTURANEON-BARCELONA-LEON.jpeg\",\"contentUrl\":\"https:\/\/wineandart-experience.com\/wp-content\/uploads\/2025\/08\/PINTURANEON-BARCELONA-LEON.jpeg\",\"width\":1488,\"height\":1984,\"caption\":\"Cuadro de pintura ne\u00f3n\"},{\"@type\":\"BreadcrumbList\",\"@id\":\"https:\/\/wineandart-experience.com\/producto\/wine-and-art-lion-glow-13\/#breadcrumb\",\"itemListElement\":[{\"@type\":\"ListItem\",\"position\":1,\"name\":\"Portada\",\"item\":\"https:\/\/wineandart-experience.com\/\"},{\"@type\":\"ListItem\",\"position\":2,\"name\":\"Productos\",\"item\":\"https:\/\/wineandart-experience.com\/shop\/\"},{\"@type\":\"ListItem\",\"position\":3,\"name\":\"Wine and Art: Lion Glow\"}]},{\"@type\":\"WebSite\",\"@id\":\"https:\/\/wineandart-experience.com\/#website\",\"url\":\"https:\/\/wineandart-experience.com\/\",\"name\":\"Taller de pintura fl\u00faor \u00a1Ven a pintar sin\u00a0experiencia!\",\"description\":\"Taller de pintura fl\u00faor Barcelona\",\"publisher\":{\"@id\":\"https:\/\/wineandart-experience.com\/#organization\"},\"potentialAction\":[{\"@type\":\"SearchAction\",\"target\":{\"@type\":\"EntryPoint\",\"urlTemplate\":\"https:\/\/wineandart-experience.com\/?s={search_term_string}\"},\"query-input\":{\"@type\":\"PropertyValueSpecification\",\"valueRequired\":true,\"valueName\":\"search_term_string\"}}],\"inLanguage\":\"en-GB\"},{\"@type\":\"Organization\",\"@id\":\"https:\/\/wineandart-experience.com\/#organization\",\"name\":\"Taller de pintura fl\u00faor \u00a1Ven a pintar sin\u00a0experiencia!\",\"url\":\"https:\/\/wineandart-experience.com\/\",\"logo\":{\"@type\":\"ImageObject\",\"inLanguage\":\"en-GB\",\"@id\":\"https:\/\/wineandart-experience.com\/#\/schema\/logo\/image\/\",\"url\":\"https:\/\/wineandart-experience.com\/wp-content\/uploads\/2023\/07\/cropped-WhatsApp-Image-2023-07-28-at-2.34.26-PM.jpeg\",\"contentUrl\":\"https:\/\/wineandart-experience.com\/wp-content\/uploads\/2023\/07\/cropped-WhatsApp-Image-2023-07-28-at-2.34.26-PM.jpeg\",\"width\":499,\"height\":495,\"caption\":\"Taller de pintura fl\u00faor \u00a1Ven a pintar sin\u00a0experiencia!\"},\"image\":{\"@id\":\"https:\/\/wineandart-experience.com\/#\/schema\/logo\/image\/\"}}]}<\/script>\n<!-- \/ Yoast SEO plugin. -->","yoast_head_json":{"title":"Wine and Art: Lion Glow - Taller de pintura fl\u00faor \u00a1Ven a pintar sin\u00a0experiencia!","description":"Taller de pintura ne\u00f3n en Barcelona para crear un majestuoso le\u00f3n bajo luz negra. Vive una experiencia creativa y \u00fanica. \u00a1Reserva tu plaza!","robots":{"index":"index","follow":"follow","max-snippet":"max-snippet:-1","max-image-preview":"max-image-preview:large","max-video-preview":"max-video-preview:-1"},"canonical":"https:\/\/wineandart-experience.com\/en\/product\/wine-and-art-lion-glow-13\/","og_locale":"en_GB","og_type":"article","og_title":"Wine and Art: Lion Glow - Taller de pintura fl\u00faor \u00a1Ven a pintar sin\u00a0experiencia!","og_description":"Taller de pintura ne\u00f3n en Barcelona para crear un majestuoso le\u00f3n bajo luz negra. Vive una experiencia creativa y \u00fanica. \u00a1Reserva tu plaza!","og_url":"https:\/\/wineandart-experience.com\/en\/product\/wine-and-art-lion-glow-13\/","og_site_name":"Taller de pintura fl\u00faor \u00a1Ven a pintar sin\u00a0experiencia!","article_modified_time":"2026-03-11T16:14:36+00:00","og_image":[{"width":1488,"height":1984,"url":"https:\/\/wineandart-experience.com\/wp-content\/uploads\/2025\/08\/PINTURANEON-BARCELONA-LEON.jpeg","type":"image\/jpeg"}],"twitter_card":"summary_large_image","twitter_misc":{"Estimated reading time":"2 minutes"},"schema":{"@context":"https:\/\/schema.org","@graph":[{"@type":"WebPage","@id":"https:\/\/wineandart-experience.com\/producto\/wine-and-art-lion-glow-13\/","url":"https:\/\/wineandart-experience.com\/producto\/wine-and-art-lion-glow-13\/","name":"Wine and Art: Lion Glow - Taller de pintura fl\u00faor \u00a1Ven a pintar sin\u00a0experiencia!","isPartOf":{"@id":"https:\/\/wineandart-experience.com\/#website"},"primaryImageOfPage":{"@id":"https:\/\/wineandart-experience.com\/producto\/wine-and-art-lion-glow-13\/#primaryimage"},"image":{"@id":"https:\/\/wineandart-experience.com\/producto\/wine-and-art-lion-glow-13\/#primaryimage"},"thumbnailUrl":"https:\/\/wineandart-experience.com\/wp-content\/uploads\/2025\/08\/PINTURANEON-BARCELONA-LEON.jpeg","datePublished":"2026-03-11T16:13:10+00:00","dateModified":"2026-03-11T16:14:36+00:00","description":"Taller de pintura ne\u00f3n en Barcelona para crear un majestuoso le\u00f3n bajo luz negra. Vive una experiencia creativa y \u00fanica. \u00a1Reserva tu plaza!","breadcrumb":{"@id":"https:\/\/wineandart-experience.com\/producto\/wine-and-art-lion-glow-13\/#breadcrumb"},"inLanguage":"en-GB","potentialAction":[{"@type":"ReadAction","target":["https:\/\/wineandart-experience.com\/producto\/wine-and-art-lion-glow-13\/"]}]},{"@type":"ImageObject","inLanguage":"en-GB","@id":"https:\/\/wineandart-experience.com\/producto\/wine-and-art-lion-glow-13\/#primaryimage","url":"https:\/\/wineandart-experience.com\/wp-content\/uploads\/2025\/08\/PINTURANEON-BARCELONA-LEON.jpeg","contentUrl":"https:\/\/wineandart-experience.com\/wp-content\/uploads\/2025\/08\/PINTURANEON-BARCELONA-LEON.jpeg","width":1488,"height":1984,"caption":"Cuadro de pintura ne\u00f3n"},{"@type":"BreadcrumbList","@id":"https:\/\/wineandart-experience.com\/producto\/wine-and-art-lion-glow-13\/#breadcrumb","itemListElement":[{"@type":"ListItem","position":1,"name":"Portada","item":"https:\/\/wineandart-experience.com\/"},{"@type":"ListItem","position":2,"name":"Productos","item":"https:\/\/wineandart-experience.com\/shop\/"},{"@type":"ListItem","position":3,"name":"Wine and Art: Lion Glow"}]},{"@type":"WebSite","@id":"https:\/\/wineandart-experience.com\/#website","url":"https:\/\/wineandart-experience.com\/","name":"Taller de pintura fl\u00faor \u00a1Ven a pintar sin\u00a0experiencia!","description":"Taller de pintura fl\u00faor Barcelona","publisher":{"@id":"https:\/\/wineandart-experience.com\/#organization"},"potentialAction":[{"@type":"SearchAction","target":{"@type":"EntryPoint","urlTemplate":"https:\/\/wineandart-experience.com\/?s={search_term_string}"},"query-input":{"@type":"PropertyValueSpecification","valueRequired":true,"valueName":"search_term_string"}}],"inLanguage":"en-GB"},{"@type":"Organization","@id":"https:\/\/wineandart-experience.com\/#organization","name":"Taller de pintura fl\u00faor \u00a1Ven a pintar sin\u00a0experiencia!","url":"https:\/\/wineandart-experience.com\/","logo":{"@type":"ImageObject","inLanguage":"en-GB","@id":"https:\/\/wineandart-experience.com\/#\/schema\/logo\/image\/","url":"https:\/\/wineandart-experience.com\/wp-content\/uploads\/2023\/07\/cropped-WhatsApp-Image-2023-07-28-at-2.34.26-PM.jpeg","contentUrl":"https:\/\/wineandart-experience.com\/wp-content\/uploads\/2023\/07\/cropped-WhatsApp-Image-2023-07-28-at-2.34.26-PM.jpeg","width":499,"height":495,"caption":"Taller de pintura fl\u00faor \u00a1Ven a pintar sin\u00a0experiencia!"},"image":{"@id":"https:\/\/wineandart-experience.com\/#\/schema\/logo\/image\/"}}]}},"_links":{"self":[{"href":"https:\/\/wineandart-experience.com\/en\/wp-json\/wp\/v2\/product\/18159","targetHints":{"allow":["GET"]}}],"collection":[{"href":"https:\/\/wineandart-experience.com\/en\/wp-json\/wp\/v2\/product"}],"about":[{"href":"https:\/\/wineandart-experience.com\/en\/wp-json\/wp\/v2\/types\/product"}],"version-history":[{"count":0,"href":"https:\/\/wineandart-experience.com\/en\/wp-json\/wp\/v2\/product\/18159\/revisions"}],"wp:featuredmedia":[{"embeddable":true,"href":"https:\/\/wineandart-experience.com\/en\/wp-json\/wp\/v2\/media\/13920"}],"wp:attachment":[{"href":"https:\/\/wineandart-experience.com\/en\/wp-json\/wp\/v2\/media?parent=18159"}],"wp:term":[{"taxonomy":"product_cat","embeddable":true,"href":"https:\/\/wineandart-experience.com\/en\/wp-json\/wp\/v2\/product_cat?post=18159"},{"taxonomy":"product_tag","embeddable":true,"href":"https:\/\/wineandart-experience.com\/en\/wp-json\/wp\/v2\/product_tag?post=18159"}],"curies":[{"name":"wp","href":"https:\/\/api.w.org\/{rel}","templated":true}]}}