{"id":18503,"date":"2026-04-14T19:19:22","date_gmt":"2026-04-14T17:19:22","guid":{"rendered":"https:\/\/wineandart-experience.com\/?post_type=product&#038;p=18503"},"modified":"2026-04-17T15:03:02","modified_gmt":"2026-04-17T13:03:02","slug":"wine-and-art-los-girasoles","status":"publish","type":"product","link":"https:\/\/wineandart-experience.com\/en\/product\/wine-and-art-los-girasoles\/","title":{"rendered":"Wine and Art: Los Girasoles"},"content":{"rendered":"<h1>Los Girasoles Ne\u00f3n \u2013 Wine and Art Barcelona<\/h1>\n<h3 data-start=\"338\" data-end=\"381\"><strong data-start=\"342\" data-end=\"381\">Pinta Los Girasoles en versi\u00f3n Ne\u00f3n<\/strong><\/h3>\n<p data-start=\"383\" data-end=\"665\">Vive una noche llena de color y creatividad con <strong data-start=\"431\" data-end=\"468\">Wine and Art Experience Barcelona<\/strong>.<br data-start=\"469\" data-end=\"472\" \/>En este taller de pintura y vino, te invitamos a recrear las obras m\u00e1s luminosas de <strong data-start=\"553\" data-end=\"588\">Vincent van Gogh: Los Girasoles, con la influencia del cielo ca\u00f3tico de La Noche Estrellada<\/strong>, pero en una versi\u00f3n <strong data-start=\"610\" data-end=\"626\">fl\u00faor y ne\u00f3n<\/strong>, bajo luces negras y la playlist de Wine art.<\/p>\n<p data-start=\"667\" data-end=\"966\">Con una copa de vino en mano, aprender\u00e1s paso a paso a pintar con acr\u00edlicos fluorescentes que brillan en la oscuridad, creando una interpretaci\u00f3n moderna y vibrante del cl\u00e1sico de Van Gogh.<br data-start=\"856\" data-end=\"859\" \/>Una experiencia sensorial donde el arte fl\u00faor, la luz negra y el vino se fusionan para ofrecerte una noche inolvidable.<\/p>\n<hr data-start=\"968\" data-end=\"971\" \/>\n<h3 data-start=\"973\" data-end=\"1014\"><strong data-start=\"977\" data-end=\"1014\">Opci\u00f3n guiada: Los Girasoles Ne\u00f3n<\/strong><\/h3>\n<p data-start=\"1016\" data-end=\"1408\">D\u00e9jate llevar por el brillo de los tonos amarillos, naranjas y verdes fl\u00faor que cobran vida con la luz ultravioleta.<br data-start=\"1132\" data-end=\"1135\" \/>Nuestros artistas te guiar\u00e1n paso a paso, ense\u00f1\u00e1ndote c\u00f3mo lograr la textura y el movimiento caracter\u00edsticos de Van Gogh, adaptados a la magia del formato <strong data-start=\"1290\" data-end=\"1298\">ne\u00f3n<\/strong>.<br data-start=\"1299\" data-end=\"1302\" \/>No necesitas experiencia previa \u2014solo ganas de disfrutar, relajarte y dejar que el vino inspire tu pincel.<\/p>\n<hr data-start=\"1410\" data-end=\"1413\" \/>\n<h3 data-start=\"1415\" data-end=\"1463\"><strong data-start=\"1419\" data-end=\"1463\">Opci\u00f3n libre: Crea tu propio cuadro ne\u00f3n<\/strong><\/h3>\n<p data-start=\"1465\" data-end=\"1775\">Si prefieres improvisar y crear tu propia obra, puedes elegir el motivo que m\u00e1s te inspire.<br data-start=\"1556\" data-end=\"1559\" \/>Aprender\u00e1s a mezclar colores fluorescentes, aplicar contrastes y jugar con la luz para dar vida a tu pintura.<br data-start=\"1668\" data-end=\"1671\" \/>Perfecto para quienes buscan una experiencia m\u00e1s libre y expresiva dentro del universo <strong data-start=\"1758\" data-end=\"1774\">Wine and Art<\/strong>.<\/p>\n<hr data-start=\"1777\" data-end=\"1780\" \/>\n<h3 data-start=\"1782\" data-end=\"1831\"><strong data-start=\"1786\" data-end=\"1831\">Una experiencia Wine and Art en Barcelona<\/strong><\/h3>\n<p data-start=\"1833\" data-end=\"2164\">Tanto si vienes solo, con pareja o con amigos, vivir\u00e1s un ambiente art\u00edstico, social y acogedor, con <strong data-start=\"1934\" data-end=\"1952\">unlimited wine<\/strong>, m\u00fasica, y un entorno lleno de energ\u00eda creativa.<br data-start=\"2001\" data-end=\"2004\" \/>Ubicado en el coraz\u00f3n de <strong data-start=\"2029\" data-end=\"2050\">Gr\u00e0cia, Barcelona<\/strong>, este taller combina arte contempor\u00e1neo, vino y diversi\u00f3n, haciendo de cada sesi\u00f3n una experiencia para recordar.<\/p>\n<hr data-start=\"2166\" data-end=\"2169\" \/>\n<h3 data-start=\"2171\" data-end=\"2195\"><strong data-start=\"2175\" data-end=\"2195\">Reserva tu plaza<\/strong><\/h3>\n<p data-start=\"2197\" data-end=\"2518\">Las plazas son limitadas, por lo que te recomendamos <strong data-start=\"2250\" data-end=\"2277\">reservar con antelaci\u00f3n<\/strong>.<br data-start=\"2278\" data-end=\"2281\" \/>Tambi\u00e9n puedes solicitar una <strong data-start=\"2310\" data-end=\"2333\">experiencia privada<\/strong> or <strong data-start=\"2336\" data-end=\"2363\">evento de Team Building<\/strong> para empresas, cumplea\u00f1os o celebraciones especiales.<br data-start=\"2417\" data-end=\"2420\" \/>En Wine and Art Experience creamos actividades a medida para grupos, adaptadas a tus preferencias.<\/p>\n<hr data-start=\"2520\" data-end=\"2523\" \/>\n<h3 data-start=\"2525\" data-end=\"2570\"><strong data-start=\"2529\" data-end=\"2570\">Otros talleres Wine and Art Barcelona<\/strong><\/h3>\n<ul data-start=\"2572\" data-end=\"2802\">\n<li data-start=\"2572\" data-end=\"2628\">\n<p data-start=\"2574\" data-end=\"2628\"><strong data-start=\"2574\" data-end=\"2626\">La Noche Estrellada Ne\u00f3n \u2013 Van Gogh Glow Edition<\/strong><\/p>\n<\/li>\n<li data-start=\"2629\" data-end=\"2671\">\n<p data-start=\"2631\" data-end=\"2671\"><strong data-start=\"2631\" data-end=\"2669\">Medusa Glow \u2013 pintura fl\u00faor y vino<\/strong><\/p>\n<\/li>\n<li data-start=\"2672\" data-end=\"2725\">\n<p data-start=\"2674\" data-end=\"2725\"><strong data-start=\"2674\" data-end=\"2723\">El Le\u00f3n Ne\u00f3n \u2013 Arte salvaje bajo luces negras<\/strong><\/p>\n<\/li>\n<li data-start=\"2726\" data-end=\"2802\">\n<p data-start=\"2728\" data-end=\"2802\"><strong data-start=\"2728\" data-end=\"2802\">Bearbrick Painting \u2013 personaliza tu oso con t\u00e9cnicas art\u00edsticas \u00fanicas<\/strong><\/p>\n<\/li>\n<\/ul>\n<p>&nbsp;<\/p>","protected":false},"excerpt":{"rendered":"<p>Pinta <em data-start=\"47\" data-end=\"62\">Los Girasoles<\/em> de Van Gogh en versi\u00f3n <strong data-start=\"86\" data-end=\"94\">ne\u00f3n<\/strong> mientras disfrutas de <strong data-start=\"117\" data-end=\"135\">unlimited wine<\/strong> en el coraz\u00f3n de Barcelona.<br data-start=\"163\" data-end=\"166\" \/>Una experiencia <strong data-start=\"182\" data-end=\"198\">Wine and Art<\/strong> \u00fanica bajo luces negras, con m\u00fasica, color y creatividad.<br data-start=\"256\" data-end=\"259\" \/>Ideal para venir solo, en pareja o con amigos.<\/p>","protected":false},"featured_media":18572,"template":"","meta":{"_acf_changed":false},"product_cat":[20],"product_tag":[],"class_list":{"0":"post-18503","1":"product","2":"type-product","3":"status-publish","4":"has-post-thumbnail","6":"product_cat-barcelona","8":"first","9":"instock","10":"sale","11":"shipping-taxable","12":"purchasable","13":"product-type-simple"},"acf":{"producto_hora":"18:30-21 h","producto_lugar":"Carrer del Torrent de l'Olla, 66, 08012","product_date":"20260603","hora_inicio":"","hora_fin":""},"yoast_head":"<!-- This site is optimized with the Yoast SEO plugin v27.2 - https:\/\/yoast.com\/product\/yoast-seo-wordpress\/ -->\n<title>Wine and Art: Los Girasoles - Taller de pintura fl\u00faor \u00a1Ven a pintar sin\u00a0experiencia!<\/title>\n<meta name=\"description\" content=\"Pinta Los Girasoles en versi\u00f3n ne\u00f3n con vino ilimitado en Barcelona. Una experiencia Wine and Art \u00fanica para disfrutar, crear y brillar con arte.\" \/>\n<meta name=\"robots\" content=\"index, follow, max-snippet:-1, max-image-preview:large, max-video-preview:-1\" \/>\n<link rel=\"canonical\" href=\"https:\/\/wineandart-experience.com\/en\/product\/wine-and-art-los-girasoles\/\" \/>\n<meta property=\"og:locale\" content=\"en_GB\" \/>\n<meta property=\"og:type\" content=\"article\" \/>\n<meta property=\"og:title\" content=\"Wine and Art: Los Girasoles - Taller de pintura fl\u00faor \u00a1Ven a pintar sin\u00a0experiencia!\" \/>\n<meta property=\"og:description\" content=\"Pinta Los Girasoles en versi\u00f3n ne\u00f3n con vino ilimitado en Barcelona. Una experiencia Wine and Art \u00fanica para disfrutar, crear y brillar con arte.\" \/>\n<meta property=\"og:url\" content=\"https:\/\/wineandart-experience.com\/en\/product\/wine-and-art-los-girasoles\/\" \/>\n<meta property=\"og:site_name\" content=\"Taller de pintura fl\u00faor \u00a1Ven a pintar sin\u00a0experiencia!\" \/>\n<meta property=\"article:modified_time\" content=\"2026-04-17T13:03:02+00:00\" \/>\n<meta property=\"og:image\" content=\"https:\/\/wineandart-experience.com\/wp-content\/uploads\/2026\/02\/wineandartbarcelona-Pintarneon-losgirasolesdevangogh.png\" \/>\n\t<meta property=\"og:image:width\" content=\"1089\" \/>\n\t<meta property=\"og:image:height\" content=\"1445\" \/>\n\t<meta property=\"og:image:type\" content=\"image\/png\" \/>\n<meta name=\"twitter:card\" content=\"summary_large_image\" \/>\n<meta name=\"twitter:label1\" content=\"Estimated reading time\" \/>\n\t<meta name=\"twitter:data1\" content=\"2 minutes\" \/>\n<script type=\"application\/ld+json\" class=\"yoast-schema-graph\">{\"@context\":\"https:\/\/schema.org\",\"@graph\":[{\"@type\":\"WebPage\",\"@id\":\"https:\/\/wineandart-experience.com\/producto\/wine-and-art-los-girasoles\/\",\"url\":\"https:\/\/wineandart-experience.com\/producto\/wine-and-art-los-girasoles\/\",\"name\":\"Wine and Art: Los Girasoles - Taller de pintura fl\u00faor \u00a1Ven a pintar sin\u00a0experiencia!\",\"isPartOf\":{\"@id\":\"https:\/\/wineandart-experience.com\/#website\"},\"primaryImageOfPage\":{\"@id\":\"https:\/\/wineandart-experience.com\/producto\/wine-and-art-los-girasoles\/#primaryimage\"},\"image\":{\"@id\":\"https:\/\/wineandart-experience.com\/producto\/wine-and-art-los-girasoles\/#primaryimage\"},\"thumbnailUrl\":\"https:\/\/wineandart-experience.com\/wp-content\/uploads\/2026\/02\/wineandartbarcelona-Pintarneon-losgirasolesdevangogh.png\",\"datePublished\":\"2026-04-14T17:19:22+00:00\",\"dateModified\":\"2026-04-17T13:03:02+00:00\",\"description\":\"Pinta Los Girasoles en versi\u00f3n ne\u00f3n con vino ilimitado en Barcelona. Una experiencia Wine and Art \u00fanica para disfrutar, crear y brillar con arte.\",\"breadcrumb\":{\"@id\":\"https:\/\/wineandart-experience.com\/producto\/wine-and-art-los-girasoles\/#breadcrumb\"},\"inLanguage\":\"en-GB\",\"potentialAction\":[{\"@type\":\"ReadAction\",\"target\":[\"https:\/\/wineandart-experience.com\/producto\/wine-and-art-los-girasoles\/\"]}]},{\"@type\":\"ImageObject\",\"inLanguage\":\"en-GB\",\"@id\":\"https:\/\/wineandart-experience.com\/producto\/wine-and-art-los-girasoles\/#primaryimage\",\"url\":\"https:\/\/wineandart-experience.com\/wp-content\/uploads\/2026\/02\/wineandartbarcelona-Pintarneon-losgirasolesdevangogh.png\",\"contentUrl\":\"https:\/\/wineandart-experience.com\/wp-content\/uploads\/2026\/02\/wineandartbarcelona-Pintarneon-losgirasolesdevangogh.png\",\"width\":1089,\"height\":1445,\"caption\":\"Pinta tu versi\u00f3n de Los Girasoles de Van Gogh en nuestra experiencia Wine and Art Barcelona. No necesitas experiencia, solo ganas de disfrutar.\"},{\"@type\":\"BreadcrumbList\",\"@id\":\"https:\/\/wineandart-experience.com\/producto\/wine-and-art-los-girasoles\/#breadcrumb\",\"itemListElement\":[{\"@type\":\"ListItem\",\"position\":1,\"name\":\"Portada\",\"item\":\"https:\/\/wineandart-experience.com\/\"},{\"@type\":\"ListItem\",\"position\":2,\"name\":\"Productos\",\"item\":\"https:\/\/wineandart-experience.com\/shop\/\"},{\"@type\":\"ListItem\",\"position\":3,\"name\":\"Wine and Art: Los Girasoles\"}]},{\"@type\":\"WebSite\",\"@id\":\"https:\/\/wineandart-experience.com\/#website\",\"url\":\"https:\/\/wineandart-experience.com\/\",\"name\":\"Taller de pintura fl\u00faor \u00a1Ven a pintar sin\u00a0experiencia!\",\"description\":\"Taller de pintura fl\u00faor Barcelona\",\"publisher\":{\"@id\":\"https:\/\/wineandart-experience.com\/#organization\"},\"potentialAction\":[{\"@type\":\"SearchAction\",\"target\":{\"@type\":\"EntryPoint\",\"urlTemplate\":\"https:\/\/wineandart-experience.com\/?s={search_term_string}\"},\"query-input\":{\"@type\":\"PropertyValueSpecification\",\"valueRequired\":true,\"valueName\":\"search_term_string\"}}],\"inLanguage\":\"en-GB\"},{\"@type\":\"Organization\",\"@id\":\"https:\/\/wineandart-experience.com\/#organization\",\"name\":\"Taller de pintura fl\u00faor \u00a1Ven a pintar sin\u00a0experiencia!\",\"url\":\"https:\/\/wineandart-experience.com\/\",\"logo\":{\"@type\":\"ImageObject\",\"inLanguage\":\"en-GB\",\"@id\":\"https:\/\/wineandart-experience.com\/#\/schema\/logo\/image\/\",\"url\":\"https:\/\/wineandart-experience.com\/wp-content\/uploads\/2023\/07\/cropped-WhatsApp-Image-2023-07-28-at-2.34.26-PM.jpeg\",\"contentUrl\":\"https:\/\/wineandart-experience.com\/wp-content\/uploads\/2023\/07\/cropped-WhatsApp-Image-2023-07-28-at-2.34.26-PM.jpeg\",\"width\":499,\"height\":495,\"caption\":\"Taller de pintura fl\u00faor \u00a1Ven a pintar sin\u00a0experiencia!\"},\"image\":{\"@id\":\"https:\/\/wineandart-experience.com\/#\/schema\/logo\/image\/\"}}]}<\/script>\n<!-- \/ Yoast SEO plugin. -->","yoast_head_json":{"title":"Wine and Art: Los Girasoles - Taller de pintura fl\u00faor \u00a1Ven a pintar sin\u00a0experiencia!","description":"Pinta Los Girasoles en versi\u00f3n ne\u00f3n con vino ilimitado en Barcelona. Una experiencia Wine and Art \u00fanica para disfrutar, crear y brillar con arte.","robots":{"index":"index","follow":"follow","max-snippet":"max-snippet:-1","max-image-preview":"max-image-preview:large","max-video-preview":"max-video-preview:-1"},"canonical":"https:\/\/wineandart-experience.com\/en\/product\/wine-and-art-los-girasoles\/","og_locale":"en_GB","og_type":"article","og_title":"Wine and Art: Los Girasoles - Taller de pintura fl\u00faor \u00a1Ven a pintar sin\u00a0experiencia!","og_description":"Pinta Los Girasoles en versi\u00f3n ne\u00f3n con vino ilimitado en Barcelona. Una experiencia Wine and Art \u00fanica para disfrutar, crear y brillar con arte.","og_url":"https:\/\/wineandart-experience.com\/en\/product\/wine-and-art-los-girasoles\/","og_site_name":"Taller de pintura fl\u00faor \u00a1Ven a pintar sin\u00a0experiencia!","article_modified_time":"2026-04-17T13:03:02+00:00","og_image":[{"width":1089,"height":1445,"url":"https:\/\/wineandart-experience.com\/wp-content\/uploads\/2026\/02\/wineandartbarcelona-Pintarneon-losgirasolesdevangogh.png","type":"image\/png"}],"twitter_card":"summary_large_image","twitter_misc":{"Estimated reading time":"2 minutes"},"schema":{"@context":"https:\/\/schema.org","@graph":[{"@type":"WebPage","@id":"https:\/\/wineandart-experience.com\/producto\/wine-and-art-los-girasoles\/","url":"https:\/\/wineandart-experience.com\/producto\/wine-and-art-los-girasoles\/","name":"Wine and Art: Los Girasoles - Taller de pintura fl\u00faor \u00a1Ven a pintar sin\u00a0experiencia!","isPartOf":{"@id":"https:\/\/wineandart-experience.com\/#website"},"primaryImageOfPage":{"@id":"https:\/\/wineandart-experience.com\/producto\/wine-and-art-los-girasoles\/#primaryimage"},"image":{"@id":"https:\/\/wineandart-experience.com\/producto\/wine-and-art-los-girasoles\/#primaryimage"},"thumbnailUrl":"https:\/\/wineandart-experience.com\/wp-content\/uploads\/2026\/02\/wineandartbarcelona-Pintarneon-losgirasolesdevangogh.png","datePublished":"2026-04-14T17:19:22+00:00","dateModified":"2026-04-17T13:03:02+00:00","description":"Pinta Los Girasoles en versi\u00f3n ne\u00f3n con vino ilimitado en Barcelona. Una experiencia Wine and Art \u00fanica para disfrutar, crear y brillar con arte.","breadcrumb":{"@id":"https:\/\/wineandart-experience.com\/producto\/wine-and-art-los-girasoles\/#breadcrumb"},"inLanguage":"en-GB","potentialAction":[{"@type":"ReadAction","target":["https:\/\/wineandart-experience.com\/producto\/wine-and-art-los-girasoles\/"]}]},{"@type":"ImageObject","inLanguage":"en-GB","@id":"https:\/\/wineandart-experience.com\/producto\/wine-and-art-los-girasoles\/#primaryimage","url":"https:\/\/wineandart-experience.com\/wp-content\/uploads\/2026\/02\/wineandartbarcelona-Pintarneon-losgirasolesdevangogh.png","contentUrl":"https:\/\/wineandart-experience.com\/wp-content\/uploads\/2026\/02\/wineandartbarcelona-Pintarneon-losgirasolesdevangogh.png","width":1089,"height":1445,"caption":"Pinta tu versi\u00f3n de Los Girasoles de Van Gogh en nuestra experiencia Wine and Art Barcelona. No necesitas experiencia, solo ganas de disfrutar."},{"@type":"BreadcrumbList","@id":"https:\/\/wineandart-experience.com\/producto\/wine-and-art-los-girasoles\/#breadcrumb","itemListElement":[{"@type":"ListItem","position":1,"name":"Portada","item":"https:\/\/wineandart-experience.com\/"},{"@type":"ListItem","position":2,"name":"Productos","item":"https:\/\/wineandart-experience.com\/shop\/"},{"@type":"ListItem","position":3,"name":"Wine and Art: Los Girasoles"}]},{"@type":"WebSite","@id":"https:\/\/wineandart-experience.com\/#website","url":"https:\/\/wineandart-experience.com\/","name":"Taller de pintura fl\u00faor \u00a1Ven a pintar sin\u00a0experiencia!","description":"Taller de pintura fl\u00faor Barcelona","publisher":{"@id":"https:\/\/wineandart-experience.com\/#organization"},"potentialAction":[{"@type":"SearchAction","target":{"@type":"EntryPoint","urlTemplate":"https:\/\/wineandart-experience.com\/?s={search_term_string}"},"query-input":{"@type":"PropertyValueSpecification","valueRequired":true,"valueName":"search_term_string"}}],"inLanguage":"en-GB"},{"@type":"Organization","@id":"https:\/\/wineandart-experience.com\/#organization","name":"Taller de pintura fl\u00faor \u00a1Ven a pintar sin\u00a0experiencia!","url":"https:\/\/wineandart-experience.com\/","logo":{"@type":"ImageObject","inLanguage":"en-GB","@id":"https:\/\/wineandart-experience.com\/#\/schema\/logo\/image\/","url":"https:\/\/wineandart-experience.com\/wp-content\/uploads\/2023\/07\/cropped-WhatsApp-Image-2023-07-28-at-2.34.26-PM.jpeg","contentUrl":"https:\/\/wineandart-experience.com\/wp-content\/uploads\/2023\/07\/cropped-WhatsApp-Image-2023-07-28-at-2.34.26-PM.jpeg","width":499,"height":495,"caption":"Taller de pintura fl\u00faor \u00a1Ven a pintar sin\u00a0experiencia!"},"image":{"@id":"https:\/\/wineandart-experience.com\/#\/schema\/logo\/image\/"}}]}},"_links":{"self":[{"href":"https:\/\/wineandart-experience.com\/en\/wp-json\/wp\/v2\/product\/18503","targetHints":{"allow":["GET"]}}],"collection":[{"href":"https:\/\/wineandart-experience.com\/en\/wp-json\/wp\/v2\/product"}],"about":[{"href":"https:\/\/wineandart-experience.com\/en\/wp-json\/wp\/v2\/types\/product"}],"version-history":[{"count":1,"href":"https:\/\/wineandart-experience.com\/en\/wp-json\/wp\/v2\/product\/18503\/revisions"}],"predecessor-version":[{"id":18506,"href":"https:\/\/wineandart-experience.com\/en\/wp-json\/wp\/v2\/product\/18503\/revisions\/18506"}],"wp:featuredmedia":[{"embeddable":true,"href":"https:\/\/wineandart-experience.com\/en\/wp-json\/wp\/v2\/media\/18572"}],"wp:attachment":[{"href":"https:\/\/wineandart-experience.com\/en\/wp-json\/wp\/v2\/media?parent=18503"}],"wp:term":[{"taxonomy":"product_cat","embeddable":true,"href":"https:\/\/wineandart-experience.com\/en\/wp-json\/wp\/v2\/product_cat?post=18503"},{"taxonomy":"product_tag","embeddable":true,"href":"https:\/\/wineandart-experience.com\/en\/wp-json\/wp\/v2\/product_tag?post=18503"}],"curies":[{"name":"wp","href":"https:\/\/api.w.org\/{rel}","templated":true}]}}