{"id":18523,"date":"2026-04-14T19:37:32","date_gmt":"2026-04-14T17:37:32","guid":{"rendered":"https:\/\/wineandart-experience.com\/?post_type=product&#038;p=18523"},"modified":"2026-04-14T20:05:13","modified_gmt":"2026-04-14T18:05:13","slug":"wine-and-art-classic-los-girasoles-2","status":"publish","type":"product","link":"https:\/\/wineandart-experience.com\/en\/product\/wine-and-art-classic-los-girasoles-2\/","title":{"rendered":"Wine and Art Classic: Los Girasoles"},"content":{"rendered":"<h1 data-start=\"278\" data-end=\"323\">\ud83c\udf3b Los Girasoles \u2013 Wine and Art\u00a0 Barcelona<\/h1>\n<h3 data-start=\"324\" data-end=\"372\">Pinta <em data-start=\"334\" data-end=\"349\">Los Girasoles<\/em> con acr\u00edlicos est\u00e1ndar<\/h3>\n<p data-start=\"374\" data-end=\"695\">Vive una experiencia creativa y relajada con<a href=\"https:\/\/wineandart-experience.com\/en\/\"> <strong data-start=\"419\" data-end=\"456\">Wine and Art Experience Barcelona<\/strong><\/a>.<\/p>\n<p data-start=\"374\" data-end=\"695\"><br data-start=\"457\" data-end=\"460\" \/>En este taller de pintura y vino te invitamos a recrear un mix de las obras m\u00e1s ic\u00f3nicas de <strong data-start=\"549\" data-end=\"590\"><span class=\"hover:entity-accent entity-underline inline cursor-pointer align-baseline\"><span class=\"whitespace-normal\">Vincent van Gogh<\/span><\/span><\/strong>: <strong data-start=\"592\" data-end=\"609\">Los Girasoles y La Noche Estrellada<\/strong>, utilizando <strong data-start=\"622\" data-end=\"651\">pintura acr\u00edlica est\u00e1ndar<\/strong>, colores vibrantes y pinceladas expresivas.<\/p>\n<p data-start=\"697\" data-end=\"864\">In <strong data-start=\"700\" data-end=\"726\">Wine and Art Experience Barcelona<\/strong> esta pensado para disfrutar del arte sin prisas, con una copa de vino en la mano, buena m\u00fasica y un ambiente acogedor en el coraz\u00f3n de Gr\u00e0cia.<\/p>\n<hr data-start=\"866\" data-end=\"869\" \/>\n<h2 data-start=\"871\" data-end=\"906\">\ud83c\udfa8 Opci\u00f3n guiada \u2013 Los Girasoles<\/h2>\n<p data-start=\"908\" data-end=\"1019\">En la opci\u00f3n guiada, nuestros artistas te acompa\u00f1an <strong data-start=\"960\" data-end=\"975\">step-by-step<\/strong> para pintar <em data-start=\"988\" data-end=\"1003\">Los Girasoles<\/em>, aprendiendo a:<\/p>\n<ul data-start=\"1021\" data-end=\"1209\">\n<li data-start=\"1021\" data-end=\"1060\">\n<p data-start=\"1023\" data-end=\"1060\">Construir la composici\u00f3n del cuadro<\/p>\n<\/li>\n<li data-start=\"1061\" data-end=\"1119\">\n<p data-start=\"1063\" data-end=\"1119\">Trabajar los amarillos, azules y verdes caracter\u00edsticos<\/p>\n<\/li>\n<li data-start=\"1120\" data-end=\"1164\">\n<p data-start=\"1122\" data-end=\"1164\">Crear textura y movimiento con el pincel<\/p>\n<\/li>\n<li data-start=\"1165\" data-end=\"1209\">\n<p data-start=\"1167\" data-end=\"1209\">Entender el estilo expresivo de Van Gogh<\/p>\n<\/li>\n<\/ul>\n<p data-start=\"1211\" data-end=\"1379\">No necesitas experiencia previa. Este taller est\u00e1 dise\u00f1ado para que disfrutes del proceso y te lleves un cuadro del que te sientas orgulloso.<\/p>\n<hr data-start=\"1381\" data-end=\"1384\" \/>\n<h2 data-start=\"1386\" data-end=\"1444\">\ud83d\udd8c\ufe0f Opci\u00f3n libre \u2013 Interpreta el Arte a tu manera<\/h2>\n<p data-start=\"1446\" data-end=\"1699\">Si prefieres una experiencia m\u00e1s personal, puedes elegir la <strong data-start=\"1506\" data-end=\"1522\">opci\u00f3n libre<\/strong>.<br data-start=\"1523\" data-end=\"1526\" \/>Aqu\u00ed podr\u00e1s pintar lo que sientas con total libertad: variar colores, pinceladas o composici\u00f3n.<\/p>\n<p data-start=\"1701\" data-end=\"1782\">Ideal para quienes buscan un <strong data-start=\"1730\" data-end=\"1756\">Wine and Art Barcelona<\/strong> m\u00e1s creativo y expresivo.<\/p>\n<hr data-start=\"1784\" data-end=\"1787\" \/>\n<h2 data-start=\"1789\" data-end=\"1833\">\ud83c\udf77 Una experiencia Wine and Art Barcelona<\/h2>\n<p data-start=\"1835\" data-end=\"1942\">Tanto si vienes solo, en pareja o con amigos, disfrutar\u00e1s de un ambiente art\u00edstico, social y relajado, con:<\/p>\n<ul data-start=\"1944\" data-end=\"2124\">\n<li data-start=\"1944\" data-end=\"1978\">\n<p data-start=\"1946\" data-end=\"1978\">Taller de pintura de 2-2,5 horas<\/p>\n<\/li>\n<li data-start=\"1979\" data-end=\"2022\">\n<p data-start=\"1981\" data-end=\"2022\">Lienzo y todos los materiales incluidos<\/p>\n<\/li>\n<li data-start=\"2023\" data-end=\"2052\">\n<p data-start=\"2025\" data-end=\"2052\">Pintura acr\u00edlica est\u00e1ndar<\/p>\n<\/li>\n<li data-start=\"2053\" data-end=\"2086\">\n<p data-start=\"2055\" data-end=\"2086\">Vino blanco y tinto ilimitado (opci\u00f3n refrescos).<\/p>\n<\/li>\n<li data-start=\"2087\" data-end=\"2124\">\n<p data-start=\"2089\" data-end=\"2124\">M\u00fasica y acompa\u00f1amiento art\u00edstico<\/p>\n<\/li>\n<\/ul>\n<p data-start=\"2126\" data-end=\"2260\">Ubicado en el barrio de <strong data-start=\"2150\" data-end=\"2172\">Gr\u00e0cia (Barcelona)<\/strong>, este taller combina arte, vino y creatividad para desconectar y disfrutar del momento<\/p>\n<h2 data-start=\"2267\" data-end=\"2289\">\ud83d\udcc5 Reserva tu plaza<\/h2>\n<p data-start=\"2291\" data-end=\"2477\">Las plazas son limitadas, por lo que recomendamos reservar con antelaci\u00f3n.<\/p>\n<h2 data-start=\"2291\" data-end=\"2477\">\ud83d\udc68\u200d\ud83d\udc68\u200d\ud83d\udc67\u200d\ud83d\udc66 Wine&amp;Art Barcelona<\/h2>\n<p>Dise\u00f1amos talleres a medida como <strong><em>Team Building para empresas<\/em>, eventos privados<\/strong>, cumplea\u00f1os o celebraciones especiales. Contactanos aqu\u00ed si quieres realizar un<a href=\"https:\/\/wineandart-experience.com\/en\/team-building-en-barcelona\/\"><em><strong> Team Building in Barcelona<\/strong><\/em><\/a><\/p>\n<hr data-start=\"2573\" data-end=\"2576\" \/>\n<h2 data-start=\"2578\" data-end=\"2621\">\ud83c\udfa8 Otros talleres:<\/h2>\n<ul>\n<li data-start=\"2623\" data-end=\"2666\">\n<p data-start=\"2625\" data-end=\"2666\">La Noche Estrellada \u2013 Acr\u00edlico est\u00e1ndar<\/p>\n<\/li>\n<li data-start=\"2667\" data-end=\"2699\">\n<p data-start=\"2669\" data-end=\"2699\">Frida Kahlo \u2013 Pintura y vino<\/p>\n<\/li>\n<li data-start=\"2700\" data-end=\"2738\">\n<p data-start=\"2702\" data-end=\"2738\">Medusa Glow \u2013 Pintura fl\u00faor y vino<\/p>\n<\/li>\n<li data-start=\"2739\" data-end=\"2770\">\n<p data-start=\"2741\" data-end=\"2770\">El Le\u00f3n Ne\u00f3n \u2013 Arte salvaje<\/p>\n<\/li>\n<li data-start=\"2771\" data-end=\"2814\">\n<p data-start=\"2773\" data-end=\"2814\">Bearbrick Painting \u2013 Personaliza tu oso<\/p>\n<\/li>\n<\/ul>\n<p>&nbsp;<\/p>\n<p>&nbsp;<\/p>\n<p>&nbsp;<\/p>","protected":false},"excerpt":{"rendered":"<p data-start=\"220\" data-end=\"505\">Disfruta de una experiencia <strong data-start=\"248\" data-end=\"274\">Wine and Art Barcelona<\/strong> pintando <em data-start=\"284\" data-end=\"299\">Los Girasoles<\/em> de Van Gogh con acr\u00edlicos est\u00e1ndar.<br data-start=\"335\" data-end=\"338\" \/>Elige entre <strong data-start=\"350\" data-end=\"375\">opci\u00f3n guiada o libre<\/strong>, con vino ilimitado, m\u00fasica y todos los materiales incluidos.<br data-start=\"437\" data-end=\"440\" \/>No necesitas experiencia previa, solo ganas de crear y disfrutar.<\/p>","protected":false},"featured_media":13935,"template":"","meta":{"_acf_changed":false},"product_cat":[20],"product_tag":[],"class_list":{"0":"post-18523","1":"product","2":"type-product","3":"status-publish","4":"has-post-thumbnail","6":"product_cat-barcelona","8":"first","9":"instock","10":"sale","11":"shipping-taxable","12":"purchasable","13":"product-type-simple"},"acf":{"producto_hora":"11-13:30 h","producto_lugar":"Carrer del Torrent de l'Olla, 66, 08012","product_date":"20260607","hora_inicio":"","hora_fin":""},"yoast_head":"<!-- This site is optimized with the Yoast SEO plugin v27.2 - https:\/\/yoast.com\/product\/yoast-seo-wordpress\/ -->\n<title>Wine and Art Classic: Los Girasoles - Taller de pintura fl\u00faor \u00a1Ven a pintar sin\u00a0experiencia!<\/title>\n<meta name=\"description\" content=\"Vive una experiencia Wine and Art Barcelona pintando Los Girasoles con acr\u00edlicos est\u00e1ndar. Taller guiado o libre con vino ilimitado en Gr\u00e0cia.\" \/>\n<meta name=\"robots\" content=\"index, follow, max-snippet:-1, max-image-preview:large, max-video-preview:-1\" \/>\n<link rel=\"canonical\" href=\"https:\/\/wineandart-experience.com\/en\/product\/wine-and-art-classic-los-girasoles-2\/\" \/>\n<meta property=\"og:locale\" content=\"en_GB\" \/>\n<meta property=\"og:type\" content=\"article\" \/>\n<meta property=\"og:title\" content=\"Wine and Art Classic: Los Girasoles - Taller de pintura fl\u00faor \u00a1Ven a pintar sin\u00a0experiencia!\" \/>\n<meta property=\"og:description\" content=\"Vive una experiencia Wine and Art Barcelona pintando Los Girasoles con acr\u00edlicos est\u00e1ndar. Taller guiado o libre con vino ilimitado en Gr\u00e0cia.\" \/>\n<meta property=\"og:url\" content=\"https:\/\/wineandart-experience.com\/en\/product\/wine-and-art-classic-los-girasoles-2\/\" \/>\n<meta property=\"og:site_name\" content=\"Taller de pintura fl\u00faor \u00a1Ven a pintar sin\u00a0experiencia!\" \/>\n<meta property=\"article:modified_time\" content=\"2026-04-14T18:05:13+00:00\" \/>\n<meta property=\"og:image\" content=\"https:\/\/wineandart-experience.com\/wp-content\/uploads\/2025\/07\/cuadro-losgirasoles-vangogh-scaled.jpeg\" \/>\n\t<meta property=\"og:image:width\" content=\"1920\" \/>\n\t<meta property=\"og:image:height\" content=\"2560\" \/>\n\t<meta property=\"og:image:type\" content=\"image\/jpeg\" \/>\n<meta name=\"twitter:card\" content=\"summary_large_image\" \/>\n<meta name=\"twitter:label1\" content=\"Estimated reading time\" \/>\n\t<meta name=\"twitter:data1\" content=\"2 minutes\" \/>\n<script type=\"application\/ld+json\" class=\"yoast-schema-graph\">{\"@context\":\"https:\/\/schema.org\",\"@graph\":[{\"@type\":\"WebPage\",\"@id\":\"https:\/\/wineandart-experience.com\/producto\/wine-and-art-classic-los-girasoles-2\/\",\"url\":\"https:\/\/wineandart-experience.com\/producto\/wine-and-art-classic-los-girasoles-2\/\",\"name\":\"Wine and Art Classic: Los Girasoles - Taller de pintura fl\u00faor \u00a1Ven a pintar sin\u00a0experiencia!\",\"isPartOf\":{\"@id\":\"https:\/\/wineandart-experience.com\/#website\"},\"primaryImageOfPage\":{\"@id\":\"https:\/\/wineandart-experience.com\/producto\/wine-and-art-classic-los-girasoles-2\/#primaryimage\"},\"image\":{\"@id\":\"https:\/\/wineandart-experience.com\/producto\/wine-and-art-classic-los-girasoles-2\/#primaryimage\"},\"thumbnailUrl\":\"https:\/\/wineandart-experience.com\/wp-content\/uploads\/2025\/07\/cuadro-losgirasoles-vangogh-scaled.jpeg\",\"datePublished\":\"2026-04-14T17:37:32+00:00\",\"dateModified\":\"2026-04-14T18:05:13+00:00\",\"description\":\"Vive una experiencia Wine and Art Barcelona pintando Los Girasoles con acr\u00edlicos est\u00e1ndar. Taller guiado o libre con vino ilimitado en Gr\u00e0cia.\",\"breadcrumb\":{\"@id\":\"https:\/\/wineandart-experience.com\/producto\/wine-and-art-classic-los-girasoles-2\/#breadcrumb\"},\"inLanguage\":\"en-GB\",\"potentialAction\":[{\"@type\":\"ReadAction\",\"target\":[\"https:\/\/wineandart-experience.com\/producto\/wine-and-art-classic-los-girasoles-2\/\"]}]},{\"@type\":\"ImageObject\",\"inLanguage\":\"en-GB\",\"@id\":\"https:\/\/wineandart-experience.com\/producto\/wine-and-art-classic-los-girasoles-2\/#primaryimage\",\"url\":\"https:\/\/wineandart-experience.com\/wp-content\/uploads\/2025\/07\/cuadro-losgirasoles-vangogh-scaled.jpeg\",\"contentUrl\":\"https:\/\/wineandart-experience.com\/wp-content\/uploads\/2025\/07\/cuadro-losgirasoles-vangogh-scaled.jpeg\",\"width\":1920,\"height\":2560,\"caption\":\"Taller Wine and Art Barcelona pintando Los Girasoles de Van Gogh\"},{\"@type\":\"BreadcrumbList\",\"@id\":\"https:\/\/wineandart-experience.com\/producto\/wine-and-art-classic-los-girasoles-2\/#breadcrumb\",\"itemListElement\":[{\"@type\":\"ListItem\",\"position\":1,\"name\":\"Portada\",\"item\":\"https:\/\/wineandart-experience.com\/\"},{\"@type\":\"ListItem\",\"position\":2,\"name\":\"Productos\",\"item\":\"https:\/\/wineandart-experience.com\/shop\/\"},{\"@type\":\"ListItem\",\"position\":3,\"name\":\"Wine and Art Classic: Los Girasoles\"}]},{\"@type\":\"WebSite\",\"@id\":\"https:\/\/wineandart-experience.com\/#website\",\"url\":\"https:\/\/wineandart-experience.com\/\",\"name\":\"Taller de pintura fl\u00faor \u00a1Ven a pintar sin\u00a0experiencia!\",\"description\":\"Taller de pintura fl\u00faor Barcelona\",\"publisher\":{\"@id\":\"https:\/\/wineandart-experience.com\/#organization\"},\"potentialAction\":[{\"@type\":\"SearchAction\",\"target\":{\"@type\":\"EntryPoint\",\"urlTemplate\":\"https:\/\/wineandart-experience.com\/?s={search_term_string}\"},\"query-input\":{\"@type\":\"PropertyValueSpecification\",\"valueRequired\":true,\"valueName\":\"search_term_string\"}}],\"inLanguage\":\"en-GB\"},{\"@type\":\"Organization\",\"@id\":\"https:\/\/wineandart-experience.com\/#organization\",\"name\":\"Taller de pintura fl\u00faor \u00a1Ven a pintar sin\u00a0experiencia!\",\"url\":\"https:\/\/wineandart-experience.com\/\",\"logo\":{\"@type\":\"ImageObject\",\"inLanguage\":\"en-GB\",\"@id\":\"https:\/\/wineandart-experience.com\/#\/schema\/logo\/image\/\",\"url\":\"https:\/\/wineandart-experience.com\/wp-content\/uploads\/2023\/07\/cropped-WhatsApp-Image-2023-07-28-at-2.34.26-PM.jpeg\",\"contentUrl\":\"https:\/\/wineandart-experience.com\/wp-content\/uploads\/2023\/07\/cropped-WhatsApp-Image-2023-07-28-at-2.34.26-PM.jpeg\",\"width\":499,\"height\":495,\"caption\":\"Taller de pintura fl\u00faor \u00a1Ven a pintar sin\u00a0experiencia!\"},\"image\":{\"@id\":\"https:\/\/wineandart-experience.com\/#\/schema\/logo\/image\/\"}}]}<\/script>\n<!-- \/ Yoast SEO plugin. -->","yoast_head_json":{"title":"Wine and Art Classic: Los Girasoles - Taller de pintura fl\u00faor \u00a1Ven a pintar sin\u00a0experiencia!","description":"Vive una experiencia Wine and Art Barcelona pintando Los Girasoles con acr\u00edlicos est\u00e1ndar. Taller guiado o libre con vino ilimitado en Gr\u00e0cia.","robots":{"index":"index","follow":"follow","max-snippet":"max-snippet:-1","max-image-preview":"max-image-preview:large","max-video-preview":"max-video-preview:-1"},"canonical":"https:\/\/wineandart-experience.com\/en\/product\/wine-and-art-classic-los-girasoles-2\/","og_locale":"en_GB","og_type":"article","og_title":"Wine and Art Classic: Los Girasoles - Taller de pintura fl\u00faor \u00a1Ven a pintar sin\u00a0experiencia!","og_description":"Vive una experiencia Wine and Art Barcelona pintando Los Girasoles con acr\u00edlicos est\u00e1ndar. Taller guiado o libre con vino ilimitado en Gr\u00e0cia.","og_url":"https:\/\/wineandart-experience.com\/en\/product\/wine-and-art-classic-los-girasoles-2\/","og_site_name":"Taller de pintura fl\u00faor \u00a1Ven a pintar sin\u00a0experiencia!","article_modified_time":"2026-04-14T18:05:13+00:00","og_image":[{"width":1920,"height":2560,"url":"https:\/\/wineandart-experience.com\/wp-content\/uploads\/2025\/07\/cuadro-losgirasoles-vangogh-scaled.jpeg","type":"image\/jpeg"}],"twitter_card":"summary_large_image","twitter_misc":{"Estimated reading time":"2 minutes"},"schema":{"@context":"https:\/\/schema.org","@graph":[{"@type":"WebPage","@id":"https:\/\/wineandart-experience.com\/producto\/wine-and-art-classic-los-girasoles-2\/","url":"https:\/\/wineandart-experience.com\/producto\/wine-and-art-classic-los-girasoles-2\/","name":"Wine and Art Classic: Los Girasoles - Taller de pintura fl\u00faor \u00a1Ven a pintar sin\u00a0experiencia!","isPartOf":{"@id":"https:\/\/wineandart-experience.com\/#website"},"primaryImageOfPage":{"@id":"https:\/\/wineandart-experience.com\/producto\/wine-and-art-classic-los-girasoles-2\/#primaryimage"},"image":{"@id":"https:\/\/wineandart-experience.com\/producto\/wine-and-art-classic-los-girasoles-2\/#primaryimage"},"thumbnailUrl":"https:\/\/wineandart-experience.com\/wp-content\/uploads\/2025\/07\/cuadro-losgirasoles-vangogh-scaled.jpeg","datePublished":"2026-04-14T17:37:32+00:00","dateModified":"2026-04-14T18:05:13+00:00","description":"Vive una experiencia Wine and Art Barcelona pintando Los Girasoles con acr\u00edlicos est\u00e1ndar. Taller guiado o libre con vino ilimitado en Gr\u00e0cia.","breadcrumb":{"@id":"https:\/\/wineandart-experience.com\/producto\/wine-and-art-classic-los-girasoles-2\/#breadcrumb"},"inLanguage":"en-GB","potentialAction":[{"@type":"ReadAction","target":["https:\/\/wineandart-experience.com\/producto\/wine-and-art-classic-los-girasoles-2\/"]}]},{"@type":"ImageObject","inLanguage":"en-GB","@id":"https:\/\/wineandart-experience.com\/producto\/wine-and-art-classic-los-girasoles-2\/#primaryimage","url":"https:\/\/wineandart-experience.com\/wp-content\/uploads\/2025\/07\/cuadro-losgirasoles-vangogh-scaled.jpeg","contentUrl":"https:\/\/wineandart-experience.com\/wp-content\/uploads\/2025\/07\/cuadro-losgirasoles-vangogh-scaled.jpeg","width":1920,"height":2560,"caption":"Taller Wine and Art Barcelona pintando Los Girasoles de Van Gogh"},{"@type":"BreadcrumbList","@id":"https:\/\/wineandart-experience.com\/producto\/wine-and-art-classic-los-girasoles-2\/#breadcrumb","itemListElement":[{"@type":"ListItem","position":1,"name":"Portada","item":"https:\/\/wineandart-experience.com\/"},{"@type":"ListItem","position":2,"name":"Productos","item":"https:\/\/wineandart-experience.com\/shop\/"},{"@type":"ListItem","position":3,"name":"Wine and Art Classic: Los Girasoles"}]},{"@type":"WebSite","@id":"https:\/\/wineandart-experience.com\/#website","url":"https:\/\/wineandart-experience.com\/","name":"Taller de pintura fl\u00faor \u00a1Ven a pintar sin\u00a0experiencia!","description":"Taller de pintura fl\u00faor Barcelona","publisher":{"@id":"https:\/\/wineandart-experience.com\/#organization"},"potentialAction":[{"@type":"SearchAction","target":{"@type":"EntryPoint","urlTemplate":"https:\/\/wineandart-experience.com\/?s={search_term_string}"},"query-input":{"@type":"PropertyValueSpecification","valueRequired":true,"valueName":"search_term_string"}}],"inLanguage":"en-GB"},{"@type":"Organization","@id":"https:\/\/wineandart-experience.com\/#organization","name":"Taller de pintura fl\u00faor \u00a1Ven a pintar sin\u00a0experiencia!","url":"https:\/\/wineandart-experience.com\/","logo":{"@type":"ImageObject","inLanguage":"en-GB","@id":"https:\/\/wineandart-experience.com\/#\/schema\/logo\/image\/","url":"https:\/\/wineandart-experience.com\/wp-content\/uploads\/2023\/07\/cropped-WhatsApp-Image-2023-07-28-at-2.34.26-PM.jpeg","contentUrl":"https:\/\/wineandart-experience.com\/wp-content\/uploads\/2023\/07\/cropped-WhatsApp-Image-2023-07-28-at-2.34.26-PM.jpeg","width":499,"height":495,"caption":"Taller de pintura fl\u00faor \u00a1Ven a pintar sin\u00a0experiencia!"},"image":{"@id":"https:\/\/wineandart-experience.com\/#\/schema\/logo\/image\/"}}]}},"_links":{"self":[{"href":"https:\/\/wineandart-experience.com\/en\/wp-json\/wp\/v2\/product\/18523","targetHints":{"allow":["GET"]}}],"collection":[{"href":"https:\/\/wineandart-experience.com\/en\/wp-json\/wp\/v2\/product"}],"about":[{"href":"https:\/\/wineandart-experience.com\/en\/wp-json\/wp\/v2\/types\/product"}],"version-history":[{"count":1,"href":"https:\/\/wineandart-experience.com\/en\/wp-json\/wp\/v2\/product\/18523\/revisions"}],"predecessor-version":[{"id":18524,"href":"https:\/\/wineandart-experience.com\/en\/wp-json\/wp\/v2\/product\/18523\/revisions\/18524"}],"wp:featuredmedia":[{"embeddable":true,"href":"https:\/\/wineandart-experience.com\/en\/wp-json\/wp\/v2\/media\/13935"}],"wp:attachment":[{"href":"https:\/\/wineandart-experience.com\/en\/wp-json\/wp\/v2\/media?parent=18523"}],"wp:term":[{"taxonomy":"product_cat","embeddable":true,"href":"https:\/\/wineandart-experience.com\/en\/wp-json\/wp\/v2\/product_cat?post=18523"},{"taxonomy":"product_tag","embeddable":true,"href":"https:\/\/wineandart-experience.com\/en\/wp-json\/wp\/v2\/product_tag?post=18523"}],"curies":[{"name":"wp","href":"https:\/\/api.w.org\/{rel}","templated":true}]}}