{"id":18525,"date":"2026-04-14T20:06:34","date_gmt":"2026-04-14T18:06:34","guid":{"rendered":"https:\/\/wineandart-experience.com\/?post_type=product&#038;p=18525"},"modified":"2026-04-14T20:12:03","modified_gmt":"2026-04-14T18:12:03","slug":"wine-and-art-jelly-glow-4","status":"publish","type":"product","link":"https:\/\/wineandart-experience.com\/en\/product\/wine-and-art-jelly-glow-4\/","title":{"rendered":"Wine and Art: Jelly Glow"},"content":{"rendered":"<div class=\"group\/conversation-turn relative flex w-full min-w-0 flex-col agent-turn\">\n<div class=\"flex-col gap-1 md:gap-3\">\n<div class=\"flex max-w-full flex-col flex-grow\">\n<div class=\"min-h-8 text-message flex w-full flex-col items-end gap-2 whitespace-normal break-words [.text-message+&amp;]:mt-5\" dir=\"auto\" data-message-author-role=\"assistant\" data-message-id=\"dd07e162-bdda-4873-b109-2b9ff64cb8dc\">\n<div class=\"flex w-full flex-col gap-1 empty:hidden first:pt-[3px]\">\n<div class=\"group\/conversation-turn relative flex w-full min-w-0 flex-col agent-turn\">\n<div class=\"flex-col gap-1 md:gap-3\">\n<div class=\"flex max-w-full flex-col flex-grow\">\n<div class=\"min-h-8 text-message flex w-full flex-col items-end gap-2 whitespace-normal break-words [.text-message+&amp;]:mt-5\" dir=\"auto\" data-message-author-role=\"assistant\" data-message-id=\"dd07e162-bdda-4873-b109-2b9ff64cb8dc\">\n<div class=\"flex w-full flex-col gap-1 empty:hidden first:pt-[3px]\">\n<div class=\"flex w-full flex-col gap-1 empty:hidden first:pt-[3px]\">\n<h2 data-start=\"229\" data-end=\"272\">Taller de pintura fl\u00faor: <em data-start=\"257\" data-end=\"270\">Medusa Glow<\/em><\/h2>\n<p data-start=\"274\" data-end=\"606\">Descubre un <strong data-start=\"286\" data-end=\"313\">taller de pintura fl\u00faor<\/strong> que te llevar\u00e1 a las profundidades del oc\u00e9ano. En esta experiencia \u00fanica, explorar\u00e1s la magia de las medusas, criaturas marinas llenas de misterio y belleza. Con la ayuda de la luz negra y los colores fluorescentes, tu obra brillar\u00e1 en la oscuridad y cobrar\u00e1 vida de una forma sorprendente.<\/p>\n<h3 data-start=\"608\" data-end=\"642\">Opci\u00f3n guiada: <em data-start=\"627\" data-end=\"640\">Medusa Glow<\/em><\/h3>\n<p data-start=\"644\" data-end=\"993\">Si buscas aprender paso a paso, esta es la opci\u00f3n perfecta. Nuestros artistas te acompa\u00f1ar\u00e1n en todo el proceso para que puedas crear una pintura fl\u00faor inspirada en la elegancia de las medusas. A lo largo del taller, aprender\u00e1s a utilizar paletas de colores brillantes y a dar forma a los tent\u00e1culos et\u00e9reos que caracterizan a estos seres marinos.<\/p>\n<p data-start=\"995\" data-end=\"1309\">Gracias a las explicaciones claras y sencillas, no necesitas experiencia previa. Desde principiantes hasta artistas avanzados, todos pueden disfrutar y dejarse llevar por la creatividad. Adem\u00e1s, en este <strong data-start=\"1198\" data-end=\"1225\">taller de pintura fl\u00faor<\/strong>, el ambiente relajado y social convierte la experiencia en algo a\u00fan m\u00e1s especial.<\/p>\n<h3 data-start=\"1311\" data-end=\"1333\">Opci\u00f3n por libre<\/h3>\n<p data-start=\"1335\" data-end=\"1601\">Por otro lado, si prefieres seguir tu instinto art\u00edstico, tienes la posibilidad de elegir tu propia creaci\u00f3n. Con una breve explicaci\u00f3n de la teor\u00eda del color y las mezclas necesarias, podr\u00e1s dejar fluir tu imaginaci\u00f3n y dar vida a una obra completamente personal.<\/p>\n<h3 data-start=\"1603\" data-end=\"1644\">Una experiencia creativa para todos<\/h3>\n<p data-start=\"1646\" data-end=\"1899\">En cualquiera de sus modalidades, este <strong data-start=\"1685\" data-end=\"1712\">taller de pintura fl\u00faor<\/strong> te garantiza diversi\u00f3n, conexi\u00f3n art\u00edstica y un recuerdo inolvidable. Podr\u00e1s venir solo, en pareja o con amigos, y siempre encontrar\u00e1s un ambiente acogedor para expresarte sin l\u00edmites.<\/p>\n<h3 data-start=\"1901\" data-end=\"1923\">Reserva tu plaza<\/h3>\n<p data-start=\"1925\" data-end=\"2137\">Las reservas se realizan online y las plazas son limitadas, por lo que te recomendamos asegurar tu sitio con antelaci\u00f3n. As\u00ed, podr\u00e1s disfrutar de una experiencia diferente y original en el coraz\u00f3n de Barcelona.<\/p>\n<p data-start=\"2139\" data-end=\"2336\">Adem\u00e1s, si buscas celebrar un cumplea\u00f1os privado o un evento de <strong data-start=\"2203\" data-end=\"2220\">team building<\/strong>, puedes ponerte en contacto con nosotros en <em data-start=\"2265\" data-end=\"2297\"><a class=\"cursor-pointer\" rel=\"noopener\" data-start=\"2266\" data-end=\"2296\">info@wineandart-experience.com<\/a><\/em> para dise\u00f1ar una propuesta a medida.<\/p>\n<h3 data-start=\"2338\" data-end=\"2362\">Otras experiencias<\/h3>\n<p data-start=\"2364\" data-end=\"2434\">Adem\u00e1s del taller <em data-start=\"2382\" data-end=\"2395\">Medusa Glow<\/em>, ofrecemos muchas m\u00e1s opciones como:<\/p>\n<ul data-start=\"2435\" data-end=\"2657\">\n<li data-start=\"2435\" data-end=\"2486\">\n<p data-start=\"2437\" data-end=\"2486\"><em data-start=\"2437\" data-end=\"2452\">Los Girasoles<\/em> en homenaje a Vincent Van Gogh.<\/p>\n<\/li>\n<li data-start=\"2487\" data-end=\"2535\">\n<p data-start=\"2489\" data-end=\"2535\"><em data-start=\"2489\" data-end=\"2500\">Lion Glow<\/em>, <em data-start=\"2502\" data-end=\"2517\">Elephant Glow<\/em> o <em data-start=\"2520\" data-end=\"2532\">La Tortuga<\/em>.<\/p>\n<\/li>\n<li data-start=\"2536\" data-end=\"2657\">\n<p data-start=\"2538\" data-end=\"2657\"><em data-start=\"2538\" data-end=\"2574\">Pintar un Oso (Bearbrick Painting)<\/em>, una propuesta innovadora donde personalizamos osos de vinilo con pintura fl\u00faor.<\/p>\n<\/li>\n<\/ul>\n<\/div>\n<\/div>\n<\/div>\n<\/div>\n<\/div>\n<\/div>\n<\/div>\n<\/div>\n<\/div>\n<\/div>\n<\/div>\n","protected":false},"excerpt":{"rendered":"<p>crear\u00e1s tu propia obra inspirada en la magia marina de las medusas. Ideal para principiantes y artistas, podr\u00e1s elegir entre opci\u00f3n guiada o por libre.<\/p>","protected":false},"featured_media":14061,"template":"","meta":{"_acf_changed":false},"product_cat":[20],"product_tag":[],"class_list":{"0":"post-18525","1":"product","2":"type-product","3":"status-publish","4":"has-post-thumbnail","6":"product_cat-barcelona","8":"first","9":"instock","10":"sale","11":"shipping-taxable","12":"purchasable","13":"product-type-simple"},"acf":{"producto_hora":"17:30-20 h","producto_lugar":"Carrer del Torrent de l'Olla, 66, 08012","product_date":"20260607","hora_inicio":"","hora_fin":""},"yoast_head":"<!-- This site is optimized with the Yoast SEO plugin v27.2 - https:\/\/yoast.com\/product\/yoast-seo-wordpress\/ -->\n<title>Wine and Art: Jelly Glow - Taller de pintura fl\u00faor \u00a1Ven a pintar sin\u00a0experiencia!<\/title>\n<meta name=\"description\" content=\"Nuestro taller de pintura fl\u00faor Medusa Glow en Barcelona. Pinta medusas con colores fluorescentes que brillan en la oscuridad. \u00a1Reserva tu plaza!\" \/>\n<meta name=\"robots\" content=\"index, follow, max-snippet:-1, max-image-preview:large, max-video-preview:-1\" \/>\n<link rel=\"canonical\" href=\"https:\/\/wineandart-experience.com\/en\/product\/wine-and-art-jelly-glow-4\/\" \/>\n<meta property=\"og:locale\" content=\"en_GB\" \/>\n<meta property=\"og:type\" content=\"article\" \/>\n<meta property=\"og:title\" content=\"Wine and Art: Jelly Glow - Taller de pintura fl\u00faor \u00a1Ven a pintar sin\u00a0experiencia!\" \/>\n<meta property=\"og:description\" content=\"Nuestro taller de pintura fl\u00faor Medusa Glow en Barcelona. Pinta medusas con colores fluorescentes que brillan en la oscuridad. \u00a1Reserva tu plaza!\" \/>\n<meta property=\"og:url\" content=\"https:\/\/wineandart-experience.com\/en\/product\/wine-and-art-jelly-glow-4\/\" \/>\n<meta property=\"og:site_name\" content=\"Taller de pintura fl\u00faor \u00a1Ven a pintar sin\u00a0experiencia!\" \/>\n<meta property=\"article:modified_time\" content=\"2026-04-14T18:12:03+00:00\" \/>\n<meta property=\"og:image\" content=\"https:\/\/wineandart-experience.com\/wp-content\/uploads\/2025\/08\/tallerdepinturafluor-medusaglow.png\" \/>\n\t<meta property=\"og:image:width\" content=\"1200\" \/>\n\t<meta property=\"og:image:height\" content=\"1600\" \/>\n\t<meta property=\"og:image:type\" content=\"image\/png\" \/>\n<meta name=\"twitter:card\" content=\"summary_large_image\" \/>\n<meta name=\"twitter:label1\" content=\"Estimated reading time\" \/>\n\t<meta name=\"twitter:data1\" content=\"2 minutes\" \/>\n<script type=\"application\/ld+json\" class=\"yoast-schema-graph\">{\"@context\":\"https:\/\/schema.org\",\"@graph\":[{\"@type\":\"WebPage\",\"@id\":\"https:\/\/wineandart-experience.com\/producto\/wine-and-art-jelly-glow-4\/\",\"url\":\"https:\/\/wineandart-experience.com\/producto\/wine-and-art-jelly-glow-4\/\",\"name\":\"Wine and Art: Jelly Glow - Taller de pintura fl\u00faor \u00a1Ven a pintar sin\u00a0experiencia!\",\"isPartOf\":{\"@id\":\"https:\/\/wineandart-experience.com\/#website\"},\"primaryImageOfPage\":{\"@id\":\"https:\/\/wineandart-experience.com\/producto\/wine-and-art-jelly-glow-4\/#primaryimage\"},\"image\":{\"@id\":\"https:\/\/wineandart-experience.com\/producto\/wine-and-art-jelly-glow-4\/#primaryimage\"},\"thumbnailUrl\":\"https:\/\/wineandart-experience.com\/wp-content\/uploads\/2025\/08\/tallerdepinturafluor-medusaglow.png\",\"datePublished\":\"2026-04-14T18:06:34+00:00\",\"dateModified\":\"2026-04-14T18:12:03+00:00\",\"description\":\"Nuestro taller de pintura fl\u00faor Medusa Glow en Barcelona. Pinta medusas con colores fluorescentes que brillan en la oscuridad. \u00a1Reserva tu plaza!\",\"breadcrumb\":{\"@id\":\"https:\/\/wineandart-experience.com\/producto\/wine-and-art-jelly-glow-4\/#breadcrumb\"},\"inLanguage\":\"en-GB\",\"potentialAction\":[{\"@type\":\"ReadAction\",\"target\":[\"https:\/\/wineandart-experience.com\/producto\/wine-and-art-jelly-glow-4\/\"]}]},{\"@type\":\"ImageObject\",\"inLanguage\":\"en-GB\",\"@id\":\"https:\/\/wineandart-experience.com\/producto\/wine-and-art-jelly-glow-4\/#primaryimage\",\"url\":\"https:\/\/wineandart-experience.com\/wp-content\/uploads\/2025\/08\/tallerdepinturafluor-medusaglow.png\",\"contentUrl\":\"https:\/\/wineandart-experience.com\/wp-content\/uploads\/2025\/08\/tallerdepinturafluor-medusaglow.png\",\"width\":1200,\"height\":1600,\"caption\":\"Obra fl\u00faor inspirada en medusas creada durante el taller Medusa Glow\"},{\"@type\":\"BreadcrumbList\",\"@id\":\"https:\/\/wineandart-experience.com\/producto\/wine-and-art-jelly-glow-4\/#breadcrumb\",\"itemListElement\":[{\"@type\":\"ListItem\",\"position\":1,\"name\":\"Portada\",\"item\":\"https:\/\/wineandart-experience.com\/\"},{\"@type\":\"ListItem\",\"position\":2,\"name\":\"Productos\",\"item\":\"https:\/\/wineandart-experience.com\/shop\/\"},{\"@type\":\"ListItem\",\"position\":3,\"name\":\"Wine and Art: Jelly Glow\"}]},{\"@type\":\"WebSite\",\"@id\":\"https:\/\/wineandart-experience.com\/#website\",\"url\":\"https:\/\/wineandart-experience.com\/\",\"name\":\"Taller de pintura fl\u00faor \u00a1Ven a pintar sin\u00a0experiencia!\",\"description\":\"Taller de pintura fl\u00faor Barcelona\",\"publisher\":{\"@id\":\"https:\/\/wineandart-experience.com\/#organization\"},\"potentialAction\":[{\"@type\":\"SearchAction\",\"target\":{\"@type\":\"EntryPoint\",\"urlTemplate\":\"https:\/\/wineandart-experience.com\/?s={search_term_string}\"},\"query-input\":{\"@type\":\"PropertyValueSpecification\",\"valueRequired\":true,\"valueName\":\"search_term_string\"}}],\"inLanguage\":\"en-GB\"},{\"@type\":\"Organization\",\"@id\":\"https:\/\/wineandart-experience.com\/#organization\",\"name\":\"Taller de pintura fl\u00faor \u00a1Ven a pintar sin\u00a0experiencia!\",\"url\":\"https:\/\/wineandart-experience.com\/\",\"logo\":{\"@type\":\"ImageObject\",\"inLanguage\":\"en-GB\",\"@id\":\"https:\/\/wineandart-experience.com\/#\/schema\/logo\/image\/\",\"url\":\"https:\/\/wineandart-experience.com\/wp-content\/uploads\/2023\/07\/cropped-WhatsApp-Image-2023-07-28-at-2.34.26-PM.jpeg\",\"contentUrl\":\"https:\/\/wineandart-experience.com\/wp-content\/uploads\/2023\/07\/cropped-WhatsApp-Image-2023-07-28-at-2.34.26-PM.jpeg\",\"width\":499,\"height\":495,\"caption\":\"Taller de pintura fl\u00faor \u00a1Ven a pintar sin\u00a0experiencia!\"},\"image\":{\"@id\":\"https:\/\/wineandart-experience.com\/#\/schema\/logo\/image\/\"}}]}<\/script>\n<!-- \/ Yoast SEO plugin. -->","yoast_head_json":{"title":"Wine and Art: Jelly Glow - Taller de pintura fl\u00faor \u00a1Ven a pintar sin\u00a0experiencia!","description":"Nuestro taller de pintura fl\u00faor Medusa Glow en Barcelona. Pinta medusas con colores fluorescentes que brillan en la oscuridad. \u00a1Reserva tu plaza!","robots":{"index":"index","follow":"follow","max-snippet":"max-snippet:-1","max-image-preview":"max-image-preview:large","max-video-preview":"max-video-preview:-1"},"canonical":"https:\/\/wineandart-experience.com\/en\/product\/wine-and-art-jelly-glow-4\/","og_locale":"en_GB","og_type":"article","og_title":"Wine and Art: Jelly Glow - Taller de pintura fl\u00faor \u00a1Ven a pintar sin\u00a0experiencia!","og_description":"Nuestro taller de pintura fl\u00faor Medusa Glow en Barcelona. Pinta medusas con colores fluorescentes que brillan en la oscuridad. \u00a1Reserva tu plaza!","og_url":"https:\/\/wineandart-experience.com\/en\/product\/wine-and-art-jelly-glow-4\/","og_site_name":"Taller de pintura fl\u00faor \u00a1Ven a pintar sin\u00a0experiencia!","article_modified_time":"2026-04-14T18:12:03+00:00","og_image":[{"width":1200,"height":1600,"url":"https:\/\/wineandart-experience.com\/wp-content\/uploads\/2025\/08\/tallerdepinturafluor-medusaglow.png","type":"image\/png"}],"twitter_card":"summary_large_image","twitter_misc":{"Estimated reading time":"2 minutes"},"schema":{"@context":"https:\/\/schema.org","@graph":[{"@type":"WebPage","@id":"https:\/\/wineandart-experience.com\/producto\/wine-and-art-jelly-glow-4\/","url":"https:\/\/wineandart-experience.com\/producto\/wine-and-art-jelly-glow-4\/","name":"Wine and Art: Jelly Glow - Taller de pintura fl\u00faor \u00a1Ven a pintar sin\u00a0experiencia!","isPartOf":{"@id":"https:\/\/wineandart-experience.com\/#website"},"primaryImageOfPage":{"@id":"https:\/\/wineandart-experience.com\/producto\/wine-and-art-jelly-glow-4\/#primaryimage"},"image":{"@id":"https:\/\/wineandart-experience.com\/producto\/wine-and-art-jelly-glow-4\/#primaryimage"},"thumbnailUrl":"https:\/\/wineandart-experience.com\/wp-content\/uploads\/2025\/08\/tallerdepinturafluor-medusaglow.png","datePublished":"2026-04-14T18:06:34+00:00","dateModified":"2026-04-14T18:12:03+00:00","description":"Nuestro taller de pintura fl\u00faor Medusa Glow en Barcelona. Pinta medusas con colores fluorescentes que brillan en la oscuridad. \u00a1Reserva tu plaza!","breadcrumb":{"@id":"https:\/\/wineandart-experience.com\/producto\/wine-and-art-jelly-glow-4\/#breadcrumb"},"inLanguage":"en-GB","potentialAction":[{"@type":"ReadAction","target":["https:\/\/wineandart-experience.com\/producto\/wine-and-art-jelly-glow-4\/"]}]},{"@type":"ImageObject","inLanguage":"en-GB","@id":"https:\/\/wineandart-experience.com\/producto\/wine-and-art-jelly-glow-4\/#primaryimage","url":"https:\/\/wineandart-experience.com\/wp-content\/uploads\/2025\/08\/tallerdepinturafluor-medusaglow.png","contentUrl":"https:\/\/wineandart-experience.com\/wp-content\/uploads\/2025\/08\/tallerdepinturafluor-medusaglow.png","width":1200,"height":1600,"caption":"Obra fl\u00faor inspirada en medusas creada durante el taller Medusa Glow"},{"@type":"BreadcrumbList","@id":"https:\/\/wineandart-experience.com\/producto\/wine-and-art-jelly-glow-4\/#breadcrumb","itemListElement":[{"@type":"ListItem","position":1,"name":"Portada","item":"https:\/\/wineandart-experience.com\/"},{"@type":"ListItem","position":2,"name":"Productos","item":"https:\/\/wineandart-experience.com\/shop\/"},{"@type":"ListItem","position":3,"name":"Wine and Art: Jelly Glow"}]},{"@type":"WebSite","@id":"https:\/\/wineandart-experience.com\/#website","url":"https:\/\/wineandart-experience.com\/","name":"Taller de pintura fl\u00faor \u00a1Ven a pintar sin\u00a0experiencia!","description":"Taller de pintura fl\u00faor Barcelona","publisher":{"@id":"https:\/\/wineandart-experience.com\/#organization"},"potentialAction":[{"@type":"SearchAction","target":{"@type":"EntryPoint","urlTemplate":"https:\/\/wineandart-experience.com\/?s={search_term_string}"},"query-input":{"@type":"PropertyValueSpecification","valueRequired":true,"valueName":"search_term_string"}}],"inLanguage":"en-GB"},{"@type":"Organization","@id":"https:\/\/wineandart-experience.com\/#organization","name":"Taller de pintura fl\u00faor \u00a1Ven a pintar sin\u00a0experiencia!","url":"https:\/\/wineandart-experience.com\/","logo":{"@type":"ImageObject","inLanguage":"en-GB","@id":"https:\/\/wineandart-experience.com\/#\/schema\/logo\/image\/","url":"https:\/\/wineandart-experience.com\/wp-content\/uploads\/2023\/07\/cropped-WhatsApp-Image-2023-07-28-at-2.34.26-PM.jpeg","contentUrl":"https:\/\/wineandart-experience.com\/wp-content\/uploads\/2023\/07\/cropped-WhatsApp-Image-2023-07-28-at-2.34.26-PM.jpeg","width":499,"height":495,"caption":"Taller de pintura fl\u00faor \u00a1Ven a pintar sin\u00a0experiencia!"},"image":{"@id":"https:\/\/wineandart-experience.com\/#\/schema\/logo\/image\/"}}]}},"_links":{"self":[{"href":"https:\/\/wineandart-experience.com\/en\/wp-json\/wp\/v2\/product\/18525","targetHints":{"allow":["GET"]}}],"collection":[{"href":"https:\/\/wineandart-experience.com\/en\/wp-json\/wp\/v2\/product"}],"about":[{"href":"https:\/\/wineandart-experience.com\/en\/wp-json\/wp\/v2\/types\/product"}],"version-history":[{"count":0,"href":"https:\/\/wineandart-experience.com\/en\/wp-json\/wp\/v2\/product\/18525\/revisions"}],"wp:featuredmedia":[{"embeddable":true,"href":"https:\/\/wineandart-experience.com\/en\/wp-json\/wp\/v2\/media\/14061"}],"wp:attachment":[{"href":"https:\/\/wineandart-experience.com\/en\/wp-json\/wp\/v2\/media?parent=18525"}],"wp:term":[{"taxonomy":"product_cat","embeddable":true,"href":"https:\/\/wineandart-experience.com\/en\/wp-json\/wp\/v2\/product_cat?post=18525"},{"taxonomy":"product_tag","embeddable":true,"href":"https:\/\/wineandart-experience.com\/en\/wp-json\/wp\/v2\/product_tag?post=18525"}],"curies":[{"name":"wp","href":"https:\/\/api.w.org\/{rel}","templated":true}]}}