{"id":18538,"date":"2026-04-14T20:21:20","date_gmt":"2026-04-14T18:21:20","guid":{"rendered":"https:\/\/wineandart-experience.com\/?post_type=product&#038;p=18538"},"modified":"2026-04-14T20:22:07","modified_gmt":"2026-04-14T18:22:07","slug":"wine-and-art-sunset-glow-2","status":"publish","type":"product","link":"https:\/\/wineandart-experience.com\/en\/product\/wine-and-art-sunset-glow-2\/","title":{"rendered":"Wine and Art: Sunset Glow"},"content":{"rendered":"<h1 style=\"text-align: center;\" data-start=\"151\" data-end=\"203\">Sunset Glow \u2013 Taller de Pintura Ne\u00f3n y Vino en Barcelona | Wine and Art Experience<\/h1>\n<p>&nbsp;<\/p>\n<h3 data-start=\"523\" data-end=\"582\">\ud83c\udf07 <strong data-start=\"530\" data-end=\"580\">Una puesta de sol que brilla bajo la luz negra<\/strong><\/h3>\n<p data-start=\"583\" data-end=\"818\">Deja que el atardecer cobre vida en tu lienzo con <em data-start=\"633\" data-end=\"646\">Sunset Glow<\/em>, el nuevo taller de <strong data-start=\"667\" data-end=\"694\">Wine and Art Experience<\/strong> en Barcelona.<br data-start=\"708\" data-end=\"711\" \/>Una experiencia donde el arte, el vino y la luz ultravioleta se combinan para crear un momento inolvidable.<\/p>\n<h3 data-start=\"825\" data-end=\"883\"><strong data-start=\"832\" data-end=\"881\">Pinta paso a paso un paisaje lleno de energ\u00eda<\/strong><\/h3>\n<p data-start=\"884\" data-end=\"1124\">Durante la sesi\u00f3n, pintar\u00e1s un paisaje inspirado en los reflejos del sol sobre el agua, las monta\u00f1as y los tonos vibrantes del cielo.<br data-start=\"1017\" data-end=\"1020\" \/>Bajo la luz negra, los colores fl\u00faor transforman la escena en un espect\u00e1culo hipn\u00f3tico de luz y energ\u00eda.<\/p>\n<h3 data-start=\"1166\" data-end=\"1363\"><strong data-start=\"1169\" data-end=\"1186\">Opci\u00f3n guiada: Sunset Glow<\/strong><\/h3>\n<p data-start=\"1166\" data-end=\"1363\"><br data-start=\"1186\" data-end=\"1189\" \/>Sigue el paso a paso con la ayuda de nuestros artistas y aprende t\u00e9cnicas para dominar la pintura fluorescente, logrando un acabado espectacular incluso si es tu primera vez.<\/p>\n<h4 data-start=\"1365\" data-end=\"1509\"><strong data-start=\"1369\" data-end=\"1385\">Opci\u00f3n por libre<\/strong><\/h4>\n<p data-start=\"1365\" data-end=\"1509\"><br data-start=\"1385\" data-end=\"1388\" \/>Deja volar tu creatividad y pinta lo que te inspire, con todos los materiales preparados para que crees una obra \u00fanica.<\/p>\n<p data-start=\"1511\" data-end=\"1606\">Ambas opciones te garantizan una experiencia <strong data-start=\"1556\" data-end=\"1572\">Wine and Art<\/strong> \u00fanica en el coraz\u00f3n de Barcelona.<\/p>\n<h3 data-start=\"1613\" data-end=\"1678\">\ud83c\udf77 <strong data-start=\"1620\" data-end=\"1676\">Incluye todo para que solo te preocupes de disfrutar<\/strong><\/h3>\n<ul data-start=\"1679\" data-end=\"1921\">\n<li data-start=\"1679\" data-end=\"1714\">\n<p data-start=\"1681\" data-end=\"1714\">Todos los materiales de pintura<\/p>\n<\/li>\n<li data-start=\"1715\" data-end=\"1779\">\n<p data-start=\"1717\" data-end=\"1779\">vino ilimitado (blanco, tinto o rosado) o refresco (Coca Cola Zero, Fanta de Naranja o agua)<\/p>\n<\/li>\n<li data-start=\"1780\" data-end=\"1837\">\n<p data-start=\"1782\" data-end=\"1837\">Instrucci\u00f3n art\u00edstica guiada paso a paso <em data-start=\"1823\" data-end=\"1835\">(opcional)<\/em><\/p>\n<\/li>\n<li data-start=\"1838\" data-end=\"1878\">\n<p data-start=\"1840\" data-end=\"1878\">Ambiente fl\u00faor con luces UV, aire acondicionado y buena m\u00fasica<\/p>\n<\/li>\n<\/ul>\n<p>&nbsp;<\/p>\n<h3 data-start=\"2141\" data-end=\"2198\">\u2728 <strong data-start=\"2147\" data-end=\"2196\">Vive el arte, el color y el vino en Barcelona<\/strong><\/h3>\n<p data-start=\"2199\" data-end=\"2454\">Vive una puesta de sol m\u00e1gica, deja que los colores fl\u00faor iluminen tu creatividad y disfruta del arte con una copa de vino en la mano.<br data-start=\"2333\" data-end=\"2336\" \/>Una experiencia \u00fanica con <strong data-start=\"2362\" data-end=\"2399\">Wine and Art Experience Barcelona<\/strong>, perfecta para disfrutar solo, en pareja o con amigos.<\/p>","protected":false},"excerpt":{"rendered":"<div class=\"font-semibold select-none\">Descubre <em data-start=\"3246\" data-end=\"3259\">Sunset Glow<\/em>, el nuevo taller de <strong data-start=\"3280\" data-end=\"3307\">Wine and Art Experience<\/strong> en Barcelona.<br data-start=\"3321\" data-end=\"3324\" \/>Una experiencia art\u00edstica donde el color del atardecer se mezcla con el vino y la magia de la luz ne\u00f3n.<br data-start=\"3427\" data-end=\"3430\" \/>Elige entre la opci\u00f3n guiada o por libre para vivir el arte a tu manera.<\/div>","protected":false},"featured_media":15771,"template":"","meta":{"_acf_changed":false},"product_cat":[20],"product_tag":[],"class_list":{"0":"post-18538","1":"product","2":"type-product","3":"status-publish","4":"has-post-thumbnail","6":"product_cat-barcelona","8":"first","9":"instock","10":"sale","11":"shipping-taxable","12":"purchasable","13":"product-type-simple"},"acf":{"producto_hora":"18:30-21 h","producto_lugar":"Carrer del Torrent de l'Olla, 66, 08012","product_date":"20260611","hora_inicio":"","hora_fin":""},"yoast_head":"<!-- This site is optimized with the Yoast SEO plugin v27.2 - https:\/\/yoast.com\/product\/yoast-seo-wordpress\/ -->\n<title>Wine and Art: Sunset Glow - Taller de pintura fl\u00faor \u00a1Ven a pintar sin\u00a0experiencia!<\/title>\n<meta name=\"description\" content=\"Pinta un atardecer fl\u00faor con vino ilimitado y m\u00fasica. Elige entre gu\u00eda o libre y vive la experiencia Wine and Art Experience en Barcelona.\" \/>\n<meta name=\"robots\" content=\"index, follow, max-snippet:-1, max-image-preview:large, max-video-preview:-1\" \/>\n<link rel=\"canonical\" href=\"https:\/\/wineandart-experience.com\/en\/product\/wine-and-art-sunset-glow-2\/\" \/>\n<meta property=\"og:locale\" content=\"en_GB\" \/>\n<meta property=\"og:type\" content=\"article\" \/>\n<meta property=\"og:title\" content=\"Wine and Art: Sunset Glow - Taller de pintura fl\u00faor \u00a1Ven a pintar sin\u00a0experiencia!\" \/>\n<meta property=\"og:description\" content=\"Pinta un atardecer fl\u00faor con vino ilimitado y m\u00fasica. Elige entre gu\u00eda o libre y vive la experiencia Wine and Art Experience en Barcelona.\" \/>\n<meta property=\"og:url\" content=\"https:\/\/wineandart-experience.com\/en\/product\/wine-and-art-sunset-glow-2\/\" \/>\n<meta property=\"og:site_name\" content=\"Taller de pintura fl\u00faor \u00a1Ven a pintar sin\u00a0experiencia!\" \/>\n<meta property=\"article:modified_time\" content=\"2026-04-14T18:22:07+00:00\" \/>\n<meta property=\"og:image\" content=\"https:\/\/wineandart-experience.com\/wp-content\/uploads\/2025\/11\/wineandartexperience-Sunsetglow.png\" \/>\n\t<meta property=\"og:image:width\" content=\"1024\" \/>\n\t<meta property=\"og:image:height\" content=\"1536\" \/>\n\t<meta property=\"og:image:type\" content=\"image\/png\" \/>\n<meta name=\"twitter:card\" content=\"summary_large_image\" \/>\n<meta name=\"twitter:label1\" content=\"Estimated reading time\" \/>\n\t<meta name=\"twitter:data1\" content=\"2 minutes\" \/>\n<script type=\"application\/ld+json\" class=\"yoast-schema-graph\">{\"@context\":\"https:\/\/schema.org\",\"@graph\":[{\"@type\":\"WebPage\",\"@id\":\"https:\/\/wineandart-experience.com\/producto\/wine-and-art-sunset-glow-2\/\",\"url\":\"https:\/\/wineandart-experience.com\/producto\/wine-and-art-sunset-glow-2\/\",\"name\":\"Wine and Art: Sunset Glow - Taller de pintura fl\u00faor \u00a1Ven a pintar sin\u00a0experiencia!\",\"isPartOf\":{\"@id\":\"https:\/\/wineandart-experience.com\/#website\"},\"primaryImageOfPage\":{\"@id\":\"https:\/\/wineandart-experience.com\/producto\/wine-and-art-sunset-glow-2\/#primaryimage\"},\"image\":{\"@id\":\"https:\/\/wineandart-experience.com\/producto\/wine-and-art-sunset-glow-2\/#primaryimage\"},\"thumbnailUrl\":\"https:\/\/wineandart-experience.com\/wp-content\/uploads\/2025\/11\/wineandartexperience-Sunsetglow.png\",\"datePublished\":\"2026-04-14T18:21:20+00:00\",\"dateModified\":\"2026-04-14T18:22:07+00:00\",\"description\":\"Pinta un atardecer fl\u00faor con vino ilimitado y m\u00fasica. Elige entre gu\u00eda o libre y vive la experiencia Wine and Art Experience en Barcelona.\",\"breadcrumb\":{\"@id\":\"https:\/\/wineandart-experience.com\/producto\/wine-and-art-sunset-glow-2\/#breadcrumb\"},\"inLanguage\":\"en-GB\",\"potentialAction\":[{\"@type\":\"ReadAction\",\"target\":[\"https:\/\/wineandart-experience.com\/producto\/wine-and-art-sunset-glow-2\/\"]}]},{\"@type\":\"ImageObject\",\"inLanguage\":\"en-GB\",\"@id\":\"https:\/\/wineandart-experience.com\/producto\/wine-and-art-sunset-glow-2\/#primaryimage\",\"url\":\"https:\/\/wineandart-experience.com\/wp-content\/uploads\/2025\/11\/wineandartexperience-Sunsetglow.png\",\"contentUrl\":\"https:\/\/wineandart-experience.com\/wp-content\/uploads\/2025\/11\/wineandartexperience-Sunsetglow.png\",\"width\":1024,\"height\":1536,\"caption\":\"Taller Sunset Glow en Wine and Art Experience Barcelona: arte, vino y luz ultravioleta en una experiencia \u00fanica.\"},{\"@type\":\"BreadcrumbList\",\"@id\":\"https:\/\/wineandart-experience.com\/producto\/wine-and-art-sunset-glow-2\/#breadcrumb\",\"itemListElement\":[{\"@type\":\"ListItem\",\"position\":1,\"name\":\"Portada\",\"item\":\"https:\/\/wineandart-experience.com\/\"},{\"@type\":\"ListItem\",\"position\":2,\"name\":\"Productos\",\"item\":\"https:\/\/wineandart-experience.com\/shop\/\"},{\"@type\":\"ListItem\",\"position\":3,\"name\":\"Wine and Art: Sunset Glow\"}]},{\"@type\":\"WebSite\",\"@id\":\"https:\/\/wineandart-experience.com\/#website\",\"url\":\"https:\/\/wineandart-experience.com\/\",\"name\":\"Taller de pintura fl\u00faor \u00a1Ven a pintar sin\u00a0experiencia!\",\"description\":\"Taller de pintura fl\u00faor Barcelona\",\"publisher\":{\"@id\":\"https:\/\/wineandart-experience.com\/#organization\"},\"potentialAction\":[{\"@type\":\"SearchAction\",\"target\":{\"@type\":\"EntryPoint\",\"urlTemplate\":\"https:\/\/wineandart-experience.com\/?s={search_term_string}\"},\"query-input\":{\"@type\":\"PropertyValueSpecification\",\"valueRequired\":true,\"valueName\":\"search_term_string\"}}],\"inLanguage\":\"en-GB\"},{\"@type\":\"Organization\",\"@id\":\"https:\/\/wineandart-experience.com\/#organization\",\"name\":\"Taller de pintura fl\u00faor \u00a1Ven a pintar sin\u00a0experiencia!\",\"url\":\"https:\/\/wineandart-experience.com\/\",\"logo\":{\"@type\":\"ImageObject\",\"inLanguage\":\"en-GB\",\"@id\":\"https:\/\/wineandart-experience.com\/#\/schema\/logo\/image\/\",\"url\":\"https:\/\/wineandart-experience.com\/wp-content\/uploads\/2023\/07\/cropped-WhatsApp-Image-2023-07-28-at-2.34.26-PM.jpeg\",\"contentUrl\":\"https:\/\/wineandart-experience.com\/wp-content\/uploads\/2023\/07\/cropped-WhatsApp-Image-2023-07-28-at-2.34.26-PM.jpeg\",\"width\":499,\"height\":495,\"caption\":\"Taller de pintura fl\u00faor \u00a1Ven a pintar sin\u00a0experiencia!\"},\"image\":{\"@id\":\"https:\/\/wineandart-experience.com\/#\/schema\/logo\/image\/\"}}]}<\/script>\n<!-- \/ Yoast SEO plugin. -->","yoast_head_json":{"title":"Wine and Art: Sunset Glow - Taller de pintura fl\u00faor \u00a1Ven a pintar sin\u00a0experiencia!","description":"Pinta un atardecer fl\u00faor con vino ilimitado y m\u00fasica. Elige entre gu\u00eda o libre y vive la experiencia Wine and Art Experience en Barcelona.","robots":{"index":"index","follow":"follow","max-snippet":"max-snippet:-1","max-image-preview":"max-image-preview:large","max-video-preview":"max-video-preview:-1"},"canonical":"https:\/\/wineandart-experience.com\/en\/product\/wine-and-art-sunset-glow-2\/","og_locale":"en_GB","og_type":"article","og_title":"Wine and Art: Sunset Glow - Taller de pintura fl\u00faor \u00a1Ven a pintar sin\u00a0experiencia!","og_description":"Pinta un atardecer fl\u00faor con vino ilimitado y m\u00fasica. Elige entre gu\u00eda o libre y vive la experiencia Wine and Art Experience en Barcelona.","og_url":"https:\/\/wineandart-experience.com\/en\/product\/wine-and-art-sunset-glow-2\/","og_site_name":"Taller de pintura fl\u00faor \u00a1Ven a pintar sin\u00a0experiencia!","article_modified_time":"2026-04-14T18:22:07+00:00","og_image":[{"width":1024,"height":1536,"url":"https:\/\/wineandart-experience.com\/wp-content\/uploads\/2025\/11\/wineandartexperience-Sunsetglow.png","type":"image\/png"}],"twitter_card":"summary_large_image","twitter_misc":{"Estimated reading time":"2 minutes"},"schema":{"@context":"https:\/\/schema.org","@graph":[{"@type":"WebPage","@id":"https:\/\/wineandart-experience.com\/producto\/wine-and-art-sunset-glow-2\/","url":"https:\/\/wineandart-experience.com\/producto\/wine-and-art-sunset-glow-2\/","name":"Wine and Art: Sunset Glow - Taller de pintura fl\u00faor \u00a1Ven a pintar sin\u00a0experiencia!","isPartOf":{"@id":"https:\/\/wineandart-experience.com\/#website"},"primaryImageOfPage":{"@id":"https:\/\/wineandart-experience.com\/producto\/wine-and-art-sunset-glow-2\/#primaryimage"},"image":{"@id":"https:\/\/wineandart-experience.com\/producto\/wine-and-art-sunset-glow-2\/#primaryimage"},"thumbnailUrl":"https:\/\/wineandart-experience.com\/wp-content\/uploads\/2025\/11\/wineandartexperience-Sunsetglow.png","datePublished":"2026-04-14T18:21:20+00:00","dateModified":"2026-04-14T18:22:07+00:00","description":"Pinta un atardecer fl\u00faor con vino ilimitado y m\u00fasica. Elige entre gu\u00eda o libre y vive la experiencia Wine and Art Experience en Barcelona.","breadcrumb":{"@id":"https:\/\/wineandart-experience.com\/producto\/wine-and-art-sunset-glow-2\/#breadcrumb"},"inLanguage":"en-GB","potentialAction":[{"@type":"ReadAction","target":["https:\/\/wineandart-experience.com\/producto\/wine-and-art-sunset-glow-2\/"]}]},{"@type":"ImageObject","inLanguage":"en-GB","@id":"https:\/\/wineandart-experience.com\/producto\/wine-and-art-sunset-glow-2\/#primaryimage","url":"https:\/\/wineandart-experience.com\/wp-content\/uploads\/2025\/11\/wineandartexperience-Sunsetglow.png","contentUrl":"https:\/\/wineandart-experience.com\/wp-content\/uploads\/2025\/11\/wineandartexperience-Sunsetglow.png","width":1024,"height":1536,"caption":"Taller Sunset Glow en Wine and Art Experience Barcelona: arte, vino y luz ultravioleta en una experiencia \u00fanica."},{"@type":"BreadcrumbList","@id":"https:\/\/wineandart-experience.com\/producto\/wine-and-art-sunset-glow-2\/#breadcrumb","itemListElement":[{"@type":"ListItem","position":1,"name":"Portada","item":"https:\/\/wineandart-experience.com\/"},{"@type":"ListItem","position":2,"name":"Productos","item":"https:\/\/wineandart-experience.com\/shop\/"},{"@type":"ListItem","position":3,"name":"Wine and Art: Sunset Glow"}]},{"@type":"WebSite","@id":"https:\/\/wineandart-experience.com\/#website","url":"https:\/\/wineandart-experience.com\/","name":"Taller de pintura fl\u00faor \u00a1Ven a pintar sin\u00a0experiencia!","description":"Taller de pintura fl\u00faor Barcelona","publisher":{"@id":"https:\/\/wineandart-experience.com\/#organization"},"potentialAction":[{"@type":"SearchAction","target":{"@type":"EntryPoint","urlTemplate":"https:\/\/wineandart-experience.com\/?s={search_term_string}"},"query-input":{"@type":"PropertyValueSpecification","valueRequired":true,"valueName":"search_term_string"}}],"inLanguage":"en-GB"},{"@type":"Organization","@id":"https:\/\/wineandart-experience.com\/#organization","name":"Taller de pintura fl\u00faor \u00a1Ven a pintar sin\u00a0experiencia!","url":"https:\/\/wineandart-experience.com\/","logo":{"@type":"ImageObject","inLanguage":"en-GB","@id":"https:\/\/wineandart-experience.com\/#\/schema\/logo\/image\/","url":"https:\/\/wineandart-experience.com\/wp-content\/uploads\/2023\/07\/cropped-WhatsApp-Image-2023-07-28-at-2.34.26-PM.jpeg","contentUrl":"https:\/\/wineandart-experience.com\/wp-content\/uploads\/2023\/07\/cropped-WhatsApp-Image-2023-07-28-at-2.34.26-PM.jpeg","width":499,"height":495,"caption":"Taller de pintura fl\u00faor \u00a1Ven a pintar sin\u00a0experiencia!"},"image":{"@id":"https:\/\/wineandart-experience.com\/#\/schema\/logo\/image\/"}}]}},"_links":{"self":[{"href":"https:\/\/wineandart-experience.com\/en\/wp-json\/wp\/v2\/product\/18538","targetHints":{"allow":["GET"]}}],"collection":[{"href":"https:\/\/wineandart-experience.com\/en\/wp-json\/wp\/v2\/product"}],"about":[{"href":"https:\/\/wineandart-experience.com\/en\/wp-json\/wp\/v2\/types\/product"}],"version-history":[{"count":1,"href":"https:\/\/wineandart-experience.com\/en\/wp-json\/wp\/v2\/product\/18538\/revisions"}],"predecessor-version":[{"id":18540,"href":"https:\/\/wineandart-experience.com\/en\/wp-json\/wp\/v2\/product\/18538\/revisions\/18540"}],"wp:featuredmedia":[{"embeddable":true,"href":"https:\/\/wineandart-experience.com\/en\/wp-json\/wp\/v2\/media\/15771"}],"wp:attachment":[{"href":"https:\/\/wineandart-experience.com\/en\/wp-json\/wp\/v2\/media?parent=18538"}],"wp:term":[{"taxonomy":"product_cat","embeddable":true,"href":"https:\/\/wineandart-experience.com\/en\/wp-json\/wp\/v2\/product_cat?post=18538"},{"taxonomy":"product_tag","embeddable":true,"href":"https:\/\/wineandart-experience.com\/en\/wp-json\/wp\/v2\/product_tag?post=18538"}],"curies":[{"name":"wp","href":"https:\/\/api.w.org\/{rel}","templated":true}]}}