{"id":18542,"date":"2026-04-14T20:23:00","date_gmt":"2026-04-14T18:23:00","guid":{"rendered":"https:\/\/wineandart-experience.com\/?post_type=product&#038;p=18542"},"modified":"2026-04-14T20:23:44","modified_gmt":"2026-04-14T18:23:44","slug":"wine-and-art-pulpo-fluor-3","status":"publish","type":"product","link":"https:\/\/wineandart-experience.com\/en\/product\/wine-and-art-pulpo-fluor-3\/","title":{"rendered":"Wine and Art: Pulpo Fl\u00faor"},"content":{"rendered":"<h2 data-start=\"191\" data-end=\"220\">\ud83d\udc19 Wine Art: Pulpo Fl\u00faor<\/h2>\n<h3 data-start=\"222\" data-end=\"253\">Taller guiado Pulpo Fl\u00faor<\/h3>\n<p data-start=\"254\" data-end=\"725\">Ad\u00e9ntrate en el mundo marino con nuestro taller <a href=\"https:\/\/wineandart-experience.com\/en\/\"><strong data-start=\"302\" data-end=\"314\">Wine and Art<\/strong> <\/a>dedicado al <strong data-start=\"327\" data-end=\"342\">Pulpo Fl\u00faor<\/strong>. En esta experiencia \u00fanica, pintar\u00e1s paso a paso un pulpo que cobra vida con colores fluorescentes bajo luz negra. Desde el primer trazo, aprender\u00e1s a realizar el boceto, a aplicar la teor\u00eda del color y a dar forma a los tent\u00e1culos de esta criatura fascinante. Adem\u00e1s, disfrutar\u00e1s de un ambiente relajado y social, perfecto para compartir con amigos, pareja o conocer gente nueva.<\/p>\n<h3 data-start=\"727\" data-end=\"758\">Opci\u00f3n guiada paso a paso<\/h3>\n<p data-start=\"759\" data-end=\"1072\">Nuestros artistas estar\u00e1n contigo en todo momento. Te explicar\u00e1n c\u00f3mo estructurar el dibujo y c\u00f3mo mezclar tonos para conseguir un resultado vibrante y lleno de energ\u00eda. Gracias a sus indicaciones, no necesitas experiencia previa: podr\u00e1s sentir la magia del <strong data-start=\"1017\" data-end=\"1029\">wine art<\/strong> mientras tu obra brilla en la oscuridad.<\/p>\n<h3 data-start=\"1074\" data-end=\"1096\">Opci\u00f3n por libre<\/h3>\n<p data-start=\"1097\" data-end=\"1334\">Si prefieres explorar tu creatividad de manera independiente, tambi\u00e9n puedes elegir la modalidad por libre. En ella, recibir\u00e1s las bases de la teor\u00eda del color y la libertad de crear tu propia interpretaci\u00f3n del mar y de sus criaturas.<\/p>\n<h3 data-start=\"1336\" data-end=\"1378\">Una experiencia Wine Art inolvidable<\/h3>\n<p data-start=\"1379\" data-end=\"1648\">Lo que hace especial este taller es la combinaci\u00f3n de arte, ambiente acogedor y colores fluorescentes que transforman la sala en un espect\u00e1culo visual. Por lo tanto, vivir\u00e1s un plan diferente en Barcelona, donde cada pincelada se convierte en un recuerdo inolvidable.<\/p>\n<h3 data-start=\"1901\" data-end=\"1923\">Reserva tu plaza<\/h3>\n<p data-start=\"1925\" data-end=\"2137\">Las reservas se realizan online y las plazas son limitadas, por lo que te recomendamos asegurar tu sitio con antelaci\u00f3n. As\u00ed, podr\u00e1s disfrutar de una experiencia diferente y original en el coraz\u00f3n de Barcelona.<\/p>\n<p data-start=\"2139\" data-end=\"2336\">Adem\u00e1s, si buscas celebrar un cumplea\u00f1os privado o un evento de <strong data-start=\"2203\" data-end=\"2220\">team building<\/strong>, puedes ponerte en <a href=\"https:\/\/wineandart-experience.com\/en\/team-building-en-barcelona\/\"><em><strong>contacto con nosotros aqu\u00ed<\/strong><\/em><\/a>\u00a0para dise\u00f1ar una propuesta a medida.<\/p>\n<h3 data-start=\"2338\" data-end=\"2362\">Otras experiencias<\/h3>\n<p data-start=\"2364\" data-end=\"2434\">Adem\u00e1s del taller <em data-start=\"2382\" data-end=\"2395\">Medusa Glow<\/em>, ofrecemos muchas m\u00e1s opciones como:<\/p>\n<ul data-start=\"2435\" data-end=\"2657\">\n<li data-start=\"2435\" data-end=\"2486\">\n<p data-start=\"2437\" data-end=\"2486\"><em data-start=\"2437\" data-end=\"2452\">Los Girasoles<\/em> en homenaje a Vincent Van Gogh.<\/p>\n<\/li>\n<li data-start=\"2487\" data-end=\"2535\">\n<p data-start=\"2489\" data-end=\"2535\"><em data-start=\"2489\" data-end=\"2500\">Lion Glow<\/em>, <em data-start=\"2502\" data-end=\"2517\">Elephant Glow<\/em> or <em data-start=\"2520\" data-end=\"2532\">La Tortuga<\/em>.<\/p>\n<\/li>\n<li data-start=\"2536\" data-end=\"2657\">\n<p data-start=\"2538\" data-end=\"2657\"><em data-start=\"2538\" data-end=\"2574\">Painting a Bear (Bearbrick Painting)<\/em>, una propuesta innovadora donde personalizamos osos de vinilo con pintura fl\u00faor.<\/p>\n<\/li>\n<\/ul>","protected":false},"excerpt":{"rendered":"<p>Vive la magia del <strong data-start=\"164\" data-end=\"176\">wine art<\/strong> en Barcelona con nuestro taller <strong data-start=\"209\" data-end=\"224\">Pulpo Fl\u00faor<\/strong> \ud83d\udc19\ud83c\udfa8. Pinta paso a paso un cuadro fluorescente que brilla bajo luz negra, guiado por artistas que te acompa\u00f1ar\u00e1n en todo el proceso. No necesitas experiencia previa: solo ganas de disfrutar, compartir y dejarte llevar por la creatividad en un ambiente relajado y social.<\/p>","protected":false},"featured_media":14516,"template":"","meta":{"_acf_changed":false},"product_cat":[20],"product_tag":[],"class_list":{"0":"post-18542","1":"product","2":"type-product","3":"status-publish","4":"has-post-thumbnail","6":"product_cat-barcelona","8":"first","9":"instock","10":"sale","11":"shipping-taxable","12":"purchasable","13":"product-type-simple"},"acf":{"producto_hora":"18:30-21 h","producto_lugar":"Carrer del Torrent de l'Olla, 66, 08012","product_date":"20260612","hora_inicio":"","hora_fin":""},"yoast_head":"<!-- This site is optimized with the Yoast SEO plugin v27.2 - https:\/\/yoast.com\/product\/yoast-seo-wordpress\/ -->\n<title>Wine and Art: Pulpo Fl\u00faor - Taller de pintura fl\u00faor \u00a1Ven a pintar sin\u00a0experiencia!<\/title>\n<meta name=\"description\" content=\"Descubre el taller Wine Art Barcelona Pulpo Fl\u00faor en Barcelona: pinta paso a paso un cuadro fluorescente bajo luz negra. \u00a1Reserva tu plaza!\" \/>\n<meta name=\"robots\" content=\"index, follow, max-snippet:-1, max-image-preview:large, max-video-preview:-1\" \/>\n<link rel=\"canonical\" href=\"https:\/\/wineandart-experience.com\/en\/product\/wine-and-art-pulpo-fluor-3\/\" \/>\n<meta property=\"og:locale\" content=\"en_GB\" \/>\n<meta property=\"og:type\" content=\"article\" \/>\n<meta property=\"og:title\" content=\"Wine and Art: Pulpo Fl\u00faor - Taller de pintura fl\u00faor \u00a1Ven a pintar sin\u00a0experiencia!\" \/>\n<meta property=\"og:description\" content=\"Descubre el taller Wine Art Barcelona Pulpo Fl\u00faor en Barcelona: pinta paso a paso un cuadro fluorescente bajo luz negra. \u00a1Reserva tu plaza!\" \/>\n<meta property=\"og:url\" content=\"https:\/\/wineandart-experience.com\/en\/product\/wine-and-art-pulpo-fluor-3\/\" \/>\n<meta property=\"og:site_name\" content=\"Taller de pintura fl\u00faor \u00a1Ven a pintar sin\u00a0experiencia!\" \/>\n<meta property=\"article:modified_time\" content=\"2026-04-14T18:23:44+00:00\" \/>\n<meta property=\"og:image\" content=\"https:\/\/wineandart-experience.com\/wp-content\/uploads\/2025\/09\/wineart-barcelona-pulpofluor-scaled.jpg\" \/>\n\t<meta property=\"og:image:width\" content=\"1920\" \/>\n\t<meta property=\"og:image:height\" content=\"2560\" \/>\n\t<meta property=\"og:image:type\" content=\"image\/jpeg\" \/>\n<meta name=\"twitter:card\" content=\"summary_large_image\" \/>\n<meta name=\"twitter:label1\" content=\"Estimated reading time\" \/>\n\t<meta name=\"twitter:data1\" content=\"2 minutes\" \/>\n<script type=\"application\/ld+json\" class=\"yoast-schema-graph\">{\"@context\":\"https:\/\/schema.org\",\"@graph\":[{\"@type\":\"WebPage\",\"@id\":\"https:\/\/wineandart-experience.com\/producto\/wine-and-art-pulpo-fluor-3\/\",\"url\":\"https:\/\/wineandart-experience.com\/producto\/wine-and-art-pulpo-fluor-3\/\",\"name\":\"Wine and Art: Pulpo Fl\u00faor - Taller de pintura fl\u00faor \u00a1Ven a pintar sin\u00a0experiencia!\",\"isPartOf\":{\"@id\":\"https:\/\/wineandart-experience.com\/#website\"},\"primaryImageOfPage\":{\"@id\":\"https:\/\/wineandart-experience.com\/producto\/wine-and-art-pulpo-fluor-3\/#primaryimage\"},\"image\":{\"@id\":\"https:\/\/wineandart-experience.com\/producto\/wine-and-art-pulpo-fluor-3\/#primaryimage\"},\"thumbnailUrl\":\"https:\/\/wineandart-experience.com\/wp-content\/uploads\/2025\/09\/wineart-barcelona-pulpofluor-scaled.jpg\",\"datePublished\":\"2026-04-14T18:23:00+00:00\",\"dateModified\":\"2026-04-14T18:23:44+00:00\",\"description\":\"Descubre el taller Wine Art Barcelona Pulpo Fl\u00faor en Barcelona: pinta paso a paso un cuadro fluorescente bajo luz negra. \u00a1Reserva tu plaza!\",\"breadcrumb\":{\"@id\":\"https:\/\/wineandart-experience.com\/producto\/wine-and-art-pulpo-fluor-3\/#breadcrumb\"},\"inLanguage\":\"en-GB\",\"potentialAction\":[{\"@type\":\"ReadAction\",\"target\":[\"https:\/\/wineandart-experience.com\/producto\/wine-and-art-pulpo-fluor-3\/\"]}]},{\"@type\":\"ImageObject\",\"inLanguage\":\"en-GB\",\"@id\":\"https:\/\/wineandart-experience.com\/producto\/wine-and-art-pulpo-fluor-3\/#primaryimage\",\"url\":\"https:\/\/wineandart-experience.com\/wp-content\/uploads\/2025\/09\/wineart-barcelona-pulpofluor-scaled.jpg\",\"contentUrl\":\"https:\/\/wineandart-experience.com\/wp-content\/uploads\/2025\/09\/wineart-barcelona-pulpofluor-scaled.jpg\",\"width\":1920,\"height\":2560,\"caption\":\"Una experiencia art\u00edstica en Barcelona donde el pulpo brilla bajo la luz negra.\"},{\"@type\":\"BreadcrumbList\",\"@id\":\"https:\/\/wineandart-experience.com\/producto\/wine-and-art-pulpo-fluor-3\/#breadcrumb\",\"itemListElement\":[{\"@type\":\"ListItem\",\"position\":1,\"name\":\"Portada\",\"item\":\"https:\/\/wineandart-experience.com\/\"},{\"@type\":\"ListItem\",\"position\":2,\"name\":\"Productos\",\"item\":\"https:\/\/wineandart-experience.com\/shop\/\"},{\"@type\":\"ListItem\",\"position\":3,\"name\":\"Wine and Art: Pulpo Fl\u00faor\"}]},{\"@type\":\"WebSite\",\"@id\":\"https:\/\/wineandart-experience.com\/#website\",\"url\":\"https:\/\/wineandart-experience.com\/\",\"name\":\"Taller de pintura fl\u00faor \u00a1Ven a pintar sin\u00a0experiencia!\",\"description\":\"Taller de pintura fl\u00faor Barcelona\",\"publisher\":{\"@id\":\"https:\/\/wineandart-experience.com\/#organization\"},\"potentialAction\":[{\"@type\":\"SearchAction\",\"target\":{\"@type\":\"EntryPoint\",\"urlTemplate\":\"https:\/\/wineandart-experience.com\/?s={search_term_string}\"},\"query-input\":{\"@type\":\"PropertyValueSpecification\",\"valueRequired\":true,\"valueName\":\"search_term_string\"}}],\"inLanguage\":\"en-GB\"},{\"@type\":\"Organization\",\"@id\":\"https:\/\/wineandart-experience.com\/#organization\",\"name\":\"Taller de pintura fl\u00faor \u00a1Ven a pintar sin\u00a0experiencia!\",\"url\":\"https:\/\/wineandart-experience.com\/\",\"logo\":{\"@type\":\"ImageObject\",\"inLanguage\":\"en-GB\",\"@id\":\"https:\/\/wineandart-experience.com\/#\/schema\/logo\/image\/\",\"url\":\"https:\/\/wineandart-experience.com\/wp-content\/uploads\/2023\/07\/cropped-WhatsApp-Image-2023-07-28-at-2.34.26-PM.jpeg\",\"contentUrl\":\"https:\/\/wineandart-experience.com\/wp-content\/uploads\/2023\/07\/cropped-WhatsApp-Image-2023-07-28-at-2.34.26-PM.jpeg\",\"width\":499,\"height\":495,\"caption\":\"Taller de pintura fl\u00faor \u00a1Ven a pintar sin\u00a0experiencia!\"},\"image\":{\"@id\":\"https:\/\/wineandart-experience.com\/#\/schema\/logo\/image\/\"}}]}<\/script>\n<!-- \/ Yoast SEO plugin. -->","yoast_head_json":{"title":"Wine and Art: Pulpo Fl\u00faor - Taller de pintura fl\u00faor \u00a1Ven a pintar sin\u00a0experiencia!","description":"Descubre el taller Wine Art Barcelona Pulpo Fl\u00faor en Barcelona: pinta paso a paso un cuadro fluorescente bajo luz negra. \u00a1Reserva tu plaza!","robots":{"index":"index","follow":"follow","max-snippet":"max-snippet:-1","max-image-preview":"max-image-preview:large","max-video-preview":"max-video-preview:-1"},"canonical":"https:\/\/wineandart-experience.com\/en\/product\/wine-and-art-pulpo-fluor-3\/","og_locale":"en_GB","og_type":"article","og_title":"Wine and Art: Pulpo Fl\u00faor - Taller de pintura fl\u00faor \u00a1Ven a pintar sin\u00a0experiencia!","og_description":"Descubre el taller Wine Art Barcelona Pulpo Fl\u00faor en Barcelona: pinta paso a paso un cuadro fluorescente bajo luz negra. \u00a1Reserva tu plaza!","og_url":"https:\/\/wineandart-experience.com\/en\/product\/wine-and-art-pulpo-fluor-3\/","og_site_name":"Taller de pintura fl\u00faor \u00a1Ven a pintar sin\u00a0experiencia!","article_modified_time":"2026-04-14T18:23:44+00:00","og_image":[{"width":1920,"height":2560,"url":"https:\/\/wineandart-experience.com\/wp-content\/uploads\/2025\/09\/wineart-barcelona-pulpofluor-scaled.jpg","type":"image\/jpeg"}],"twitter_card":"summary_large_image","twitter_misc":{"Estimated reading time":"2 minutes"},"schema":{"@context":"https:\/\/schema.org","@graph":[{"@type":"WebPage","@id":"https:\/\/wineandart-experience.com\/producto\/wine-and-art-pulpo-fluor-3\/","url":"https:\/\/wineandart-experience.com\/producto\/wine-and-art-pulpo-fluor-3\/","name":"Wine and Art: Pulpo Fl\u00faor - Taller de pintura fl\u00faor \u00a1Ven a pintar sin\u00a0experiencia!","isPartOf":{"@id":"https:\/\/wineandart-experience.com\/#website"},"primaryImageOfPage":{"@id":"https:\/\/wineandart-experience.com\/producto\/wine-and-art-pulpo-fluor-3\/#primaryimage"},"image":{"@id":"https:\/\/wineandart-experience.com\/producto\/wine-and-art-pulpo-fluor-3\/#primaryimage"},"thumbnailUrl":"https:\/\/wineandart-experience.com\/wp-content\/uploads\/2025\/09\/wineart-barcelona-pulpofluor-scaled.jpg","datePublished":"2026-04-14T18:23:00+00:00","dateModified":"2026-04-14T18:23:44+00:00","description":"Descubre el taller Wine Art Barcelona Pulpo Fl\u00faor en Barcelona: pinta paso a paso un cuadro fluorescente bajo luz negra. \u00a1Reserva tu plaza!","breadcrumb":{"@id":"https:\/\/wineandart-experience.com\/producto\/wine-and-art-pulpo-fluor-3\/#breadcrumb"},"inLanguage":"en-GB","potentialAction":[{"@type":"ReadAction","target":["https:\/\/wineandart-experience.com\/producto\/wine-and-art-pulpo-fluor-3\/"]}]},{"@type":"ImageObject","inLanguage":"en-GB","@id":"https:\/\/wineandart-experience.com\/producto\/wine-and-art-pulpo-fluor-3\/#primaryimage","url":"https:\/\/wineandart-experience.com\/wp-content\/uploads\/2025\/09\/wineart-barcelona-pulpofluor-scaled.jpg","contentUrl":"https:\/\/wineandart-experience.com\/wp-content\/uploads\/2025\/09\/wineart-barcelona-pulpofluor-scaled.jpg","width":1920,"height":2560,"caption":"Una experiencia art\u00edstica en Barcelona donde el pulpo brilla bajo la luz negra."},{"@type":"BreadcrumbList","@id":"https:\/\/wineandart-experience.com\/producto\/wine-and-art-pulpo-fluor-3\/#breadcrumb","itemListElement":[{"@type":"ListItem","position":1,"name":"Portada","item":"https:\/\/wineandart-experience.com\/"},{"@type":"ListItem","position":2,"name":"Productos","item":"https:\/\/wineandart-experience.com\/shop\/"},{"@type":"ListItem","position":3,"name":"Wine and Art: Pulpo Fl\u00faor"}]},{"@type":"WebSite","@id":"https:\/\/wineandart-experience.com\/#website","url":"https:\/\/wineandart-experience.com\/","name":"Taller de pintura fl\u00faor \u00a1Ven a pintar sin\u00a0experiencia!","description":"Taller de pintura fl\u00faor Barcelona","publisher":{"@id":"https:\/\/wineandart-experience.com\/#organization"},"potentialAction":[{"@type":"SearchAction","target":{"@type":"EntryPoint","urlTemplate":"https:\/\/wineandart-experience.com\/?s={search_term_string}"},"query-input":{"@type":"PropertyValueSpecification","valueRequired":true,"valueName":"search_term_string"}}],"inLanguage":"en-GB"},{"@type":"Organization","@id":"https:\/\/wineandart-experience.com\/#organization","name":"Taller de pintura fl\u00faor \u00a1Ven a pintar sin\u00a0experiencia!","url":"https:\/\/wineandart-experience.com\/","logo":{"@type":"ImageObject","inLanguage":"en-GB","@id":"https:\/\/wineandart-experience.com\/#\/schema\/logo\/image\/","url":"https:\/\/wineandart-experience.com\/wp-content\/uploads\/2023\/07\/cropped-WhatsApp-Image-2023-07-28-at-2.34.26-PM.jpeg","contentUrl":"https:\/\/wineandart-experience.com\/wp-content\/uploads\/2023\/07\/cropped-WhatsApp-Image-2023-07-28-at-2.34.26-PM.jpeg","width":499,"height":495,"caption":"Taller de pintura fl\u00faor \u00a1Ven a pintar sin\u00a0experiencia!"},"image":{"@id":"https:\/\/wineandart-experience.com\/#\/schema\/logo\/image\/"}}]}},"_links":{"self":[{"href":"https:\/\/wineandart-experience.com\/en\/wp-json\/wp\/v2\/product\/18542","targetHints":{"allow":["GET"]}}],"collection":[{"href":"https:\/\/wineandart-experience.com\/en\/wp-json\/wp\/v2\/product"}],"about":[{"href":"https:\/\/wineandart-experience.com\/en\/wp-json\/wp\/v2\/types\/product"}],"version-history":[{"count":1,"href":"https:\/\/wineandart-experience.com\/en\/wp-json\/wp\/v2\/product\/18542\/revisions"}],"predecessor-version":[{"id":18543,"href":"https:\/\/wineandart-experience.com\/en\/wp-json\/wp\/v2\/product\/18542\/revisions\/18543"}],"wp:featuredmedia":[{"embeddable":true,"href":"https:\/\/wineandart-experience.com\/en\/wp-json\/wp\/v2\/media\/14516"}],"wp:attachment":[{"href":"https:\/\/wineandart-experience.com\/en\/wp-json\/wp\/v2\/media?parent=18542"}],"wp:term":[{"taxonomy":"product_cat","embeddable":true,"href":"https:\/\/wineandart-experience.com\/en\/wp-json\/wp\/v2\/product_cat?post=18542"},{"taxonomy":"product_tag","embeddable":true,"href":"https:\/\/wineandart-experience.com\/en\/wp-json\/wp\/v2\/product_tag?post=18542"}],"curies":[{"name":"wp","href":"https:\/\/api.w.org\/{rel}","templated":true}]}}