{"id":18615,"date":"2026-04-20T14:01:47","date_gmt":"2026-04-20T12:01:47","guid":{"rendered":"https:\/\/wineandart-experience.com\/?post_type=product&#038;p=18615"},"modified":"2026-04-20T14:46:31","modified_gmt":"2026-04-20T12:46:31","slug":"wine-and-art-barcelona-frida-kahlo-pintura-y-vino-barcelona","status":"publish","type":"product","link":"https:\/\/wineandart-experience.com\/en\/product\/wine-and-art-barcelona-frida-kahlo-pintura-y-vino-barcelona\/","title":{"rendered":"Wine and Art Classic: Frida"},"content":{"rendered":"<h1 data-section-id=\"adrgfa\" data-start=\"217\" data-end=\"277\">\ud83c\udf3a\ud83c\udfa8 Frida Kahlo \u2013 Wine and Art Taller de Pintura y Vino<\/h1>\n<p data-start=\"278\" data-end=\"347\">Pintura acr\u00edlica inspirada en <span class=\"hover:entity-accent entity-underline inline cursor-pointer align-baseline\"><span class=\"whitespace-normal\">Frida Kahlo<\/span><\/span><\/p>\n<p data-start=\"349\" data-end=\"693\">En primer lugar, te invitamos a vivir una experiencia creativa \u00fanica de <a href=\"https:\/\/wineandart-experience.com\/en\/\"><strong data-start=\"421\" data-end=\"462\">Wine and Art Taller de Pintura y Vino<\/strong><\/a> en Barcelona, donde reinterpretar\u00e1s a Frida Kahlo en una versi\u00f3n llena de color, flores y expresi\u00f3n.<br data-start=\"563\" data-end=\"566\" \/>Adem\u00e1s, este taller combina pintura acr\u00edlica, m\u00fasica y vino para que disfrutes de un momento diferente, relajado y estimulante.<\/p>\n<p data-start=\"695\" data-end=\"981\">Por otro lado, la fuerza visual de Frida, junto con los tonos vibrantes y las formas org\u00e1nicas, hacen de este cuadro una opci\u00f3n perfecta para conectar con tu lado art\u00edstico.<br data-start=\"868\" data-end=\"871\" \/>As\u00ed, no necesitas experiencia previa, ya que el objetivo es que disfrutes del proceso desde el primer momento.<\/p>\n<p data-start=\"983\" data-end=\"1128\">En definitiva, esta actividad de <strong data-start=\"1016\" data-end=\"1057\">Wine and Art Taller de Pintura y Vino<\/strong> es ideal para desconectar del d\u00eda a d\u00eda mientras creas tu propia obra.<\/p>\n<hr data-start=\"1130\" data-end=\"1133\" \/>\n<h2 data-section-id=\"xa13i6\" data-start=\"1135\" data-end=\"1170\">\ud83c\udf3a Opci\u00f3n guiada \u2013 Frida Kahlo<\/h2>\n<p data-start=\"1172\" data-end=\"1316\">En primer lugar, si eliges la opci\u00f3n guiada, nuestras artistas te acompa\u00f1ar\u00e1n paso a paso durante todo el proceso. De esta manera, aprender\u00e1s a:<\/p>\n<ul data-start=\"1318\" data-end=\"1513\">\n<li data-section-id=\"c3st7y\" data-start=\"1318\" data-end=\"1360\">Construir el rostro y sus proporciones<\/li>\n<li data-section-id=\"10yao0q\" data-start=\"1361\" data-end=\"1415\">Trabajar la expresi\u00f3n y los rasgos caracter\u00edsticos<\/li>\n<li data-section-id=\"n36d\" data-start=\"1416\" data-end=\"1461\">Pintar las flores y elementos decorativos<\/li>\n<li data-section-id=\"1p9rwqx\" data-start=\"1462\" data-end=\"1513\">Aplicar color y crear armon\u00eda en la composici\u00f3n<\/li>\n<\/ul>\n<p data-start=\"1515\" data-end=\"1668\">Por lo tanto, esta opci\u00f3n es perfecta si es tu primera experiencia en <strong data-start=\"1585\" data-end=\"1626\">Wine and Art Taller de Pintura y Vino<\/strong> o si prefieres relajarte y dejarte guiar.<\/p>\n<hr data-start=\"1670\" data-end=\"1673\" \/>\n<h2 data-section-id=\"zu4pnp\" data-start=\"1675\" data-end=\"1714\">\ud83c\udfa8 Opci\u00f3n libre \u2013 Pintura acr\u00edlica<\/h2>\n<p data-start=\"1716\" data-end=\"1876\">Por el contrario, si prefieres una experiencia m\u00e1s espont\u00e1nea, puedes elegir la opci\u00f3n libre.<br data-start=\"1809\" data-end=\"1812\" \/>En este caso, recibir\u00e1s nociones b\u00e1sicas de composici\u00f3n y color.<\/p>\n<p data-start=\"1878\" data-end=\"2110\">As\u00ed, podr\u00e1s reinterpretar a Frida Kahlo a tu manera, explorando tu creatividad con mayor libertad.<br data-start=\"1976\" data-end=\"1979\" \/>Sin duda, es ideal si ya conoces el concepto de <strong data-start=\"2027\" data-end=\"2068\">Wine and Art Taller de Pintura y Vino<\/strong> o si buscas una experiencia m\u00e1s personal.<\/p>\n<hr data-start=\"2112\" data-end=\"2115\" \/>\n<h2 data-section-id=\"y5hbp8\" data-start=\"2117\" data-end=\"2153\">\ud83c\udf77 \u00bfQu\u00e9 incluye la experiencia?<\/h2>\n<p data-start=\"2155\" data-end=\"2226\">Adem\u00e1s, todo est\u00e1 preparado para que solo tengas que venir a disfrutar:<\/p>\n<ul data-start=\"2228\" data-end=\"2489\">\n<li data-section-id=\"1qa2nqi\" data-start=\"2228\" data-end=\"2275\">Taller de pintura acr\u00edlica de 2 a 2,5 horas<\/li>\n<li data-section-id=\"169grs\" data-start=\"2276\" data-end=\"2319\">Lienzo y todos los materiales incluidos<\/li>\n<li data-section-id=\"1uwj26l\" data-start=\"2320\" data-end=\"2349\">Pintura acr\u00edlica est\u00e1ndar<\/li>\n<li data-section-id=\"1n9zcf3\" data-start=\"2350\" data-end=\"2402\">Vino blanco y tinto ilimitado (opci\u00f3n refrescos)<\/li>\n<li data-section-id=\"1axjbhg\" data-start=\"2403\" data-end=\"2448\">Asesor\u00eda art\u00edstica durante toda la sesi\u00f3n<\/li>\n<li data-section-id=\"b3cixx\" data-start=\"2449\" data-end=\"2489\">Te llevas tu cuadro terminado a casa<\/li>\n<\/ul>\n<p data-start=\"2491\" data-end=\"2606\">Por consiguiente, no necesitas experiencia previa para disfrutar de este <strong data-start=\"2564\" data-end=\"2605\">Wine and Art Taller de Pintura y Vino<\/strong>.<\/p>\n<hr data-start=\"2608\" data-end=\"2611\" \/>\n<h2 data-section-id=\"fc1l8\" data-start=\"2613\" data-end=\"2678\">\u2728 \u00bfPara qui\u00e9n es este Wine and Art Taller de Pintura y Vino?<\/h2>\n<p data-start=\"2680\" data-end=\"2767\">En cambio, si buscas un plan diferente en Barcelona, esta experiencia es perfecta para:<\/p>\n<ul data-start=\"2769\" data-end=\"2924\">\n<li data-section-id=\"kzhfgr\" data-start=\"2769\" data-end=\"2797\">Plan con amigas o pareja<\/li>\n<li data-section-id=\"74tyf0\" data-start=\"2798\" data-end=\"2828\">Cumplea\u00f1os y celebraciones<\/li>\n<li data-section-id=\"4hxgdn\" data-start=\"2829\" data-end=\"2859\">Regalo creativo y original<\/li>\n<li data-section-id=\"zuqt5n\" data-start=\"2860\" data-end=\"2887\">Afterwork o desconexi\u00f3n<\/li>\n<li data-section-id=\"jcsofi\" data-start=\"2888\" data-end=\"2924\">Team building y eventos privados<\/li>\n<\/ul>\n<p data-start=\"2926\" data-end=\"3074\">De hecho, cada sesi\u00f3n de <strong data-start=\"2951\" data-end=\"2992\">Wine and Art Taller de Pintura y Vino<\/strong> se convierte en un momento \u00fanico donde creatividad, vino y diversi\u00f3n se combinan.<\/p>\n<hr data-start=\"3076\" data-end=\"3079\" \/>\n<h2 data-section-id=\"9o6d3m\" data-start=\"3081\" data-end=\"3105\">\ud83d\udc49 Reserva tu plaza<\/h2>\n<p data-start=\"3107\" data-end=\"3251\">Finalmente, las plazas son limitadas y se gestionan \u00fanicamente con reserva previa.<br data-start=\"3189\" data-end=\"3192\" \/>Por ello, te recomendamos asegurar tu lugar con antelaci\u00f3n.<\/p>\n<p data-start=\"3253\" data-end=\"3363\">Descubre una forma diferente de disfrutar del arte con <strong data-start=\"3308\" data-end=\"3349\">Wine and Art Taller de Pintura y Vino<\/strong> en Barcelona.<\/p>\n<h4 class=\"elementor-heading-title elementor-size-xl\">\ud83d\udc49S\u00edguenos en: <a href=\"https:\/\/www.instagram.com\/wineandartexperience\/\">Instagram<\/a> or <a href=\"https:\/\/www.tiktok.com\/@wineandartexperience\">Tiktok<\/a><\/h4>","protected":false},"excerpt":{"rendered":"<h2 data-section-id=\"ikbj9r\" data-start=\"501\" data-end=\"540\">\ud83c\udf3a Frida Kahlo<\/h2>\n<p data-start=\"542\" data-end=\"815\">Crea tu versi\u00f3n de Frida Kahlo en un <strong data-start=\"579\" data-end=\"620\">Wine and Art Taller de Pintura y Vino<\/strong> en Barcelona. Vive una experiencia de pintura acr\u00edlica con vino ilimitado, m\u00fasica y gu\u00eda art\u00edstica. Por lo tanto, no necesitas experiencia: ven a disfrutar, expresarte y llevarte tu obra a casa.<\/p>","protected":false},"featured_media":18616,"template":"","meta":{"_acf_changed":false},"product_cat":[20],"product_tag":[],"class_list":{"0":"post-18615","1":"product","2":"type-product","3":"status-publish","4":"has-post-thumbnail","6":"product_cat-barcelona","8":"first","9":"instock","10":"sale","11":"shipping-taxable","12":"purchasable","13":"product-type-simple"},"acf":{"producto_hora":"11-13:30 h","producto_lugar":"Carrer del Torrent de l'Olla, 66, 08012","product_date":"20260613","hora_inicio":"","hora_fin":""},"yoast_head":"<!-- This site is optimized with the Yoast SEO plugin v27.2 - https:\/\/yoast.com\/product\/yoast-seo-wordpress\/ -->\n<title>Wine and Art Classic: Frida - Taller de pintura fl\u00faor \u00a1Ven a pintar sin\u00a0experiencia!<\/title>\n<meta name=\"description\" content=\"Pinta Frida Kahlo en Barcelona con acr\u00edlico y vino ilimitado. Vive el Wine and Art Taller de Pintura y Vino. No necesitas experiencia.\" \/>\n<meta name=\"robots\" content=\"index, follow, max-snippet:-1, max-image-preview:large, max-video-preview:-1\" \/>\n<link rel=\"canonical\" href=\"https:\/\/wineandart-experience.com\/en\/product\/wine-and-art-barcelona-frida-kahlo-pintura-y-vino-barcelona\/\" \/>\n<meta property=\"og:locale\" content=\"en_GB\" \/>\n<meta property=\"og:type\" content=\"article\" \/>\n<meta property=\"og:title\" content=\"Wine and Art Classic: Frida - Taller de pintura fl\u00faor \u00a1Ven a pintar sin\u00a0experiencia!\" \/>\n<meta property=\"og:description\" content=\"Pinta Frida Kahlo en Barcelona con acr\u00edlico y vino ilimitado. Vive el Wine and Art Taller de Pintura y Vino. No necesitas experiencia.\" \/>\n<meta property=\"og:url\" content=\"https:\/\/wineandart-experience.com\/en\/product\/wine-and-art-barcelona-frida-kahlo-pintura-y-vino-barcelona\/\" \/>\n<meta property=\"og:site_name\" content=\"Taller de pintura fl\u00faor \u00a1Ven a pintar sin\u00a0experiencia!\" \/>\n<meta property=\"article:modified_time\" content=\"2026-04-20T12:46:31+00:00\" \/>\n<meta property=\"og:image\" content=\"https:\/\/wineandart-experience.com\/wp-content\/uploads\/2026\/04\/wineandart-baercelona-tallerdepinturayvino-fridakahlo-738x1024.png\" \/>\n\t<meta property=\"og:image:width\" content=\"738\" \/>\n\t<meta property=\"og:image:height\" content=\"1024\" \/>\n\t<meta property=\"og:image:type\" content=\"image\/png\" \/>\n<meta name=\"twitter:card\" content=\"summary_large_image\" \/>\n<meta name=\"twitter:label1\" content=\"Estimated reading time\" \/>\n\t<meta name=\"twitter:data1\" content=\"3 minutes\" \/>\n<script type=\"application\/ld+json\" class=\"yoast-schema-graph\">{\"@context\":\"https:\/\/schema.org\",\"@graph\":[{\"@type\":\"WebPage\",\"@id\":\"https:\/\/wineandart-experience.com\/producto\/wine-and-art-barcelona-frida-kahlo-pintura-y-vino-barcelona\/\",\"url\":\"https:\/\/wineandart-experience.com\/producto\/wine-and-art-barcelona-frida-kahlo-pintura-y-vino-barcelona\/\",\"name\":\"Wine and Art Classic: Frida - Taller de pintura fl\u00faor \u00a1Ven a pintar sin\u00a0experiencia!\",\"isPartOf\":{\"@id\":\"https:\/\/wineandart-experience.com\/#website\"},\"primaryImageOfPage\":{\"@id\":\"https:\/\/wineandart-experience.com\/producto\/wine-and-art-barcelona-frida-kahlo-pintura-y-vino-barcelona\/#primaryimage\"},\"image\":{\"@id\":\"https:\/\/wineandart-experience.com\/producto\/wine-and-art-barcelona-frida-kahlo-pintura-y-vino-barcelona\/#primaryimage\"},\"thumbnailUrl\":\"https:\/\/wineandart-experience.com\/wp-content\/uploads\/2026\/04\/wineandart-baercelona-tallerdepinturayvino-fridakahlo.png\",\"datePublished\":\"2026-04-20T12:01:47+00:00\",\"dateModified\":\"2026-04-20T12:46:31+00:00\",\"description\":\"Pinta Frida Kahlo en Barcelona con acr\u00edlico y vino ilimitado. Vive el Wine and Art Taller de Pintura y Vino. No necesitas experiencia.\",\"breadcrumb\":{\"@id\":\"https:\/\/wineandart-experience.com\/producto\/wine-and-art-barcelona-frida-kahlo-pintura-y-vino-barcelona\/#breadcrumb\"},\"inLanguage\":\"en-GB\",\"potentialAction\":[{\"@type\":\"ReadAction\",\"target\":[\"https:\/\/wineandart-experience.com\/producto\/wine-and-art-barcelona-frida-kahlo-pintura-y-vino-barcelona\/\"]}]},{\"@type\":\"ImageObject\",\"inLanguage\":\"en-GB\",\"@id\":\"https:\/\/wineandart-experience.com\/producto\/wine-and-art-barcelona-frida-kahlo-pintura-y-vino-barcelona\/#primaryimage\",\"url\":\"https:\/\/wineandart-experience.com\/wp-content\/uploads\/2026\/04\/wineandart-baercelona-tallerdepinturayvino-fridakahlo.png\",\"contentUrl\":\"https:\/\/wineandart-experience.com\/wp-content\/uploads\/2026\/04\/wineandart-baercelona-tallerdepinturayvino-fridakahlo.png\",\"width\":1065,\"height\":1477,\"caption\":\"Pinta tu versi\u00f3n de Frida Kahlo en un Wine and Art Taller de Pintura y Vino en Barcelona\"},{\"@type\":\"BreadcrumbList\",\"@id\":\"https:\/\/wineandart-experience.com\/producto\/wine-and-art-barcelona-frida-kahlo-pintura-y-vino-barcelona\/#breadcrumb\",\"itemListElement\":[{\"@type\":\"ListItem\",\"position\":1,\"name\":\"Portada\",\"item\":\"https:\/\/wineandart-experience.com\/\"},{\"@type\":\"ListItem\",\"position\":2,\"name\":\"Productos\",\"item\":\"https:\/\/wineandart-experience.com\/shop\/\"},{\"@type\":\"ListItem\",\"position\":3,\"name\":\"Wine and Art Classic: Frida\"}]},{\"@type\":\"WebSite\",\"@id\":\"https:\/\/wineandart-experience.com\/#website\",\"url\":\"https:\/\/wineandart-experience.com\/\",\"name\":\"Taller de pintura fl\u00faor \u00a1Ven a pintar sin\u00a0experiencia!\",\"description\":\"Taller de pintura fl\u00faor Barcelona\",\"publisher\":{\"@id\":\"https:\/\/wineandart-experience.com\/#organization\"},\"potentialAction\":[{\"@type\":\"SearchAction\",\"target\":{\"@type\":\"EntryPoint\",\"urlTemplate\":\"https:\/\/wineandart-experience.com\/?s={search_term_string}\"},\"query-input\":{\"@type\":\"PropertyValueSpecification\",\"valueRequired\":true,\"valueName\":\"search_term_string\"}}],\"inLanguage\":\"en-GB\"},{\"@type\":\"Organization\",\"@id\":\"https:\/\/wineandart-experience.com\/#organization\",\"name\":\"Taller de pintura fl\u00faor \u00a1Ven a pintar sin\u00a0experiencia!\",\"url\":\"https:\/\/wineandart-experience.com\/\",\"logo\":{\"@type\":\"ImageObject\",\"inLanguage\":\"en-GB\",\"@id\":\"https:\/\/wineandart-experience.com\/#\/schema\/logo\/image\/\",\"url\":\"https:\/\/wineandart-experience.com\/wp-content\/uploads\/2023\/07\/cropped-WhatsApp-Image-2023-07-28-at-2.34.26-PM.jpeg\",\"contentUrl\":\"https:\/\/wineandart-experience.com\/wp-content\/uploads\/2023\/07\/cropped-WhatsApp-Image-2023-07-28-at-2.34.26-PM.jpeg\",\"width\":499,\"height\":495,\"caption\":\"Taller de pintura fl\u00faor \u00a1Ven a pintar sin\u00a0experiencia!\"},\"image\":{\"@id\":\"https:\/\/wineandart-experience.com\/#\/schema\/logo\/image\/\"}}]}<\/script>\n<!-- \/ Yoast SEO plugin. -->","yoast_head_json":{"title":"Wine and Art Classic: Frida - Taller de pintura fl\u00faor \u00a1Ven a pintar sin\u00a0experiencia!","description":"Pinta Frida Kahlo en Barcelona con acr\u00edlico y vino ilimitado. Vive el Wine and Art Taller de Pintura y Vino. No necesitas experiencia.","robots":{"index":"index","follow":"follow","max-snippet":"max-snippet:-1","max-image-preview":"max-image-preview:large","max-video-preview":"max-video-preview:-1"},"canonical":"https:\/\/wineandart-experience.com\/en\/product\/wine-and-art-barcelona-frida-kahlo-pintura-y-vino-barcelona\/","og_locale":"en_GB","og_type":"article","og_title":"Wine and Art Classic: Frida - Taller de pintura fl\u00faor \u00a1Ven a pintar sin\u00a0experiencia!","og_description":"Pinta Frida Kahlo en Barcelona con acr\u00edlico y vino ilimitado. Vive el Wine and Art Taller de Pintura y Vino. No necesitas experiencia.","og_url":"https:\/\/wineandart-experience.com\/en\/product\/wine-and-art-barcelona-frida-kahlo-pintura-y-vino-barcelona\/","og_site_name":"Taller de pintura fl\u00faor \u00a1Ven a pintar sin\u00a0experiencia!","article_modified_time":"2026-04-20T12:46:31+00:00","og_image":[{"width":738,"height":1024,"url":"https:\/\/wineandart-experience.com\/wp-content\/uploads\/2026\/04\/wineandart-baercelona-tallerdepinturayvino-fridakahlo-738x1024.png","type":"image\/png"}],"twitter_card":"summary_large_image","twitter_misc":{"Estimated reading time":"3 minutes"},"schema":{"@context":"https:\/\/schema.org","@graph":[{"@type":"WebPage","@id":"https:\/\/wineandart-experience.com\/producto\/wine-and-art-barcelona-frida-kahlo-pintura-y-vino-barcelona\/","url":"https:\/\/wineandart-experience.com\/producto\/wine-and-art-barcelona-frida-kahlo-pintura-y-vino-barcelona\/","name":"Wine and Art Classic: Frida - Taller de pintura fl\u00faor \u00a1Ven a pintar sin\u00a0experiencia!","isPartOf":{"@id":"https:\/\/wineandart-experience.com\/#website"},"primaryImageOfPage":{"@id":"https:\/\/wineandart-experience.com\/producto\/wine-and-art-barcelona-frida-kahlo-pintura-y-vino-barcelona\/#primaryimage"},"image":{"@id":"https:\/\/wineandart-experience.com\/producto\/wine-and-art-barcelona-frida-kahlo-pintura-y-vino-barcelona\/#primaryimage"},"thumbnailUrl":"https:\/\/wineandart-experience.com\/wp-content\/uploads\/2026\/04\/wineandart-baercelona-tallerdepinturayvino-fridakahlo.png","datePublished":"2026-04-20T12:01:47+00:00","dateModified":"2026-04-20T12:46:31+00:00","description":"Pinta Frida Kahlo en Barcelona con acr\u00edlico y vino ilimitado. Vive el Wine and Art Taller de Pintura y Vino. No necesitas experiencia.","breadcrumb":{"@id":"https:\/\/wineandart-experience.com\/producto\/wine-and-art-barcelona-frida-kahlo-pintura-y-vino-barcelona\/#breadcrumb"},"inLanguage":"en-GB","potentialAction":[{"@type":"ReadAction","target":["https:\/\/wineandart-experience.com\/producto\/wine-and-art-barcelona-frida-kahlo-pintura-y-vino-barcelona\/"]}]},{"@type":"ImageObject","inLanguage":"en-GB","@id":"https:\/\/wineandart-experience.com\/producto\/wine-and-art-barcelona-frida-kahlo-pintura-y-vino-barcelona\/#primaryimage","url":"https:\/\/wineandart-experience.com\/wp-content\/uploads\/2026\/04\/wineandart-baercelona-tallerdepinturayvino-fridakahlo.png","contentUrl":"https:\/\/wineandart-experience.com\/wp-content\/uploads\/2026\/04\/wineandart-baercelona-tallerdepinturayvino-fridakahlo.png","width":1065,"height":1477,"caption":"Pinta tu versi\u00f3n de Frida Kahlo en un Wine and Art Taller de Pintura y Vino en Barcelona"},{"@type":"BreadcrumbList","@id":"https:\/\/wineandart-experience.com\/producto\/wine-and-art-barcelona-frida-kahlo-pintura-y-vino-barcelona\/#breadcrumb","itemListElement":[{"@type":"ListItem","position":1,"name":"Portada","item":"https:\/\/wineandart-experience.com\/"},{"@type":"ListItem","position":2,"name":"Productos","item":"https:\/\/wineandart-experience.com\/shop\/"},{"@type":"ListItem","position":3,"name":"Wine and Art Classic: Frida"}]},{"@type":"WebSite","@id":"https:\/\/wineandart-experience.com\/#website","url":"https:\/\/wineandart-experience.com\/","name":"Taller de pintura fl\u00faor \u00a1Ven a pintar sin\u00a0experiencia!","description":"Taller de pintura fl\u00faor Barcelona","publisher":{"@id":"https:\/\/wineandart-experience.com\/#organization"},"potentialAction":[{"@type":"SearchAction","target":{"@type":"EntryPoint","urlTemplate":"https:\/\/wineandart-experience.com\/?s={search_term_string}"},"query-input":{"@type":"PropertyValueSpecification","valueRequired":true,"valueName":"search_term_string"}}],"inLanguage":"en-GB"},{"@type":"Organization","@id":"https:\/\/wineandart-experience.com\/#organization","name":"Taller de pintura fl\u00faor \u00a1Ven a pintar sin\u00a0experiencia!","url":"https:\/\/wineandart-experience.com\/","logo":{"@type":"ImageObject","inLanguage":"en-GB","@id":"https:\/\/wineandart-experience.com\/#\/schema\/logo\/image\/","url":"https:\/\/wineandart-experience.com\/wp-content\/uploads\/2023\/07\/cropped-WhatsApp-Image-2023-07-28-at-2.34.26-PM.jpeg","contentUrl":"https:\/\/wineandart-experience.com\/wp-content\/uploads\/2023\/07\/cropped-WhatsApp-Image-2023-07-28-at-2.34.26-PM.jpeg","width":499,"height":495,"caption":"Taller de pintura fl\u00faor \u00a1Ven a pintar sin\u00a0experiencia!"},"image":{"@id":"https:\/\/wineandart-experience.com\/#\/schema\/logo\/image\/"}}]}},"_links":{"self":[{"href":"https:\/\/wineandart-experience.com\/en\/wp-json\/wp\/v2\/product\/18615","targetHints":{"allow":["GET"]}}],"collection":[{"href":"https:\/\/wineandart-experience.com\/en\/wp-json\/wp\/v2\/product"}],"about":[{"href":"https:\/\/wineandart-experience.com\/en\/wp-json\/wp\/v2\/types\/product"}],"version-history":[{"count":0,"href":"https:\/\/wineandart-experience.com\/en\/wp-json\/wp\/v2\/product\/18615\/revisions"}],"wp:featuredmedia":[{"embeddable":true,"href":"https:\/\/wineandart-experience.com\/en\/wp-json\/wp\/v2\/media\/18616"}],"wp:attachment":[{"href":"https:\/\/wineandart-experience.com\/en\/wp-json\/wp\/v2\/media?parent=18615"}],"wp:term":[{"taxonomy":"product_cat","embeddable":true,"href":"https:\/\/wineandart-experience.com\/en\/wp-json\/wp\/v2\/product_cat?post=18615"},{"taxonomy":"product_tag","embeddable":true,"href":"https:\/\/wineandart-experience.com\/en\/wp-json\/wp\/v2\/product_tag?post=18615"}],"curies":[{"name":"wp","href":"https:\/\/api.w.org\/{rel}","templated":true}]}}