{"id":18652,"date":"2026-04-21T15:55:25","date_gmt":"2026-04-21T13:55:25","guid":{"rendered":"https:\/\/wineandart-experience.com\/?post_type=product&#038;p=18652"},"modified":"2026-04-21T15:58:29","modified_gmt":"2026-04-21T13:58:29","slug":"wine-and-artteam-building-barcelona-11-people-copia","status":"publish","type":"product","link":"https:\/\/wineandart-experience.com\/en\/product\/wine-and-artteam-building-barcelona-11-people-copia\/","title":{"rendered":"Wine and Art: Team Building (Reservado)"},"content":{"rendered":"<h1 style=\"text-align: center;\" data-start=\"306\" data-end=\"366\"><strong data-start=\"311\" data-end=\"364\">Team Building Barcelona\u00a0<\/strong><\/h1>\n<h2 style=\"text-align: center;\" data-start=\"306\" data-end=\"366\"><strong data-start=\"311\" data-end=\"364\">Evento corporativo con Wine and Art Experience<\/strong><\/h2>\n<p data-start=\"367\" data-end=\"451\"><strong data-start=\"367\" data-end=\"451\">Creatividad, vino y una experiencia \u00fanica para tu equipo en el coraz\u00f3n de Gr\u00e0cia<\/strong><\/p>\n<p data-start=\"453\" data-end=\"819\">In <em><a href=\"https:\/\/wineandart-experience.com\/en\/\"><strong data-start=\"456\" data-end=\"483\">Wine and Art Experience<\/strong><\/a><\/em> transformamos tu sesi\u00f3n de <strong data-start=\"511\" data-end=\"541\">Team Building in Barcelona<\/strong> en un momento inolvidable donde creatividad, diversi\u00f3n y conexi\u00f3n se unen de forma natural.<br data-start=\"633\" data-end=\"636\" \/>Ya sea para reforzar v\u00ednculos, celebrar logros o simplemente desconectar de la rutina, nuestras experiencias combinan arte, vino y un ambiente relajado que inspira a cualquier equipo.<\/p>\n<h2 data-start=\"826\" data-end=\"889\">\ud83c\udfa8 <strong data-start=\"832\" data-end=\"889\">Experiencias disponibles para tu Team Building Barcelona<\/strong><\/h2>\n<p>&nbsp;<\/p>\n<h2 data-start=\"826\" data-end=\"889\">\u2b50 1. Cuadro Ne\u00f3n o Acr\u00edlico Est\u00e1ndar (2,5 h)- 11 participantes<\/h2>\n<p data-start=\"942\" data-end=\"1144\">Elige entre 14 cuadros diferentes \u2014en versi\u00f3n ne\u00f3n o est\u00e1ndar\u2014 y sigue un paso a paso guiado por nuestros artistas. Una actividad perfecta para relajarse, descubrir talentos ocultos y crear arte juntos.<\/p>\n<h2 data-start=\"1704\" data-end=\"1750\">\ud83c\udf77 <strong data-start=\"1710\" data-end=\"1750\">Todo incluido para tu evento privado<\/strong><\/h2>\n<ul data-start=\"1751\" data-end=\"2001\">\n<li data-start=\"1751\" data-end=\"1784\">\n<p data-start=\"1753\" data-end=\"1784\">Unlimited white or red wine<\/p>\n<\/li>\n<li data-start=\"1785\" data-end=\"1846\">\n<p data-start=\"1787\" data-end=\"1846\">Bebidas sin alcohol: Coca-Cola Zero, Fanta Naranja o agua<\/p>\n<\/li>\n<li data-start=\"1847\" data-end=\"1893\">\n<p data-start=\"1849\" data-end=\"1893\">Todos los materiales art\u00edsticos y delantal (torso)<\/p>\n<\/li>\n<li data-start=\"1894\" data-end=\"1938\">\n<p data-start=\"1896\" data-end=\"1938\">Artista profesional guiando la actividad (opci\u00f3n castellano, ingles, e italiano).<\/p>\n<\/li>\n<li data-start=\"1939\" data-end=\"2001\">\n<p data-start=\"1941\" data-end=\"2001\">Playlist especial y espacio creativo en el centro de Gr\u00e0cia<\/p>\n<\/li>\n<\/ul>\n<h2 data-start=\"2066\" data-end=\"2113\">\ud83d\udcc5 <strong data-start=\"2072\" data-end=\"2113\">Reservas para Team Building Barcelona<\/strong><\/h2>\n<p data-start=\"2114\" data-end=\"2215\">Las reservas se confirman <strong data-start=\"2140\" data-end=\"2166\">por orden de solicitud<\/strong>, por lo que recomendamos hacerlo con antelaci\u00f3n.<\/p>\n<p data-start=\"2217\" data-end=\"2330\">","protected":false},"excerpt":{"rendered":"<div class=\"font-semibold select-none\">\n<div class=\"font-semibold select-none\">Descubre <strong data-start=\"532\" data-end=\"545\">Real Glow<\/strong>, el taller de wine art en Barcelona para pintar un pavo real fluorescente bajo luz negra. Creatividad, ambiente social y arte que brilla.<\/div>\n<\/div>","protected":false},"featured_media":14257,"template":"","meta":{"_acf_changed":false},"product_cat":[20],"product_tag":[],"class_list":{"0":"post-18652","1":"product","2":"type-product","3":"status-publish","4":"has-post-thumbnail","6":"product_cat-barcelona","8":"first","9":"instock","10":"shipping-taxable","11":"purchasable","12":"product-type-simple"},"acf":{"producto_hora":"18:30-21 h","producto_lugar":"Carrer del Torrent de l'Olla, 66, 08012","product_date":"20260617","hora_inicio":"","hora_fin":""},"yoast_head":"<!-- This site is optimized with the Yoast SEO plugin v27.2 - https:\/\/yoast.com\/product\/yoast-seo-wordpress\/ -->\n<title>Wine and Art: Team Building (Reservado) - Taller de pintura fl\u00faor \u00a1Ven a pintar sin\u00a0experiencia!<\/title>\n<meta name=\"description\" content=\"Vive un Team Building en Barcelona \u00fanico: arte, vino y experiencias creativas para empresas. Reserva tu actividad privada en Wine and Art Experience.\" \/>\n<meta name=\"robots\" content=\"index, follow, max-snippet:-1, max-image-preview:large, max-video-preview:-1\" \/>\n<link rel=\"canonical\" href=\"https:\/\/wineandart-experience.com\/en\/product\/wine-and-artteam-building-barcelona-11-people-copia\/\" \/>\n<meta property=\"og:locale\" content=\"en_GB\" \/>\n<meta property=\"og:type\" content=\"article\" \/>\n<meta property=\"og:title\" content=\"Wine and Art: Team Building (Reservado) - Taller de pintura fl\u00faor \u00a1Ven a pintar sin\u00a0experiencia!\" \/>\n<meta property=\"og:description\" content=\"Vive un Team Building en Barcelona \u00fanico: arte, vino y experiencias creativas para empresas. Reserva tu actividad privada en Wine and Art Experience.\" \/>\n<meta property=\"og:url\" content=\"https:\/\/wineandart-experience.com\/en\/product\/wine-and-artteam-building-barcelona-11-people-copia\/\" \/>\n<meta property=\"og:site_name\" content=\"Taller de pintura fl\u00faor \u00a1Ven a pintar sin\u00a0experiencia!\" \/>\n<meta property=\"article:modified_time\" content=\"2026-04-21T13:58:29+00:00\" \/>\n<meta property=\"og:image\" content=\"https:\/\/wineandart-experience.com\/wp-content\/uploads\/2025\/06\/team-building-barcelona-1.png\" \/>\n\t<meta property=\"og:image:width\" content=\"1080\" \/>\n\t<meta property=\"og:image:height\" content=\"1080\" \/>\n\t<meta property=\"og:image:type\" content=\"image\/png\" \/>\n<meta name=\"twitter:card\" content=\"summary_large_image\" \/>\n<meta name=\"twitter:label1\" content=\"Estimated reading time\" \/>\n\t<meta name=\"twitter:data1\" content=\"2 minutes\" \/>\n<script type=\"application\/ld+json\" class=\"yoast-schema-graph\">{\"@context\":\"https:\/\/schema.org\",\"@graph\":[{\"@type\":\"WebPage\",\"@id\":\"https:\/\/wineandart-experience.com\/producto\/wine-and-artteam-building-barcelona-11-people-copia\/\",\"url\":\"https:\/\/wineandart-experience.com\/producto\/wine-and-artteam-building-barcelona-11-people-copia\/\",\"name\":\"Wine and Art: Team Building (Reservado) - Taller de pintura fl\u00faor \u00a1Ven a pintar sin\u00a0experiencia!\",\"isPartOf\":{\"@id\":\"https:\/\/wineandart-experience.com\/#website\"},\"primaryImageOfPage\":{\"@id\":\"https:\/\/wineandart-experience.com\/producto\/wine-and-artteam-building-barcelona-11-people-copia\/#primaryimage\"},\"image\":{\"@id\":\"https:\/\/wineandart-experience.com\/producto\/wine-and-artteam-building-barcelona-11-people-copia\/#primaryimage\"},\"thumbnailUrl\":\"https:\/\/wineandart-experience.com\/wp-content\/uploads\/2025\/06\/team-building-barcelona-1.png\",\"datePublished\":\"2026-04-21T13:55:25+00:00\",\"dateModified\":\"2026-04-21T13:58:29+00:00\",\"description\":\"Vive un Team Building en Barcelona \u00fanico: arte, vino y experiencias creativas para empresas. Reserva tu actividad privada en Wine and Art Experience.\",\"breadcrumb\":{\"@id\":\"https:\/\/wineandart-experience.com\/producto\/wine-and-artteam-building-barcelona-11-people-copia\/#breadcrumb\"},\"inLanguage\":\"en-GB\",\"potentialAction\":[{\"@type\":\"ReadAction\",\"target\":[\"https:\/\/wineandart-experience.com\/producto\/wine-and-artteam-building-barcelona-11-people-copia\/\"]}]},{\"@type\":\"ImageObject\",\"inLanguage\":\"en-GB\",\"@id\":\"https:\/\/wineandart-experience.com\/producto\/wine-and-artteam-building-barcelona-11-people-copia\/#primaryimage\",\"url\":\"https:\/\/wineandart-experience.com\/wp-content\/uploads\/2025\/06\/team-building-barcelona-1.png\",\"contentUrl\":\"https:\/\/wineandart-experience.com\/wp-content\/uploads\/2025\/06\/team-building-barcelona-1.png\",\"width\":1080,\"height\":1080,\"caption\":\"Team Building Barcelona en Wine and Art Experience.\"},{\"@type\":\"BreadcrumbList\",\"@id\":\"https:\/\/wineandart-experience.com\/producto\/wine-and-artteam-building-barcelona-11-people-copia\/#breadcrumb\",\"itemListElement\":[{\"@type\":\"ListItem\",\"position\":1,\"name\":\"Portada\",\"item\":\"https:\/\/wineandart-experience.com\/\"},{\"@type\":\"ListItem\",\"position\":2,\"name\":\"Productos\",\"item\":\"https:\/\/wineandart-experience.com\/shop\/\"},{\"@type\":\"ListItem\",\"position\":3,\"name\":\"Wine and Art: Team Building (Reservado)\"}]},{\"@type\":\"WebSite\",\"@id\":\"https:\/\/wineandart-experience.com\/#website\",\"url\":\"https:\/\/wineandart-experience.com\/\",\"name\":\"Taller de pintura fl\u00faor \u00a1Ven a pintar sin\u00a0experiencia!\",\"description\":\"Taller de pintura fl\u00faor Barcelona\",\"publisher\":{\"@id\":\"https:\/\/wineandart-experience.com\/#organization\"},\"potentialAction\":[{\"@type\":\"SearchAction\",\"target\":{\"@type\":\"EntryPoint\",\"urlTemplate\":\"https:\/\/wineandart-experience.com\/?s={search_term_string}\"},\"query-input\":{\"@type\":\"PropertyValueSpecification\",\"valueRequired\":true,\"valueName\":\"search_term_string\"}}],\"inLanguage\":\"en-GB\"},{\"@type\":\"Organization\",\"@id\":\"https:\/\/wineandart-experience.com\/#organization\",\"name\":\"Taller de pintura fl\u00faor \u00a1Ven a pintar sin\u00a0experiencia!\",\"url\":\"https:\/\/wineandart-experience.com\/\",\"logo\":{\"@type\":\"ImageObject\",\"inLanguage\":\"en-GB\",\"@id\":\"https:\/\/wineandart-experience.com\/#\/schema\/logo\/image\/\",\"url\":\"https:\/\/wineandart-experience.com\/wp-content\/uploads\/2023\/07\/cropped-WhatsApp-Image-2023-07-28-at-2.34.26-PM.jpeg\",\"contentUrl\":\"https:\/\/wineandart-experience.com\/wp-content\/uploads\/2023\/07\/cropped-WhatsApp-Image-2023-07-28-at-2.34.26-PM.jpeg\",\"width\":499,\"height\":495,\"caption\":\"Taller de pintura fl\u00faor \u00a1Ven a pintar sin\u00a0experiencia!\"},\"image\":{\"@id\":\"https:\/\/wineandart-experience.com\/#\/schema\/logo\/image\/\"}}]}<\/script>\n<!-- \/ Yoast SEO plugin. -->","yoast_head_json":{"title":"Wine and Art: Team Building (Reservado) - Taller de pintura fl\u00faor \u00a1Ven a pintar sin\u00a0experiencia!","description":"Vive un Team Building en Barcelona \u00fanico: arte, vino y experiencias creativas para empresas. Reserva tu actividad privada en Wine and Art Experience.","robots":{"index":"index","follow":"follow","max-snippet":"max-snippet:-1","max-image-preview":"max-image-preview:large","max-video-preview":"max-video-preview:-1"},"canonical":"https:\/\/wineandart-experience.com\/en\/product\/wine-and-artteam-building-barcelona-11-people-copia\/","og_locale":"en_GB","og_type":"article","og_title":"Wine and Art: Team Building (Reservado) - Taller de pintura fl\u00faor \u00a1Ven a pintar sin\u00a0experiencia!","og_description":"Vive un Team Building en Barcelona \u00fanico: arte, vino y experiencias creativas para empresas. Reserva tu actividad privada en Wine and Art Experience.","og_url":"https:\/\/wineandart-experience.com\/en\/product\/wine-and-artteam-building-barcelona-11-people-copia\/","og_site_name":"Taller de pintura fl\u00faor \u00a1Ven a pintar sin\u00a0experiencia!","article_modified_time":"2026-04-21T13:58:29+00:00","og_image":[{"width":1080,"height":1080,"url":"https:\/\/wineandart-experience.com\/wp-content\/uploads\/2025\/06\/team-building-barcelona-1.png","type":"image\/png"}],"twitter_card":"summary_large_image","twitter_misc":{"Estimated reading time":"2 minutes"},"schema":{"@context":"https:\/\/schema.org","@graph":[{"@type":"WebPage","@id":"https:\/\/wineandart-experience.com\/producto\/wine-and-artteam-building-barcelona-11-people-copia\/","url":"https:\/\/wineandart-experience.com\/producto\/wine-and-artteam-building-barcelona-11-people-copia\/","name":"Wine and Art: Team Building (Reservado) - Taller de pintura fl\u00faor \u00a1Ven a pintar sin\u00a0experiencia!","isPartOf":{"@id":"https:\/\/wineandart-experience.com\/#website"},"primaryImageOfPage":{"@id":"https:\/\/wineandart-experience.com\/producto\/wine-and-artteam-building-barcelona-11-people-copia\/#primaryimage"},"image":{"@id":"https:\/\/wineandart-experience.com\/producto\/wine-and-artteam-building-barcelona-11-people-copia\/#primaryimage"},"thumbnailUrl":"https:\/\/wineandart-experience.com\/wp-content\/uploads\/2025\/06\/team-building-barcelona-1.png","datePublished":"2026-04-21T13:55:25+00:00","dateModified":"2026-04-21T13:58:29+00:00","description":"Vive un Team Building en Barcelona \u00fanico: arte, vino y experiencias creativas para empresas. Reserva tu actividad privada en Wine and Art Experience.","breadcrumb":{"@id":"https:\/\/wineandart-experience.com\/producto\/wine-and-artteam-building-barcelona-11-people-copia\/#breadcrumb"},"inLanguage":"en-GB","potentialAction":[{"@type":"ReadAction","target":["https:\/\/wineandart-experience.com\/producto\/wine-and-artteam-building-barcelona-11-people-copia\/"]}]},{"@type":"ImageObject","inLanguage":"en-GB","@id":"https:\/\/wineandart-experience.com\/producto\/wine-and-artteam-building-barcelona-11-people-copia\/#primaryimage","url":"https:\/\/wineandart-experience.com\/wp-content\/uploads\/2025\/06\/team-building-barcelona-1.png","contentUrl":"https:\/\/wineandart-experience.com\/wp-content\/uploads\/2025\/06\/team-building-barcelona-1.png","width":1080,"height":1080,"caption":"Team Building Barcelona en Wine and Art Experience."},{"@type":"BreadcrumbList","@id":"https:\/\/wineandart-experience.com\/producto\/wine-and-artteam-building-barcelona-11-people-copia\/#breadcrumb","itemListElement":[{"@type":"ListItem","position":1,"name":"Portada","item":"https:\/\/wineandart-experience.com\/"},{"@type":"ListItem","position":2,"name":"Productos","item":"https:\/\/wineandart-experience.com\/shop\/"},{"@type":"ListItem","position":3,"name":"Wine and Art: Team Building (Reservado)"}]},{"@type":"WebSite","@id":"https:\/\/wineandart-experience.com\/#website","url":"https:\/\/wineandart-experience.com\/","name":"Taller de pintura fl\u00faor \u00a1Ven a pintar sin\u00a0experiencia!","description":"Taller de pintura fl\u00faor Barcelona","publisher":{"@id":"https:\/\/wineandart-experience.com\/#organization"},"potentialAction":[{"@type":"SearchAction","target":{"@type":"EntryPoint","urlTemplate":"https:\/\/wineandart-experience.com\/?s={search_term_string}"},"query-input":{"@type":"PropertyValueSpecification","valueRequired":true,"valueName":"search_term_string"}}],"inLanguage":"en-GB"},{"@type":"Organization","@id":"https:\/\/wineandart-experience.com\/#organization","name":"Taller de pintura fl\u00faor \u00a1Ven a pintar sin\u00a0experiencia!","url":"https:\/\/wineandart-experience.com\/","logo":{"@type":"ImageObject","inLanguage":"en-GB","@id":"https:\/\/wineandart-experience.com\/#\/schema\/logo\/image\/","url":"https:\/\/wineandart-experience.com\/wp-content\/uploads\/2023\/07\/cropped-WhatsApp-Image-2023-07-28-at-2.34.26-PM.jpeg","contentUrl":"https:\/\/wineandart-experience.com\/wp-content\/uploads\/2023\/07\/cropped-WhatsApp-Image-2023-07-28-at-2.34.26-PM.jpeg","width":499,"height":495,"caption":"Taller de pintura fl\u00faor \u00a1Ven a pintar sin\u00a0experiencia!"},"image":{"@id":"https:\/\/wineandart-experience.com\/#\/schema\/logo\/image\/"}}]}},"_links":{"self":[{"href":"https:\/\/wineandart-experience.com\/en\/wp-json\/wp\/v2\/product\/18652","targetHints":{"allow":["GET"]}}],"collection":[{"href":"https:\/\/wineandart-experience.com\/en\/wp-json\/wp\/v2\/product"}],"about":[{"href":"https:\/\/wineandart-experience.com\/en\/wp-json\/wp\/v2\/types\/product"}],"version-history":[{"count":0,"href":"https:\/\/wineandart-experience.com\/en\/wp-json\/wp\/v2\/product\/18652\/revisions"}],"wp:featuredmedia":[{"embeddable":true,"href":"https:\/\/wineandart-experience.com\/en\/wp-json\/wp\/v2\/media\/14257"}],"wp:attachment":[{"href":"https:\/\/wineandart-experience.com\/en\/wp-json\/wp\/v2\/media?parent=18652"}],"wp:term":[{"taxonomy":"product_cat","embeddable":true,"href":"https:\/\/wineandart-experience.com\/en\/wp-json\/wp\/v2\/product_cat?post=18652"},{"taxonomy":"product_tag","embeddable":true,"href":"https:\/\/wineandart-experience.com\/en\/wp-json\/wp\/v2\/product_tag?post=18652"}],"curies":[{"name":"wp","href":"https:\/\/api.w.org\/{rel}","templated":true}]}}